{"id":497,"date":"2015-03-22T23:53:33","date_gmt":"2015-03-23T03:53:33","guid":{"rendered":"http:\/\/www.lacpoissonblanc.ca\/?page_id=497"},"modified":"2022-07-08T00:33:19","modified_gmt":"2022-07-08T04:33:19","slug":"pour-nous-rejoindre","status":"publish","type":"page","link":"https:\/\/abvdupoissonblanc.ca\/fr\/pour-nous-rejoindre\/","title":{"rendered":"Pour nous rejoindre?"},"content":{"rendered":"<h1><span><a href=\"https:\/\/abvdupoissonblanc.ca\/wp-content\/uploads\/2019\/07\/thinking-clipart-think-about-it-clipart-1.jpg\"><img loading=\"lazy\" decoding=\"async\" class=\"alignnone wp-image-5374\" src=\"https:\/\/abvdupoissonblanc.ca\/wp-content\/uploads\/2019\/07\/thinking-clipart-think-about-it-clipart-1.jpg\" alt=\"\" width=\"208\" height=\"269\" srcset=\"https:\/\/abvdupoissonblanc.ca\/wp-content\/uploads\/2019\/07\/thinking-clipart-think-about-it-clipart-1.jpg 1236w, https:\/\/abvdupoissonblanc.ca\/wp-content\/uploads\/2019\/07\/thinking-clipart-think-about-it-clipart-1-600x777.jpg 600w, https:\/\/abvdupoissonblanc.ca\/wp-content\/uploads\/2019\/07\/thinking-clipart-think-about-it-clipart-1-232x300.jpg 232w, https:\/\/abvdupoissonblanc.ca\/wp-content\/uploads\/2019\/07\/thinking-clipart-think-about-it-clipart-1-768x994.jpg 768w, https:\/\/abvdupoissonblanc.ca\/wp-content\/uploads\/2019\/07\/thinking-clipart-think-about-it-clipart-1-791x1024.jpg 791w\" sizes=\"auto, (max-width: 208px) 100vw, 208px\" \/><\/a><\/span><\/h1>\n<h3><strong><span>ou pour une question?<\/span><\/strong><\/h3>\n<p><span><span id=\"result_box\" class=\"\" lang=\"fr\"><span class=\"\">Si vous avez une<\/span> question \u00e0 propos de l&#8217;association ou de votre lac, n&#8217;h\u00e9sitez pas \u00e0 <span class=\"\">nous contacter<\/span> <span class=\"\">en utilisant le<\/span> formulaire ci-dessous<span class=\"\">.<\/span><\/span><\/span><\/p>\n<p><strong><span class=\"\" lang=\"fr\"><span class=\"\">Si vous<\/span> <span class=\"\">\u00eates int\u00e9ress\u00e9 \u00e0 devenir<\/span> membre<span class=\"\">, cliquez: <span><a href=\"https:\/\/abvdupoissonblanc.ca\/fr\/devenir-membre\/\">ICI<\/a><\/span><\/span><\/span><\/strong><\/p>\n<p><strong>Pour \u00eatre \u00e0 jour \u00e0 propos des nouvelles de votre lac consultez notre page FACEBOOK : Lac Poisson Blanc<\/strong><span><br \/>\n<\/span><\/p>\n<p><span>Avez-vous des id\u00e9es que vous aimeriez partager ?<br \/>\n<\/span><\/p>\n\n<div class=\"wpcf7 no-js\" id=\"wpcf7-f7706-o1\" lang=\"en-US\" dir=\"ltr\" data-wpcf7-id=\"7706\">\n<div class=\"screen-reader-response\"><p role=\"status\" aria-live=\"polite\" aria-atomic=\"true\"><\/p> <ul><\/ul><\/div>\n<form action=\"\/fr\/wp-json\/wp\/v2\/pages\/497#wpcf7-f7706-o1\" method=\"post\" class=\"wpcf7-form init\" aria-label=\"Contact form\" novalidate=\"novalidate\" data-status=\"init\">\n<fieldset class=\"hidden-fields-container\"><input type=\"hidden\" name=\"_wpcf7\" value=\"7706\" \/><input type=\"hidden\" name=\"_wpcf7_version\" value=\"6.1.5\" \/><input type=\"hidden\" name=\"_wpcf7_locale\" value=\"en_US\" \/><input type=\"hidden\" name=\"_wpcf7_unit_tag\" value=\"wpcf7-f7706-o1\" \/><input type=\"hidden\" name=\"_wpcf7_container_post\" value=\"0\" \/><input type=\"hidden\" name=\"_wpcf7_posted_data_hash\" value=\"\" \/>\n<\/fieldset>\n<div class=\"new-cnt-frm\">\n\t<div class=\"row\">\n\t\t<div class=\"col-md-12 col-sm-12 col-xs-12\">\n\t\t\t<p>Nom \/ Name *\n\t\t\t<\/p>\n\t\t<\/div>\n\t\t<div class=\"col-md-6 col-sm-6 col-xs-12\">\n\t\t\t<p><label> <span class=\"wpcf7-form-control-wrap\" data-name=\"first-name\"><input size=\"40\" maxlength=\"400\" class=\"wpcf7-form-control wpcf7-text wpcf7-validates-as-required\" aria-required=\"true\" aria-invalid=\"false\" value=\"\" type=\"text\" name=\"first-name\" \/><\/span> <\/label>\n\t\t\t<\/p>\n\t\t\t<div class=\"sml-txt\">\n\t\t\t\t<p>First\n\t\t\t\t<\/p>\n\t\t\t<\/div>\n\t\t<\/div>\n\t\t<div class=\"col-md-6 col-sm-6 col-xs-12\">\n\t\t\t<p><label> <span class=\"wpcf7-form-control-wrap\" data-name=\"last-name\"><input size=\"40\" maxlength=\"400\" class=\"wpcf7-form-control wpcf7-text wpcf7-validates-as-required\" aria-required=\"true\" aria-invalid=\"false\" value=\"\" type=\"text\" name=\"last-name\" \/><\/span> <\/label>\n\t\t\t<\/p>\n\t\t\t<div class=\"sml-txt\">\n\t\t\t\t<p>Last\n\t\t\t\t<\/p>\n\t\t\t<\/div>\n\t\t<\/div>\n\t<\/div>\n\t<div class=\"row\">\n\t\t<div class=\"col-md-12 col-sm-12 col-xs-12\">\n\t\t\t<p>Courriel \/ Email *<br \/>\n<label> <span class=\"wpcf7-form-control-wrap\" data-name=\"your-email\"><input size=\"40\" maxlength=\"400\" class=\"wpcf7-form-control wpcf7-email wpcf7-validates-as-required wpcf7-text wpcf7-validates-as-email\" aria-required=\"true\" aria-invalid=\"false\" value=\"\" type=\"email\" name=\"your-email\" \/><\/span> <\/label>\n\t\t\t<\/p>\n\t\t<\/div>\n\t<\/div>\n\t<div class=\"row\">\n\t\t<div class=\"col-md-12 col-sm-12 col-xs-12\">\n\t\t\t<p>\u00c0 propos de \/ Subject<br \/>\n<label> <span class=\"wpcf7-form-control-wrap\" data-name=\"your-subject\"><input size=\"40\" maxlength=\"400\" class=\"wpcf7-form-control wpcf7-text wpcf7-validates-as-required\" aria-required=\"true\" aria-invalid=\"false\" value=\"\" type=\"text\" name=\"your-subject\" \/><\/span> <\/label>\n\t\t\t<\/p>\n\t\t<\/div>\n\t<\/div>\n\t<div class=\"row\">\n\t\t<div class=\"col-md-12 col-sm-12 col-xs-12\">\n\t\t\t<p>Message<br \/>\n<label> <span class=\"wpcf7-form-control-wrap\" data-name=\"your-message\"><textarea cols=\"40\" rows=\"10\" maxlength=\"2000\" class=\"wpcf7-form-control wpcf7-textarea\" aria-invalid=\"false\" name=\"your-message\"><\/textarea><\/span> <\/label>\n\t\t\t<\/p>\n\t\t<\/div>\n\t<\/div>\n\t<div class=\"row\">\n\t\t<div class=\"col-md-12 col-sm-12 col-xs-12\">\n\t\t\t<p>Anti-Spam<br \/>\n<label> <span class=\"wpcf7-form-control-wrap\" data-name=\"quiz-58\"><label><span class=\"wpcf7-quiz-label\">2-1<\/span> <input size=\"40\" class=\"wpcf7-form-control wpcf7-quiz\" autocomplete=\"off\" aria-required=\"true\" aria-invalid=\"false\" type=\"text\" name=\"quiz-58\" \/><\/label><input type=\"hidden\" name=\"_wpcf7_quiz_answer_quiz-58\" value=\"cffdf5e26b1f6419fd25027cde7de67a\" \/><\/span><\/label>\n\t\t\t<\/p>\n\t\t<\/div>\n\t<\/div>\n\t<div class=\"row\">\n\t\t<div class=\"col-md-12 col-sm-12 col-xs-12\">\n\t\t\t<p><div id=\"cf7sr-69e8ae484b2d5\" class=\"cf7sr-g-recaptcha\" data-theme=\"light\" data-type=\"image\" data-size=\"normal\" data-sitekey=\"6LffoYUaAAAAAHDbKF4dnH4tw4awv1YYY2y2lkF4\"><\/div><span class=\"wpcf7-form-control-wrap cf7sr-recaptcha\" data-name=\"cf7sr-recaptcha\"><input type=\"hidden\" name=\"cf7sr-recaptcha\" value=\"\" class=\"wpcf7-form-control\"><\/span>\n\t\t\t<\/p>\n\t\t<\/div>\n\t<\/div>\n\t<p><input class=\"wpcf7-form-control wpcf7-submit has-spinner\" type=\"submit\" value=\"Envoy\u00e9 \/ Send\" \/>\n\t<\/p>\n<\/div><div class=\"wpcf7-response-output\" aria-hidden=\"true\"><\/div>\n<\/form>\n<\/div>\n\n","protected":false},"excerpt":{"rendered":"<p>ou pour une question? Si vous avez une question \u00e0 propos de l&#8217;association ou de votre lac, n&#8217;h\u00e9sitez pas \u00e0 nous contacter en utilisant le formulaire ci-dessous. Si vous \u00eates int\u00e9ress\u00e9 \u00e0 devenir membre, cliquez: ICI Pour \u00eatre \u00e0 jour \u00e0 propos des nouvelles de votre lac consultez notre page FACEBOOK : Lac Poisson Blanc [&hellip;]<\/p>\n","protected":false},"author":1,"featured_media":0,"parent":0,"menu_order":0,"comment_status":"closed","ping_status":"closed","template":"","meta":{"footnotes":""},"class_list":["post-497","page","type-page","status-publish","hentry"],"yoast_head":"<!-- This site is optimized with the Yoast SEO plugin v27.4 - https:\/\/yoast.com\/product\/yoast-seo-wordpress\/ -->\n<title>Pour nous rejoindre? - Association lac Poisson-Blanc<\/title>\n<meta name=\"robots\" content=\"index, follow, max-snippet:-1, max-image-preview:large, max-video-preview:-1\" \/>\n<link rel=\"canonical\" href=\"https:\/\/abvdupoissonblanc.ca\/fr\/pour-nous-rejoindre\/\" \/>\n<meta property=\"og:locale\" content=\"fr_FR\" \/>\n<meta property=\"og:type\" content=\"article\" \/>\n<meta property=\"og:title\" content=\"Pour nous rejoindre? - Association lac Poisson-Blanc\" \/>\n<meta property=\"og:description\" content=\"ou pour une question? Si vous avez une question \u00e0 propos de l&#8217;association ou de votre lac, n&#8217;h\u00e9sitez pas \u00e0 nous contacter en utilisant le formulaire ci-dessous. Si vous \u00eates int\u00e9ress\u00e9 \u00e0 devenir membre, cliquez: ICI Pour \u00eatre \u00e0 jour \u00e0 propos des nouvelles de votre lac consultez notre page FACEBOOK : Lac Poisson Blanc [&hellip;]\" \/>\n<meta property=\"og:url\" content=\"https:\/\/abvdupoissonblanc.ca\/fr\/pour-nous-rejoindre\/\" \/>\n<meta property=\"og:site_name\" content=\"Association lac Poisson-Blanc\" \/>\n<meta property=\"article:publisher\" content=\"https:\/\/www.facebook.com\/groups\/LacPoissonBlanc\/\" \/>\n<meta property=\"article:modified_time\" content=\"2022-07-08T04:33:19+00:00\" \/>\n<meta property=\"og:image\" content=\"https:\/\/abvdupoissonblanc.ca\/wp-content\/uploads\/2019\/07\/thinking-clipart-think-about-it-clipart-1.jpg\" \/>\n<meta name=\"twitter:label1\" content=\"Dur\u00e9e de lecture estim\u00e9e\" \/>\n\t<meta name=\"twitter:data1\" content=\"1 minute\" \/>\n<script type=\"application\/ld+json\" class=\"yoast-schema-graph\">{\"@context\":\"https:\\\/\\\/schema.org\",\"@graph\":[{\"@type\":\"WebPage\",\"@id\":\"https:\\\/\\\/abvdupoissonblanc.ca\\\/fr\\\/pour-nous-rejoindre\\\/\",\"url\":\"https:\\\/\\\/abvdupoissonblanc.ca\\\/fr\\\/pour-nous-rejoindre\\\/\",\"name\":\"Pour nous rejoindre? - Association lac Poisson-Blanc\",\"isPartOf\":{\"@id\":\"https:\\\/\\\/abvdupoissonblanc.ca\\\/fr\\\/#website\"},\"primaryImageOfPage\":{\"@id\":\"https:\\\/\\\/abvdupoissonblanc.ca\\\/fr\\\/pour-nous-rejoindre\\\/#primaryimage\"},\"image\":{\"@id\":\"https:\\\/\\\/abvdupoissonblanc.ca\\\/fr\\\/pour-nous-rejoindre\\\/#primaryimage\"},\"thumbnailUrl\":\"https:\\\/\\\/abvdupoissonblanc.ca\\\/wp-content\\\/uploads\\\/2019\\\/07\\\/thinking-clipart-think-about-it-clipart-1.jpg\",\"datePublished\":\"2015-03-23T03:53:33+00:00\",\"dateModified\":\"2022-07-08T04:33:19+00:00\",\"breadcrumb\":{\"@id\":\"https:\\\/\\\/abvdupoissonblanc.ca\\\/fr\\\/pour-nous-rejoindre\\\/#breadcrumb\"},\"inLanguage\":\"fr-FR\",\"potentialAction\":[{\"@type\":\"ReadAction\",\"target\":[\"https:\\\/\\\/abvdupoissonblanc.ca\\\/fr\\\/pour-nous-rejoindre\\\/\"]}]},{\"@type\":\"ImageObject\",\"inLanguage\":\"fr-FR\",\"@id\":\"https:\\\/\\\/abvdupoissonblanc.ca\\\/fr\\\/pour-nous-rejoindre\\\/#primaryimage\",\"url\":\"https:\\\/\\\/abvdupoissonblanc.ca\\\/wp-content\\\/uploads\\\/2019\\\/07\\\/thinking-clipart-think-about-it-clipart-1.jpg\",\"contentUrl\":\"https:\\\/\\\/abvdupoissonblanc.ca\\\/wp-content\\\/uploads\\\/2019\\\/07\\\/thinking-clipart-think-about-it-clipart-1.jpg\"},{\"@type\":\"BreadcrumbList\",\"@id\":\"https:\\\/\\\/abvdupoissonblanc.ca\\\/fr\\\/pour-nous-rejoindre\\\/#breadcrumb\",\"itemListElement\":[{\"@type\":\"ListItem\",\"position\":1,\"name\":\"Home\",\"item\":\"https:\\\/\\\/abvdupoissonblanc.ca\\\/fr\\\/\"},{\"@type\":\"ListItem\",\"position\":2,\"name\":\"Pour nous rejoindre?\"}]},{\"@type\":\"WebSite\",\"@id\":\"https:\\\/\\\/abvdupoissonblanc.ca\\\/fr\\\/#website\",\"url\":\"https:\\\/\\\/abvdupoissonblanc.ca\\\/fr\\\/\",\"name\":\"Association lac Poisson-Blanc\",\"description\":\"\",\"publisher\":{\"@id\":\"https:\\\/\\\/abvdupoissonblanc.ca\\\/fr\\\/#organization\"},\"potentialAction\":[{\"@type\":\"SearchAction\",\"target\":{\"@type\":\"EntryPoint\",\"urlTemplate\":\"https:\\\/\\\/abvdupoissonblanc.ca\\\/fr\\\/?s={search_term_string}\"},\"query-input\":{\"@type\":\"PropertyValueSpecification\",\"valueRequired\":true,\"valueName\":\"search_term_string\"}}],\"inLanguage\":\"fr-FR\"},{\"@type\":\"Organization\",\"@id\":\"https:\\\/\\\/abvdupoissonblanc.ca\\\/fr\\\/#organization\",\"name\":\"Association lac Poisson-Blanc\",\"url\":\"https:\\\/\\\/abvdupoissonblanc.ca\\\/fr\\\/\",\"logo\":{\"@type\":\"ImageObject\",\"inLanguage\":\"fr-FR\",\"@id\":\"https:\\\/\\\/abvdupoissonblanc.ca\\\/fr\\\/#\\\/schema\\\/logo\\\/image\\\/\",\"url\":\"https:\\\/\\\/abvdupoissonblanc.ca\\\/wp-content\\\/uploads\\\/2020\\\/06\\\/lacpoissonblanc-1.png\",\"contentUrl\":\"https:\\\/\\\/abvdupoissonblanc.ca\\\/wp-content\\\/uploads\\\/2020\\\/06\\\/lacpoissonblanc-1.png\",\"width\":314,\"height\":169,\"caption\":\"Association lac Poisson-Blanc\"},\"image\":{\"@id\":\"https:\\\/\\\/abvdupoissonblanc.ca\\\/fr\\\/#\\\/schema\\\/logo\\\/image\\\/\"},\"sameAs\":[\"https:\\\/\\\/www.facebook.com\\\/groups\\\/LacPoissonBlanc\\\/\"]}]}<\/script>\n<!-- \/ Yoast SEO plugin. -->","yoast_head_json":{"title":"Pour nous rejoindre? - Association lac Poisson-Blanc","robots":{"index":"index","follow":"follow","max-snippet":"max-snippet:-1","max-image-preview":"max-image-preview:large","max-video-preview":"max-video-preview:-1"},"canonical":"https:\/\/abvdupoissonblanc.ca\/fr\/pour-nous-rejoindre\/","og_locale":"fr_FR","og_type":"article","og_title":"Pour nous rejoindre? - Association lac Poisson-Blanc","og_description":"ou pour une question? Si vous avez une question \u00e0 propos de l&#8217;association ou de votre lac, n&#8217;h\u00e9sitez pas \u00e0 nous contacter en utilisant le formulaire ci-dessous. Si vous \u00eates int\u00e9ress\u00e9 \u00e0 devenir membre, cliquez: ICI Pour \u00eatre \u00e0 jour \u00e0 propos des nouvelles de votre lac consultez notre page FACEBOOK : Lac Poisson Blanc [&hellip;]","og_url":"https:\/\/abvdupoissonblanc.ca\/fr\/pour-nous-rejoindre\/","og_site_name":"Association lac Poisson-Blanc","article_publisher":"https:\/\/www.facebook.com\/groups\/LacPoissonBlanc\/","article_modified_time":"2022-07-08T04:33:19+00:00","og_image":[{"url":"https:\/\/abvdupoissonblanc.ca\/wp-content\/uploads\/2019\/07\/thinking-clipart-think-about-it-clipart-1.jpg","type":"","width":"","height":""}],"twitter_misc":{"Dur\u00e9e de lecture estim\u00e9e":"1 minute"},"schema":{"@context":"https:\/\/schema.org","@graph":[{"@type":"WebPage","@id":"https:\/\/abvdupoissonblanc.ca\/fr\/pour-nous-rejoindre\/","url":"https:\/\/abvdupoissonblanc.ca\/fr\/pour-nous-rejoindre\/","name":"Pour nous rejoindre? - Association lac Poisson-Blanc","isPartOf":{"@id":"https:\/\/abvdupoissonblanc.ca\/fr\/#website"},"primaryImageOfPage":{"@id":"https:\/\/abvdupoissonblanc.ca\/fr\/pour-nous-rejoindre\/#primaryimage"},"image":{"@id":"https:\/\/abvdupoissonblanc.ca\/fr\/pour-nous-rejoindre\/#primaryimage"},"thumbnailUrl":"https:\/\/abvdupoissonblanc.ca\/wp-content\/uploads\/2019\/07\/thinking-clipart-think-about-it-clipart-1.jpg","datePublished":"2015-03-23T03:53:33+00:00","dateModified":"2022-07-08T04:33:19+00:00","breadcrumb":{"@id":"https:\/\/abvdupoissonblanc.ca\/fr\/pour-nous-rejoindre\/#breadcrumb"},"inLanguage":"fr-FR","potentialAction":[{"@type":"ReadAction","target":["https:\/\/abvdupoissonblanc.ca\/fr\/pour-nous-rejoindre\/"]}]},{"@type":"ImageObject","inLanguage":"fr-FR","@id":"https:\/\/abvdupoissonblanc.ca\/fr\/pour-nous-rejoindre\/#primaryimage","url":"https:\/\/abvdupoissonblanc.ca\/wp-content\/uploads\/2019\/07\/thinking-clipart-think-about-it-clipart-1.jpg","contentUrl":"https:\/\/abvdupoissonblanc.ca\/wp-content\/uploads\/2019\/07\/thinking-clipart-think-about-it-clipart-1.jpg"},{"@type":"BreadcrumbList","@id":"https:\/\/abvdupoissonblanc.ca\/fr\/pour-nous-rejoindre\/#breadcrumb","itemListElement":[{"@type":"ListItem","position":1,"name":"Home","item":"https:\/\/abvdupoissonblanc.ca\/fr\/"},{"@type":"ListItem","position":2,"name":"Pour nous rejoindre?"}]},{"@type":"WebSite","@id":"https:\/\/abvdupoissonblanc.ca\/fr\/#website","url":"https:\/\/abvdupoissonblanc.ca\/fr\/","name":"Association lac Poisson-Blanc","description":"","publisher":{"@id":"https:\/\/abvdupoissonblanc.ca\/fr\/#organization"},"potentialAction":[{"@type":"SearchAction","target":{"@type":"EntryPoint","urlTemplate":"https:\/\/abvdupoissonblanc.ca\/fr\/?s={search_term_string}"},"query-input":{"@type":"PropertyValueSpecification","valueRequired":true,"valueName":"search_term_string"}}],"inLanguage":"fr-FR"},{"@type":"Organization","@id":"https:\/\/abvdupoissonblanc.ca\/fr\/#organization","name":"Association lac Poisson-Blanc","url":"https:\/\/abvdupoissonblanc.ca\/fr\/","logo":{"@type":"ImageObject","inLanguage":"fr-FR","@id":"https:\/\/abvdupoissonblanc.ca\/fr\/#\/schema\/logo\/image\/","url":"https:\/\/abvdupoissonblanc.ca\/wp-content\/uploads\/2020\/06\/lacpoissonblanc-1.png","contentUrl":"https:\/\/abvdupoissonblanc.ca\/wp-content\/uploads\/2020\/06\/lacpoissonblanc-1.png","width":314,"height":169,"caption":"Association lac Poisson-Blanc"},"image":{"@id":"https:\/\/abvdupoissonblanc.ca\/fr\/#\/schema\/logo\/image\/"},"sameAs":["https:\/\/www.facebook.com\/groups\/LacPoissonBlanc\/"]}]}},"_links":{"self":[{"href":"https:\/\/abvdupoissonblanc.ca\/fr\/wp-json\/wp\/v2\/pages\/497","targetHints":{"allow":["GET"]}}],"collection":[{"href":"https:\/\/abvdupoissonblanc.ca\/fr\/wp-json\/wp\/v2\/pages"}],"about":[{"href":"https:\/\/abvdupoissonblanc.ca\/fr\/wp-json\/wp\/v2\/types\/page"}],"author":[{"embeddable":true,"href":"https:\/\/abvdupoissonblanc.ca\/fr\/wp-json\/wp\/v2\/users\/1"}],"replies":[{"embeddable":true,"href":"https:\/\/abvdupoissonblanc.ca\/fr\/wp-json\/wp\/v2\/comments?post=497"}],"version-history":[{"count":29,"href":"https:\/\/abvdupoissonblanc.ca\/fr\/wp-json\/wp\/v2\/pages\/497\/revisions"}],"predecessor-version":[{"id":11375,"href":"https:\/\/abvdupoissonblanc.ca\/fr\/wp-json\/wp\/v2\/pages\/497\/revisions\/11375"}],"wp:attachment":[{"href":"https:\/\/abvdupoissonblanc.ca\/fr\/wp-json\/wp\/v2\/media?parent=497"}],"curies":[{"name":"wp","href":"https:\/\/api.w.org\/{rel}","templated":true}]}}