{"id":495,"date":"2015-03-22T23:53:17","date_gmt":"2015-03-23T03:53:17","guid":{"rendered":"http:\/\/www.lacpoissonblanc.ca\/?page_id=495"},"modified":"2022-07-08T00:31:47","modified_gmt":"2022-07-08T04:31:47","slug":"notre-code-ethique","status":"publish","type":"page","link":"https:\/\/abvdupoissonblanc.ca\/fr\/notre-code-ethique\/","title":{"rendered":"Notre code \u00e9thique"},"content":{"rendered":"\r\n\r\n\r\n\r\n\r\n\r\n\r\n\r\n\r\n<p><span>\r\n\r\n<\/span><\/p>\r\n<h2 class=\"wp-block-heading\"><a href=\"https:\/\/abvdupoissonblanc.ca\/wp-content\/uploads\/2020\/08\/Logo-Blanc.jpg\"><img loading=\"lazy\" decoding=\"async\" class=\"alignnone size-medium wp-image-7509\" src=\"https:\/\/abvdupoissonblanc.ca\/wp-content\/uploads\/2020\/08\/Logo-Blanc-300x150.jpg\" alt=\"\" width=\"300\" height=\"150\" srcset=\"https:\/\/abvdupoissonblanc.ca\/wp-content\/uploads\/2020\/08\/Logo-Blanc-300x150.jpg 300w, https:\/\/abvdupoissonblanc.ca\/wp-content\/uploads\/2020\/08\/Logo-Blanc-768x384.jpg 768w, https:\/\/abvdupoissonblanc.ca\/wp-content\/uploads\/2020\/08\/Logo-Blanc-605x300.jpg 605w, https:\/\/abvdupoissonblanc.ca\/wp-content\/uploads\/2020\/08\/Logo-Blanc-600x300.jpg 600w, https:\/\/abvdupoissonblanc.ca\/wp-content\/uploads\/2020\/08\/Logo-Blanc.jpg 1000w\" sizes=\"auto, (max-width: 300px) 100vw, 300px\" \/><\/a><\/h2>\r\n<h3><strong>Notre code \u00e9thique:<\/strong><\/h3>\r\n<h4><strong>Quelque chose de s\u00e9rieux que l&#8217;on respecte pour le bien de notre communaut\u00e9<\/strong><\/h4>\r\n<p><strong>MAIS AVANT&#8230; UN MESSAGE IMPORTANT AUX PROPRI\u00c9TAIRES D&#8217;AIRBNB:<\/strong><br \/><br \/>Vous \u00eates membre et vous respectez notre CODE \u00c9THIQUE mais vos locateurs respectent t&#8217;ils votre voisinage?<br \/><br \/>Voici quelque consignes simples \u00e0 afficher \u00e0 un endroit visible de vos locateurs:<\/p>\r\n<p><a href=\"https:\/\/abvdupoissonblanc.ca\/wp-content\/uploads\/2021\/07\/b720d305-fd5c-4113-be09-36451dd69d12.gif\"><img loading=\"lazy\" decoding=\"async\" class=\"alignnone size-full wp-image-9603\" src=\"https:\/\/abvdupoissonblanc.ca\/wp-content\/uploads\/2021\/07\/b720d305-fd5c-4113-be09-36451dd69d12.gif\" alt=\"\" width=\"125\" height=\"70\" srcset=\"https:\/\/abvdupoissonblanc.ca\/wp-content\/uploads\/2021\/07\/b720d305-fd5c-4113-be09-36451dd69d12.gif 125w, https:\/\/abvdupoissonblanc.ca\/wp-content\/uploads\/2021\/07\/b720d305-fd5c-4113-be09-36451dd69d12-100x56.gif 100w\" sizes=\"auto, (max-width: 125px) 100vw, 125px\" \/><\/a><br \/><br \/>Pour vous assurer de vivre des vacances merveilleuses, il est important de suivre ces quelques consignes de BON VOISINAGE:<\/p>\r\n<ul>\r\n<li>\u00c9viter de jouer de la musique ou la radio sur le quai ou au bord de l&#8217;eau ou garder le volume bas car le son se propage facilement sur l&#8217;eau;<\/li>\r\n<li>Si vous avez une f\u00eate ou \u00abparty\u00bb n&#8217;oubliez pas que d&#8217;autres sont ici pour se reposer dans la tranquillit\u00e9 donc il serait sage d&#8217;AVERTIR vos voisins au pr\u00e9alable;<\/li>\r\n<li>Lorsque vous \u00eates sur l&#8217;eau tout le monde vous entend! \u00c9viter de rester au m\u00eame endroit,<\/li>\r\n<li>Sur l&#8217;eau, tenez-vous LOIN des quais et des rivages pour \u00c9VITER l&#8217;\u00e9rosion des berges.<\/li>\r\n<li>\u00c9VITEZ les zones indiqu\u00e9es par une bou\u00e9e orange (DANGER) ou jaune (MYRIOPHYLLE);<\/li>\r\n<li>RALENTISSEZ lorsque vous voyez une bou\u00e9e verticale blanche;<\/li>\r\n<li>Si vous \u00eates sur la baie Newton, allez vous amuser vers le grand lac le plus possible. Ceci pour \u00e9viter les accidents avec les nageurs ou canotiers.<\/li>\r\n<\/ul>\r\n<h3><strong>Notre code \u00e9thique:<\/strong><\/h3>\r\n\r\n\r\n\r\n\r\n\r\n<p>Ce CODE d\u00e9montre notre volont\u00e9 en tant que membres<\/p>\r\n<p>de privil\u00e9gier des comportements de:<\/p>\r\n<p>\r\n\r\n<\/p>\r\n<p class=\"has-background has-light-green-cyan-background-color\"><strong>Respect&#8230;<\/strong><\/p>\r\n<ul>\r\n<li>\r\n<p>mutuel et coop\u00e9ration entre tous les utilisateurs du lac;<\/p>\r\n<\/li>\r\n<li>\r\n<p>de l&#8217;environnement;<\/p>\r\n<\/li>\r\n<li>\r\n<p>vis \u00e0 vis la diversit\u00e9 des activit\u00e9s nautiques qui y sont pratiqu\u00e9es.<\/p>\r\n<\/li>\r\n<\/ul>\r\n<h2><strong>\r\n\r\n<\/strong><\/h2>\r\n<h2><strong>\r\n\r\n<\/strong><\/h2>\r\n\r\n\r\n\r\n<p class=\"has-background has-pale-cyan-blue-background-color\"><strong><em>On vous demande d&#8217;expliquer le contenu de notre CODE \u00c9THIQUE \u00e0 tous: famille,\u00a0 locataire ou visiteur sur votre propri\u00e9t\u00e9.<\/em><\/strong><\/p>\r\n\r\n\r\n<hr \/>\r\n<h3 class=\"has-luminous-vivid-orange-color has-text-color wp-block-heading\"><strong><span>1 &#8211; Navigation sur l&#8217;eau:<\/span> <\/strong><\/h3>\r\n\r\n\r\n\r\n<p><strong><span>SOYEZ CONSCIENT DE VOS VAGUES ET DE LEURS CONS\u00c9QUENCES SUR LES RIVES DE VOS VOISINS!<\/span> <\/strong><\/p>\r\n<p>Elles \u00e9rodent les berges (perte de terrain), brassent les s\u00e9diments, activent la croissance de plantes aquatiques, endommagent les quais et peuvent contribuer \u00e0 des accidents (kayaks, cano\u00ebs et nageurs).<\/p>\r\n\r\n\r\n\r\n<p>Comme membre, je respecte ces consignes:<\/p>\r\n\r\n\r\n\r\n<ul>\r\n<li><span class=\"VIiyi\" lang=\"fr\"><span class=\"JLqJ4b ChMk0b C1N51c\" data-language-for-alternatives=\"fr\" data-language-to-translate-into=\"en\" data-phrase-index=\"7\">Si vous poss\u00e9dez une embarcation, apprenez \u00e0 la faire fonctionner correctement, respectez les autres propri\u00e9taires de la baie, les canoteurs, les surfeurs \u00e0 pagaie, les kayakistes, les flotteurs et les p\u00eacheurs.<\/span><\/span>;\r\n\r\n<\/li>\r\n<li>Garder vos distances des propri\u00e9t\u00e9s qui ont des affiches: Surveiller votre SILLAGE (<strong>\u00c9ROSION<\/strong>);<\/li>\r\n<li>\u00c0 la baie Newton, demander \u00e0 vos visiteurs ou ceux qui louent chez vous d&#8217;aller vers le grand lac pour les sports nautiques les weekends et surtout lorsqu&#8217;il y a beaucoup de circulation dans la baie Newton afin de pr\u00e9server la qui\u00e9tude de la baie pour les autres;<\/li>\r\n<li>Naviguer lentement (5 km\/h) lorsque vous \u00eates \u00e0 50 m\u00e8tres ou moins de la rive, proche d&#8217;une bou\u00e9e blanche ou dans un des \u00abchenals\u00bb de la baie Newton;<\/li>\r\n<li>Donner la priorit\u00e9 aux nageurs et aux v\u00e9hicules non motoris\u00e9s. Par cons\u00e9quent, un conducteur d&#8217;une embarcation motoris\u00e9e doit toujours man\u0153uvrer d&#8217;une fa\u00e7on respectueuse, il n&#8217;a pas la priorit\u00e9;<\/li>\r\n<li>Les nageurs ont la responsabilit\u00e9 de signaler clairement leur pr\u00e9sence;<\/li>\r\n<li>Les radeaux doivent \u00eatre install\u00e9s de fa\u00e7on s\u00e9curitaire \u00e0 l&#8217;int\u00e9rieur de la limite de 50 m\u00e8tres des berges;<\/li>\r\n<li>\u00c9viter les zones indiqu\u00e9es par les bou\u00e9es rouges <strong>(danger)<\/strong> et jaunes <strong>(plantes envahissantes)<\/strong>;<\/li>\r\n<li>A<span class=\"VIiyi\" lang=\"fr\"><span class=\"JLqJ4b ChMk0b\" data-language-for-alternatives=\"fr\" data-language-to-translate-into=\"en\" data-phrase-index=\"2\">ssurez-vous que tous les utilisateurs ont des gilets de sauvetage, m\u00eame s&#8217;ils peuvent nager autour du quai et\/ou des bateaux.<\/span> <span class=\"JLqJ4b ChMk0b\" data-language-for-alternatives=\"fr\" data-language-to-translate-into=\"en\" data-phrase-index=\"3\">Porte-les!<\/span><\/span>\r\n\r\n\r\n\r\n\r\n\r\n\r\n\r\n\r\n\r\n\r\n\r\n<\/li>\r\n<\/ul>\r\n\r\n\r\n\r\n\r\n\r\n<p class=\"has-text-color has-luminous-vivid-orange-color\"><span><strong>SOYEZ CONSCIENT DE VOS VAGUES ET DE LEURS CONS\u00c9QUENCES SUR LES RIVES DE VOS VOISINS!<\/strong><\/span><\/p>\r\n\r\n\r\n\r\n<h3 class=\"has-luminous-vivid-orange-color has-text-color wp-block-heading\"><strong><span>2 &#8211; Niveau sonore et autres bruits:<\/span> <\/strong><\/h3>\r\n\r\n\r\n\r\n<p>Sur l&#8217;eau, les sons et les bruits portent beaucoup plus loin qu&#8217;en milieu urbain. Chacun est donc invit\u00e9 \u00e0 en tenir compte dans ses activit\u00e9s surtout durant les mois de juillet et ao\u00fbt.<\/p>\r\n\r\n\r\n\r\n<ul>\r\n<li>Les embarcations et v\u00e9hicules r\u00e9cr\u00e9atifs motoris\u00e9s doivent \u00eatre munis d&#8217;un silencieux en bon \u00e9tat;<\/li>\r\n<li>La conduite intempestive de v\u00e9hicules tout-terrain proche de vos voisins (acc\u00e9l\u00e9ration, aller-retour r\u00e9p\u00e9titif, courses etc) ou sur l&#8217;eau (virages serr\u00e9s, sauts de vagues, acrobaties, etc.) est une source de bruits pour plusieurs membres. SOYEZ COMPR\u00c9HENSIF;<\/li>\r\n<li>Le niveau sonore de tout syst\u00e8me de son devrait \u00eatre ajust\u00e9 pour ne pas incommoder les gens autour;<\/li>\r\n<li>Afin de favoriser une coexistence harmonieuse, on vous sugg\u00e8re de limiter les activit\u00e9s bruyantes (coupe de gazon, tron\u00e7onneuse, r\u00e9novation mineure, etc.) entre 8h et 17h surtout les weekends.<\/li>\r\n<\/ul>\r\n\r\n\r\n\r\n<h3 class=\"has-luminous-vivid-orange-color has-text-color wp-block-heading\"><strong><span>3 &#8211; Respect des r\u00e8gles environnementales r\u00e9gionales:<\/span> <\/strong><\/h3>\r\n\r\n\r\n\r\n<p>Afin de profiter au maximum de notre environnement, il est primordial de respecter certains r\u00e8glements :<\/p>\r\n\r\n\r\n\r\n<ul>\r\n<li>Les syst\u00e8mes septiques doivent \u00eatre vidang\u00e9s et inspect\u00e9s tous les quatre ans pour les chalets saisonniers et \u00e0 tous les deux ans pour les r\u00e9sidents. Ces syst\u00e8mes doivent \u00eatre install\u00e9s \u00e0 plus de 30 m\u00e8tres de la hauteur maximum du niveau d&#8217;eau du lac;<\/li>\r\n<li>Interdiction de couper le gazon ou de d\u00e9boiser dans la zone de 15 m\u00e8tres de bandes riveraines (\u00e0 partir de la hauteur maximum du niveau d&#8217;eau) sauf un ou deux corridors vers le lac. Une entente obligatoire devra \u00eatre n\u00e9goci\u00e9e avec les anciens r\u00e9sidents (ceux qui sont construits \u00e0 l&#8217;int\u00e9rieur de cette limite) et les nouveaux r\u00e9sidents (qui appliquent le nouveau r\u00e8glement) en accord avec la municipalit\u00e9 ainsi que l&#8217;organisme COBALI;<\/li>\r\n<li>Afin d&#8217;\u00e9viter la croissance de plantes aquatiques, ne pas utiliser aucune forme de fertilisants (m\u00eame biologiques) \u00e0 l&#8217;int\u00e9rieur de 100 m\u00e8tres de la bande riveraine;<\/li>\r\n<li>L&#8217;\u00e9pandage de pesticides est interdit dans toutes les municipalit\u00e9s du Poisson Blanc;<\/li>\r\n<li>L\u2019utilisation de savons et de nettoyants avec phosphates est interdite dans toutes les municipalit\u00e9s du Poisson Blanc;<\/li>\r\n<li>Ne pas remplir vos sacs de d\u00e9chets de produits recyclables. Utiliser de petits sacs bleus ou transparents pour indiquer aux \u00e9boueurs vos sacs de r\u00e9cup\u00e9rations et ainsi aider la municipalit\u00e9 \u00e0 atteindre son quota en r\u00e9cup\u00e9ration;<\/li>\r\n<li>Toujours nettoyer votre embarcation si vous l&#8217;avez utilis\u00e9e dans un autre plan d&#8217;eau afin de ne pas contaminer notre lac de plantes envahissantes (myriophylle) ou autres parasites.<\/li>\r\n<li>Le lac et ses rives ne sont pas des poubelles pour jeter: des emballages ou emballages en plastique, contenants de nourriture, bo\u00eetes de jus, pailles, fil de p\u00eache usag\u00e9, vieux grils de camp, canettes de bi\u00e8re et de boisson gazeuse, etc. Emportez-le dans un sac avec vous!<\/li>\r\n<li>Respectez les interdictions de feu municipales et provinciales. Cela s&#8217;applique \u00e9galement aux feux d&#8217;artifice, aux feux de camp, aux po\u00eales, aux lanternes, etc. qui pourraient facilement devenir incontr\u00f4lables;<\/li>\r\n<li>Ne pas faire de feux sur la rive ou la bande riveraine car les cendres sont un engrais de choix pour les plantes aquatiques.<\/li>\r\n<\/ul>\r\n\r\n\r\n\r\n<h3 class=\"has-luminous-vivid-orange-color has-text-color wp-block-heading\"><strong><span>4 &#8211; Bon voisinage et entraide:<\/span> <\/strong><\/h3>\r\n\r\n\r\n\r\n<ul>\r\n<li>Participation volontaire aux corv\u00e9es organis\u00e9es par notre association afin de rendre notre milieu plus s\u00e9curitaire et agr\u00e9able \u00e0 vivre;\r\n\r\n<\/li>\r\n<li>Participation \u00e0 la surveillance de notre milieu. Il importe que chaque membre soit solitaire de son voisin afin d&#8217;\u00e9viter les vols ou vandalismes. Quelques trucs : 1) M\u00e9moriser les marques d&#8217;autos de vos voisins et aussi \u00e9changer vos num\u00e9ros de t\u00e9l\u00e9phones 2) Avoir dans votre auto, papier et crayon disponible afin de noter un num\u00e9ro d&#8217;immatriculation suspect ou autres informations 3) Inscrire les num\u00e9ros de t\u00e9l\u00e9phone d&#8217;urgence : SQ : 310-4141, SOS Braconnage: <a href=\"tel:\/\/1-800-463-2191\">1-800-463-2191<\/a>, Urgence-Environnement: <a href=\"tel:\/\/1-866-283-2333\">1-866-283-2333<\/a>, SOPFEU (feu de for\u00eat): <a href=\"tel:\/\/1-800-463-3389\">1-800-463-3389<\/a> et celui de votre municipalit\u00e9. 4) Toujours \u00eatre vigilant devant des situations suspectes durant la p\u00e9riode de chasse et hors de la saison touristique;<\/li>\r\n<li>Tout animal domestique doit demeurer sur votre propri\u00e9t\u00e9 et ne doit pas constituer une menace pour votre voisin;<\/li>\r\n<li>Si vous \u00eates p\u00eacheur garder vos distances des rives de vos voisins afin de respecter leur qui\u00e9tude.<\/li>\r\n<li>Toujours aviser vos voisins imm\u00e9diats si vous pr\u00e9voyez avoir des r\u00e9novations majeures ou de grandes f\u00eates;<\/li>\r\n<li>\u00c9viter d&#8217;\u00e9clairer votre propri\u00e9t\u00e9 d&#8217;une fa\u00e7on excessive afin de permettre \u00e0 vos voisins de jouir d&#8217;un ciel \u00e9toil\u00e9;<\/li>\r\n<li><span class=\"tlid-translation translation\" lang=\"fr\"><span class=\"\" title=\"\">Si vous louez un chalet ou une maison de campagne, veuillez informer vos invit\u00e9s (avec un simple panneau de rappel \u00e0 la porte principale) s&#8217; ils pratiquent des sports nautiques dans le secteur de la baie Newton de respecter les consignes de n<\/span><\/span>avigation et partage du plan d&#8217;eau.\r\n\r\n\r\n\r\n\r\n\r\n\r\n\r\n<\/li>\r\n<\/ul>\r\n\r\n<p><strong>Si vous d\u00e9sirez imprimer note code \u00e9thique, le voici: <a href=\"https:\/\/abvdupoissonblanc.ca\/wp-content\/uploads\/2021\/07\/Notre-code-ethique.pdf\">Notre code \u00e9thique<\/a><\/strong><\/p>\r\n<p><strong>POUR NOUS REJOINDRE: <a href=\"abv.poissonblanc@gmail.com\">clique ici<\/a><\/strong><\/p>","protected":false},"excerpt":{"rendered":"<p>Notre code \u00e9thique: Quelque chose de s\u00e9rieux que l&#8217;on respecte pour le bien de notre communaut\u00e9 MAIS AVANT&#8230; UN MESSAGE IMPORTANT AUX PROPRI\u00c9TAIRES D&#8217;AIRBNB: Vous \u00eates membre et vous respectez notre CODE \u00c9THIQUE mais vos locateurs respectent t&#8217;ils votre voisinage? Voici quelque consignes simples \u00e0 afficher \u00e0 un endroit visible de vos locateurs: Pour vous [&hellip;]<\/p>\n","protected":false},"author":1,"featured_media":0,"parent":0,"menu_order":0,"comment_status":"closed","ping_status":"closed","template":"","meta":{"footnotes":""},"class_list":["post-495","page","type-page","status-publish","hentry"],"yoast_head":"<!-- This site is optimized with the Yoast SEO plugin v27.4 - https:\/\/yoast.com\/product\/yoast-seo-wordpress\/ -->\n<title>Notre code \u00e9thique - Association lac Poisson-Blanc<\/title>\n<meta name=\"robots\" content=\"index, follow, max-snippet:-1, max-image-preview:large, max-video-preview:-1\" \/>\n<link rel=\"canonical\" href=\"https:\/\/abvdupoissonblanc.ca\/fr\/notre-code-ethique\/\" \/>\n<meta property=\"og:locale\" content=\"fr_FR\" \/>\n<meta property=\"og:type\" content=\"article\" \/>\n<meta property=\"og:title\" content=\"Notre code \u00e9thique - Association lac Poisson-Blanc\" \/>\n<meta property=\"og:description\" content=\"Notre code \u00e9thique: Quelque chose de s\u00e9rieux que l&#8217;on respecte pour le bien de notre communaut\u00e9 MAIS AVANT&#8230; UN MESSAGE IMPORTANT AUX PROPRI\u00c9TAIRES D&#8217;AIRBNB: Vous \u00eates membre et vous respectez notre CODE \u00c9THIQUE mais vos locateurs respectent t&#8217;ils votre voisinage? Voici quelque consignes simples \u00e0 afficher \u00e0 un endroit visible de vos locateurs: Pour vous [&hellip;]\" \/>\n<meta property=\"og:url\" content=\"https:\/\/abvdupoissonblanc.ca\/fr\/notre-code-ethique\/\" \/>\n<meta property=\"og:site_name\" content=\"Association lac Poisson-Blanc\" \/>\n<meta property=\"article:publisher\" content=\"https:\/\/www.facebook.com\/groups\/LacPoissonBlanc\/\" \/>\n<meta property=\"article:modified_time\" content=\"2022-07-08T04:31:47+00:00\" \/>\n<meta property=\"og:image\" content=\"https:\/\/abvdupoissonblanc.ca\/wp-content\/uploads\/2020\/08\/Logo-Blanc-300x150.jpg\" \/>\n<meta name=\"twitter:label1\" content=\"Dur\u00e9e de lecture estim\u00e9e\" \/>\n\t<meta name=\"twitter:data1\" content=\"7 minutes\" \/>\n<script type=\"application\/ld+json\" class=\"yoast-schema-graph\">{\"@context\":\"https:\\\/\\\/schema.org\",\"@graph\":[{\"@type\":\"WebPage\",\"@id\":\"https:\\\/\\\/abvdupoissonblanc.ca\\\/fr\\\/notre-code-ethique\\\/\",\"url\":\"https:\\\/\\\/abvdupoissonblanc.ca\\\/fr\\\/notre-code-ethique\\\/\",\"name\":\"Notre code \u00e9thique - Association lac Poisson-Blanc\",\"isPartOf\":{\"@id\":\"https:\\\/\\\/abvdupoissonblanc.ca\\\/fr\\\/#website\"},\"primaryImageOfPage\":{\"@id\":\"https:\\\/\\\/abvdupoissonblanc.ca\\\/fr\\\/notre-code-ethique\\\/#primaryimage\"},\"image\":{\"@id\":\"https:\\\/\\\/abvdupoissonblanc.ca\\\/fr\\\/notre-code-ethique\\\/#primaryimage\"},\"thumbnailUrl\":\"https:\\\/\\\/abvdupoissonblanc.ca\\\/wp-content\\\/uploads\\\/2020\\\/08\\\/Logo-Blanc-300x150.jpg\",\"datePublished\":\"2015-03-23T03:53:17+00:00\",\"dateModified\":\"2022-07-08T04:31:47+00:00\",\"breadcrumb\":{\"@id\":\"https:\\\/\\\/abvdupoissonblanc.ca\\\/fr\\\/notre-code-ethique\\\/#breadcrumb\"},\"inLanguage\":\"fr-FR\",\"potentialAction\":[{\"@type\":\"ReadAction\",\"target\":[\"https:\\\/\\\/abvdupoissonblanc.ca\\\/fr\\\/notre-code-ethique\\\/\"]}]},{\"@type\":\"ImageObject\",\"inLanguage\":\"fr-FR\",\"@id\":\"https:\\\/\\\/abvdupoissonblanc.ca\\\/fr\\\/notre-code-ethique\\\/#primaryimage\",\"url\":\"https:\\\/\\\/abvdupoissonblanc.ca\\\/wp-content\\\/uploads\\\/2020\\\/08\\\/Logo-Blanc-300x150.jpg\",\"contentUrl\":\"https:\\\/\\\/abvdupoissonblanc.ca\\\/wp-content\\\/uploads\\\/2020\\\/08\\\/Logo-Blanc-300x150.jpg\"},{\"@type\":\"BreadcrumbList\",\"@id\":\"https:\\\/\\\/abvdupoissonblanc.ca\\\/fr\\\/notre-code-ethique\\\/#breadcrumb\",\"itemListElement\":[{\"@type\":\"ListItem\",\"position\":1,\"name\":\"Home\",\"item\":\"https:\\\/\\\/abvdupoissonblanc.ca\\\/fr\\\/\"},{\"@type\":\"ListItem\",\"position\":2,\"name\":\"Notre code \u00e9thique\"}]},{\"@type\":\"WebSite\",\"@id\":\"https:\\\/\\\/abvdupoissonblanc.ca\\\/fr\\\/#website\",\"url\":\"https:\\\/\\\/abvdupoissonblanc.ca\\\/fr\\\/\",\"name\":\"Association lac Poisson-Blanc\",\"description\":\"\",\"publisher\":{\"@id\":\"https:\\\/\\\/abvdupoissonblanc.ca\\\/fr\\\/#organization\"},\"potentialAction\":[{\"@type\":\"SearchAction\",\"target\":{\"@type\":\"EntryPoint\",\"urlTemplate\":\"https:\\\/\\\/abvdupoissonblanc.ca\\\/fr\\\/?s={search_term_string}\"},\"query-input\":{\"@type\":\"PropertyValueSpecification\",\"valueRequired\":true,\"valueName\":\"search_term_string\"}}],\"inLanguage\":\"fr-FR\"},{\"@type\":\"Organization\",\"@id\":\"https:\\\/\\\/abvdupoissonblanc.ca\\\/fr\\\/#organization\",\"name\":\"Association lac Poisson-Blanc\",\"url\":\"https:\\\/\\\/abvdupoissonblanc.ca\\\/fr\\\/\",\"logo\":{\"@type\":\"ImageObject\",\"inLanguage\":\"fr-FR\",\"@id\":\"https:\\\/\\\/abvdupoissonblanc.ca\\\/fr\\\/#\\\/schema\\\/logo\\\/image\\\/\",\"url\":\"https:\\\/\\\/abvdupoissonblanc.ca\\\/wp-content\\\/uploads\\\/2020\\\/06\\\/lacpoissonblanc-1.png\",\"contentUrl\":\"https:\\\/\\\/abvdupoissonblanc.ca\\\/wp-content\\\/uploads\\\/2020\\\/06\\\/lacpoissonblanc-1.png\",\"width\":314,\"height\":169,\"caption\":\"Association lac Poisson-Blanc\"},\"image\":{\"@id\":\"https:\\\/\\\/abvdupoissonblanc.ca\\\/fr\\\/#\\\/schema\\\/logo\\\/image\\\/\"},\"sameAs\":[\"https:\\\/\\\/www.facebook.com\\\/groups\\\/LacPoissonBlanc\\\/\"]}]}<\/script>\n<!-- \/ Yoast SEO plugin. -->","yoast_head_json":{"title":"Notre code \u00e9thique - Association lac Poisson-Blanc","robots":{"index":"index","follow":"follow","max-snippet":"max-snippet:-1","max-image-preview":"max-image-preview:large","max-video-preview":"max-video-preview:-1"},"canonical":"https:\/\/abvdupoissonblanc.ca\/fr\/notre-code-ethique\/","og_locale":"fr_FR","og_type":"article","og_title":"Notre code \u00e9thique - Association lac Poisson-Blanc","og_description":"Notre code \u00e9thique: Quelque chose de s\u00e9rieux que l&#8217;on respecte pour le bien de notre communaut\u00e9 MAIS AVANT&#8230; UN MESSAGE IMPORTANT AUX PROPRI\u00c9TAIRES D&#8217;AIRBNB: Vous \u00eates membre et vous respectez notre CODE \u00c9THIQUE mais vos locateurs respectent t&#8217;ils votre voisinage? Voici quelque consignes simples \u00e0 afficher \u00e0 un endroit visible de vos locateurs: Pour vous [&hellip;]","og_url":"https:\/\/abvdupoissonblanc.ca\/fr\/notre-code-ethique\/","og_site_name":"Association lac Poisson-Blanc","article_publisher":"https:\/\/www.facebook.com\/groups\/LacPoissonBlanc\/","article_modified_time":"2022-07-08T04:31:47+00:00","og_image":[{"url":"https:\/\/abvdupoissonblanc.ca\/wp-content\/uploads\/2020\/08\/Logo-Blanc-300x150.jpg","type":"","width":"","height":""}],"twitter_misc":{"Dur\u00e9e de lecture estim\u00e9e":"7 minutes"},"schema":{"@context":"https:\/\/schema.org","@graph":[{"@type":"WebPage","@id":"https:\/\/abvdupoissonblanc.ca\/fr\/notre-code-ethique\/","url":"https:\/\/abvdupoissonblanc.ca\/fr\/notre-code-ethique\/","name":"Notre code \u00e9thique - Association lac Poisson-Blanc","isPartOf":{"@id":"https:\/\/abvdupoissonblanc.ca\/fr\/#website"},"primaryImageOfPage":{"@id":"https:\/\/abvdupoissonblanc.ca\/fr\/notre-code-ethique\/#primaryimage"},"image":{"@id":"https:\/\/abvdupoissonblanc.ca\/fr\/notre-code-ethique\/#primaryimage"},"thumbnailUrl":"https:\/\/abvdupoissonblanc.ca\/wp-content\/uploads\/2020\/08\/Logo-Blanc-300x150.jpg","datePublished":"2015-03-23T03:53:17+00:00","dateModified":"2022-07-08T04:31:47+00:00","breadcrumb":{"@id":"https:\/\/abvdupoissonblanc.ca\/fr\/notre-code-ethique\/#breadcrumb"},"inLanguage":"fr-FR","potentialAction":[{"@type":"ReadAction","target":["https:\/\/abvdupoissonblanc.ca\/fr\/notre-code-ethique\/"]}]},{"@type":"ImageObject","inLanguage":"fr-FR","@id":"https:\/\/abvdupoissonblanc.ca\/fr\/notre-code-ethique\/#primaryimage","url":"https:\/\/abvdupoissonblanc.ca\/wp-content\/uploads\/2020\/08\/Logo-Blanc-300x150.jpg","contentUrl":"https:\/\/abvdupoissonblanc.ca\/wp-content\/uploads\/2020\/08\/Logo-Blanc-300x150.jpg"},{"@type":"BreadcrumbList","@id":"https:\/\/abvdupoissonblanc.ca\/fr\/notre-code-ethique\/#breadcrumb","itemListElement":[{"@type":"ListItem","position":1,"name":"Home","item":"https:\/\/abvdupoissonblanc.ca\/fr\/"},{"@type":"ListItem","position":2,"name":"Notre code \u00e9thique"}]},{"@type":"WebSite","@id":"https:\/\/abvdupoissonblanc.ca\/fr\/#website","url":"https:\/\/abvdupoissonblanc.ca\/fr\/","name":"Association lac Poisson-Blanc","description":"","publisher":{"@id":"https:\/\/abvdupoissonblanc.ca\/fr\/#organization"},"potentialAction":[{"@type":"SearchAction","target":{"@type":"EntryPoint","urlTemplate":"https:\/\/abvdupoissonblanc.ca\/fr\/?s={search_term_string}"},"query-input":{"@type":"PropertyValueSpecification","valueRequired":true,"valueName":"search_term_string"}}],"inLanguage":"fr-FR"},{"@type":"Organization","@id":"https:\/\/abvdupoissonblanc.ca\/fr\/#organization","name":"Association lac Poisson-Blanc","url":"https:\/\/abvdupoissonblanc.ca\/fr\/","logo":{"@type":"ImageObject","inLanguage":"fr-FR","@id":"https:\/\/abvdupoissonblanc.ca\/fr\/#\/schema\/logo\/image\/","url":"https:\/\/abvdupoissonblanc.ca\/wp-content\/uploads\/2020\/06\/lacpoissonblanc-1.png","contentUrl":"https:\/\/abvdupoissonblanc.ca\/wp-content\/uploads\/2020\/06\/lacpoissonblanc-1.png","width":314,"height":169,"caption":"Association lac Poisson-Blanc"},"image":{"@id":"https:\/\/abvdupoissonblanc.ca\/fr\/#\/schema\/logo\/image\/"},"sameAs":["https:\/\/www.facebook.com\/groups\/LacPoissonBlanc\/"]}]}},"_links":{"self":[{"href":"https:\/\/abvdupoissonblanc.ca\/fr\/wp-json\/wp\/v2\/pages\/495","targetHints":{"allow":["GET"]}}],"collection":[{"href":"https:\/\/abvdupoissonblanc.ca\/fr\/wp-json\/wp\/v2\/pages"}],"about":[{"href":"https:\/\/abvdupoissonblanc.ca\/fr\/wp-json\/wp\/v2\/types\/page"}],"author":[{"embeddable":true,"href":"https:\/\/abvdupoissonblanc.ca\/fr\/wp-json\/wp\/v2\/users\/1"}],"replies":[{"embeddable":true,"href":"https:\/\/abvdupoissonblanc.ca\/fr\/wp-json\/wp\/v2\/comments?post=495"}],"version-history":[{"count":68,"href":"https:\/\/abvdupoissonblanc.ca\/fr\/wp-json\/wp\/v2\/pages\/495\/revisions"}],"predecessor-version":[{"id":11374,"href":"https:\/\/abvdupoissonblanc.ca\/fr\/wp-json\/wp\/v2\/pages\/495\/revisions\/11374"}],"wp:attachment":[{"href":"https:\/\/abvdupoissonblanc.ca\/fr\/wp-json\/wp\/v2\/media?parent=495"}],"curies":[{"name":"wp","href":"https:\/\/api.w.org\/{rel}","templated":true}]}}