{"id":493,"date":"2015-03-22T23:53:04","date_gmt":"2015-03-23T03:53:04","guid":{"rendered":"http:\/\/www.lacpoissonblanc.ca\/?page_id=493"},"modified":"2026-01-06T12:45:35","modified_gmt":"2026-01-06T17:45:35","slug":"proces-verbaux","status":"publish","type":"page","link":"https:\/\/abvdupoissonblanc.ca\/fr\/proces-verbaux\/","title":{"rendered":"Proc\u00e8s-verbaux de nos r\u00e9unions et \u00e9tats financiers"},"content":{"rendered":"<h3>2025:<\/h3>\r\n<p><a href=\"https:\/\/abvdupoissonblanc.ca\/wp-content\/uploads\/2026\/01\/ABVPB-Rapport-Financier-2025-Financial-Statement.pdf\">ABVPB &#8211; Rapport Financier 2025 Financial Statement<\/a><\/p>\r\n<h3><a href=\"https:\/\/abvdupoissonblanc.ca\/wp-content\/uploads\/2025\/12\/Compte-rendu_AGA_2025.pdf\">Compte rendu_AGA_2025<\/a><\/h3>\r\n<h3><span style=\"font-size: 14px;\"><strong><span style=\"font-size: 16px;\">2024:<\/span><\/strong><\/span><\/h3>\r\n<p><a href=\"https:\/\/abvdupoissonblanc.ca\/wp-content\/uploads\/2025\/01\/Rapport-Financier-2024-Financial-Report-2024-Association-Bassin-Versant-du-Poisson-Blanc.pdf\">Rapport Financier 2024 &#8211; Financial Report 2024 &#8211; Association Bassin Versant du Poisson Blanc<\/a><\/p>\r\n<p><b>2023:<\/b><\/p>\r\n<p><a href=\"https:\/\/abvdupoissonblanc.ca\/wp-content\/uploads\/2024\/05\/Compte-rendu__CA_2023-10-28-3.pdf\">Compte rendu__CA_2023-10-28<\/a><\/p>\r\n<h3><strong>2022:<\/strong><\/h3>\r\n<p><a href=\"https:\/\/abvdupoissonblanc.ca\/wp-content\/uploads\/2023\/12\/Compte-rendu-AGA-2022-12-Dec-2022.pdf\">Compte rendu AGA 2022 &#8211; 12 Dec 2022<\/a><\/p>\r\n<p><a href=\"https:\/\/abvdupoissonblanc.ca\/wp-content\/uploads\/2023\/06\/Compte-rendu-Minutes-2022-04-19.pdf\">Compte rendu-Minutes 2022-04-19<\/a><\/p>\r\n<h3><a href=\"https:\/\/abvdupoissonblanc.ca\/wp-content\/uploads\/2022\/05\/Compte-rendu__CA_2022-02-22.pdf\">Compte rendu__CA_2022-02-22<\/a><\/h3>\r\n<h3><strong>2021: \u00a0<\/strong><\/h3>\r\n<h3><strong>MERCI \u00c0 MONIQUE POUR LA TRANSCRIPTION<br \/><\/strong><\/h3>\r\n<p><a href=\"https:\/\/abvdupoissonblanc.ca\/wp-content\/uploads\/2021\/02\/PROCES-VERBAL_ADM_7-JANVIER-2021.pdf\">PROC\u00c8S VERBAL_ADM_7 JANVIER 2021<\/a><\/p>\r\n<p><a href=\"https:\/\/abvdupoissonblanc.ca\/wp-content\/uploads\/2021\/03\/ADM_proces_verbalZOOM-March-11-2021.pdf\">ADM_proc\u00e8s_verbalZOOM March 11 2021<\/a><\/p>\r\n<p><a href=\"https:\/\/abvdupoissonblanc.ca\/wp-content\/uploads\/2021\/09\/compte-rendu_CA_2021_06_23.pdf\">compte-rendu_CA_2021_06_23<\/a><\/p>\r\n<p>pas adopt\u00e9 encore: <a href=\"https:\/\/abvdupoissonblanc.ca\/wp-content\/uploads\/2021\/09\/ZOOM-Meeting_Sep-21-2021-DRAFT.pdf\">ZOOM Meeting_Sep 21 2021 &#8211; DRAFT<\/a><\/p>\r\n<h3><strong>2020:<\/strong><\/h3>\r\n<p><strong>En mai:<\/strong> Rencontre d&#8217;informations \u00e0 la Base de plein-air Air-Eau-Bois, \u00e9tait pr\u00e9sent: Linda Cornell (VP Bowman), Pierre, Nathalie (DG Bowman), Patrick (DG Base) et\u00a0 les administrateur de la Base.<\/p>\r\n<p><!-- \/wp:post-content -->\r\n\r\n<!-- wp:file {\"id\":6267,\"href\":\"https:\/\/abvdupoissonblanc.ca\/wp-content\/uploads\/2020\/06\/proc\u00e8s-verbal_adm_consultations_mars_2020-1.pdf\"} --><\/p>\r\n<div class=\"wp-block-file\"><a href=\"https:\/\/abvdupoissonblanc.ca\/wp-content\/uploads\/2021\/02\/proces-verbal_ADM_mars_2020.pdf\">proc\u00e8s verbal_ADM_mars_2020<\/a><\/div>\r\n<p><!-- \/wp:file -->\r\n\r\n<!-- wp:file {\"id\":6256,\"href\":\"https:\/\/abvdupoissonblanc.ca\/wp-content\/uploads\/2020\/06\/r\u00e9sultats_consultations-avril2020.pdf\"} --><\/p>\r\n<div class=\"wp-block-file\"><a href=\"https:\/\/abvdupoissonblanc.ca\/wp-content\/uploads\/2021\/02\/Proces_verbal_ADM_20-avril-2020.pdf\">Proc\u00e8s_verbal_ADM_20 avril 2020<\/a><\/div>\r\n<p><!-- \/wp:file -->\r\n\r\n<!-- wp:file {\"id\":6252,\"href\":\"https:\/\/abvdupoissonblanc.ca\/wp-content\/uploads\/2020\/06\/Annual-Report-financier-2019.pdf\"} --><\/p>\r\n<div class=\"wp-block-file\"><a href=\"https:\/\/abvdupoissonblanc.ca\/wp-content\/uploads\/2021\/02\/lettre_2020_BOWMAN.pdf\">lettre_2020_BOWMAN<\/a><\/div>\r\n<div class=\"wp-block-file\"><a href=\"https:\/\/abvdupoissonblanc.ca\/wp-content\/uploads\/2021\/02\/lettre_GPB_Brochet_LSM_signalisations.pdf\">lettre_GPB_Brochet_LSM_signalisations<\/a><\/div>\r\n<div>Pas adopt\u00e9 encore: <a href=\"https:\/\/abvdupoissonblanc.ca\/wp-content\/uploads\/2021\/02\/Proces-verbal-AGA_2020-12-03.pdf\">Proc\u00e8s verbal AGA_2020-12-03<\/a><\/div>\r\n<div class=\"wp-block-file\"><a href=\"https:\/\/abvdupoissonblanc.ca\/wp-content\/uploads\/2020\/06\/Annual-Report-financier-2019.pdf\">Rapport-financier-2019<\/a><\/div>\r\n<div>\r\n<h3><strong>2019:<\/strong><\/h3>\r\n<p><strong>1er mars:<\/strong> Rencontre d&#8217;informations \u00e0 Bowman, \u00e9tait pr\u00e9sent: Pierre, Linda Cornell (VP Bowman), Pierre Labont\u00e9 (maire Bowman) et Myl\u00e8ne Groulx (DG Bowman)<\/p>\r\n<p><strong>8 mars:<\/strong> Rencontre d&#8217;informations \u00e0 Lac-Sainte-Marie, \u00e9tait pr\u00e9sent: Pierre, Carla et les propri\u00e9taires de la Mont\u00e9e Jean-Marc et du chemin de la Solitude.<\/p>\r\n<!-- wp:paragraph -->\r\n<p><strong>10 mai:<\/strong> Rencontre d&#8217;informations \u00e0 la Base de plein-air Air-Eau-Bois, \u00e9tait pr\u00e9sent: Linda Cornell (VP Bowman), Pierre, Myl\u00e8ne Groulx (DG Bowman), Myl\u00e8ne Poirier (DG Base) et Nicolas (Administrateur de la Base).<\/p>\r\n<!-- \/wp:paragraph -->\r\n\r\n<!-- wp:file {\"id\":5688,\"href\":\"https:\/\/abvdupoissonblanc.ca\/wp-content\/uploads\/2019\/12\/Proc\u00e8s-verbal-ADM_2019-05-18.pdf\"} -->\r\n<div class=\"wp-block-file\"><a href=\"https:\/\/abvdupoissonblanc.ca\/wp-content\/uploads\/2019\/12\/Proc\u00e8s-verbal-ADM_2019-05-18.pdf\">Proc\u00e8s-verbal-ADM_2019-05-18<\/a><\/div>\r\n<!-- \/wp:file -->\r\n\r\n<!-- wp:file {\"id\":6271,\"href\":\"https:\/\/abvdupoissonblanc.ca\/wp-content\/uploads\/2020\/06\/Proc\u00e8s-verbal_AGA-20190526_3-1.pdf\"} \/-->\r\n\r\n<!-- wp:file {\"id\":6265,\"href\":\"https:\/\/abvdupoissonblanc.ca\/wp-content\/uploads\/2020\/06\/proc\u00e8s-verbal_ADMd\u00e9c2019-1.pdf\"} -->\r\n<div class=\"wp-block-file\"><a href=\"https:\/\/abvdupoissonblanc.ca\/wp-content\/uploads\/2021\/02\/Proces-verbal_AGA-2019.pdf\">Proc\u00e8s-verbal_AGA 2019<\/a><\/div>\r\n<div class=\"wp-block-file\"><a href=\"https:\/\/abvdupoissonblanc.ca\/wp-content\/uploads\/2020\/06\/proc\u00e8s-verbal_ADMd\u00e9c2019-1.pdf\">proc\u00e8s-verbal_ADMd\u00e9c2019-1<\/a><\/div>\r\n<\/div>\r\n<div>\r\n<h3><strong>2018:<\/strong><\/h3>\r\n<p><strong>30 janvier:<\/strong> Rencontre d&#8217;informations \u00e0 LSM, \u00e9tait pr\u00e9sent: Pierre, Ronald, Yvon (DG), Gary (maire) et Patrick (IM)<\/p>\r\n<p><strong>3 mars:<\/strong> Rencontre pour le secr\u00e9tariat, \u00e9tait pr\u00e9sent: Carla et Pierre<\/p>\r\n<p><strong>5 mars:<\/strong> Rencontre pour le secr\u00e9tariat, \u00e9tait pr\u00e9sent: Carla et Pierre<\/p>\r\n<p><strong>19 mai:<\/strong> Rencontre administrative au chalet de Ronald Thomas: <a href=\"https:\/\/abvdupoissonblanc.ca\/wp-content\/uploads\/2018\/10\/proc\u00e8s-verbal-19-mai-2018-.docx\"><strong>proc\u00e8s verbal 19 mai 2018<\/strong><\/a><\/p>\r\n<p><strong>16 juin<\/strong>: R\u00e9union g\u00e9n\u00e9rale (AGA) le 16 juin au restaurant Lacalong (LSM):<a href=\"https:\/\/abvdupoissonblanc.ca\/wp-content\/uploads\/2019\/06\/proc\u00e8s-verbal-AGA-2018.pdf\">proc\u00e8s verbal AGA 2018<\/a><\/p>\r\n<p><strong>16 juin<\/strong>: <a href=\"https:\/\/abvdupoissonblanc.ca\/wp-content\/uploads\/2018\/10\/proc\u00e8s_verbal-CA16-juin-2018.doc\"><strong>proc\u00e8s_verbal CA16 juin 2018<\/strong><\/a><\/p>\r\n<p><strong>21 septembre:<\/strong> R\u00e9union administrative au Lacalong (LSM): <a href=\"https:\/\/abvdupoissonblanc.ca\/wp-content\/uploads\/2019\/04\/Proc\u00e8s-verbal-2018-09-21.doc\"><strong>Proc\u00e8s-verbal &#8211; 2018-09-21<\/strong><\/a><\/p>\r\n<p><strong>28 octobre:<\/strong> R\u00e9union avec les propri\u00e9taires riverains du lac Brochet, <a href=\"https:\/\/abvdupoissonblanc.ca\/wp-content\/uploads\/2019\/04\/Brochet20181028.pdf\">Brochet20181028<\/a><\/p>\r\n<\/div>\r\n<h3><strong>2017:<\/strong><\/h3>\r\n<p><strong>6 janvier:<\/strong> Rencontre d&#8217;informations \u00e0 Denholm, \u00e9tait pr\u00e9sent: Pierre et St\u00e9phane (DG)<\/p>\r\n<p><strong>14 janvier:<\/strong> Rencontre de l&#8217;ex\u00e9cutif de Bowman, \u00e9tait pr\u00e9sent: Pierre, Ron et \u00c9ric<\/p>\r\n<p><strong>3 f\u00e9vrier:<\/strong> Rencontre pour le s<span id=\"result_box\" class=\"short_text\" lang=\"fr\"><span class=\"alt-edited\">ecr\u00e9tariat, \u00e9tait pr\u00e9sent: Pierre et Carla<\/span><\/span><\/p>\r\n<p><strong>15 f\u00e9vrier:<\/strong> Rencontre d&#8217;informations \u00e0 LSM, \u00e9tait pr\u00e9sent: Pierre, Ronald, Yvon (DG) et Gary (maire)<\/p>\r\n<p><strong>3 juin:<\/strong> <strong><a href=\"https:\/\/abvdupoissonblanc.ca\/wp-content\/uploads\/2015\/03\/proc\u00e8s-verbal-3-juin-2017-conseil-dadminstration.pdf\">proc\u00e8s verbal 3 juin 2017 conseil d&#8217;adminstration<\/a><\/strong><\/p>\r\n<p><strong>8 juin:<\/strong> Rencontre d&#8217;information \u00e0 LSM, \u00e9tait pr\u00e9sent: Pierre, Ronald, Yvon (DG) et Patrick (IM)<\/p>\r\n<p><strong>16 mai:<\/strong> <strong><a href=\"https:\/\/abvdupoissonblanc.ca\/wp-content\/uploads\/2015\/03\/compte-rendu-17-juin-2017-conseil-dadminstration.pdf\">compte-rendu 17 juin 2017 conseil d&#8217;adminstration<\/a><\/strong><\/p>\r\n<p><strong>17 juin:<\/strong> <a href=\"https:\/\/abvdupoissonblanc.ca\/wp-content\/uploads\/2018\/03\/proc\u00e8s-verbal-AGA-2017.pdf\"><strong>proc\u00e8s verbal AGA 2017<\/strong><\/a><\/p>\r\n<p><strong>18 juin:<\/strong> Rencontre d&#8217;information \u00e0 la Base de plein-air Air Eau Bois, \u00e9tait pr\u00e9sent: Pierre, Antoine et Nicolas<\/p>\r\n<h3><strong>2016:<\/strong><\/h3>\r\n<p><strong>3 juin:<\/strong> r\u00e9union administrative : <a href=\"https:\/\/abvdupoissonblanc.ca\/wp-content\/uploads\/2016\/06\/proc\u00e8s-verbal-20160603.pdf\"><strong>proc\u00e8s-verbal 20160603<\/strong><\/a><\/p>\r\n<p><strong>16 juillet<\/strong>: AGA:<strong> <a href=\"https:\/\/abvdupoissonblanc.ca\/wp-content\/uploads\/2015\/03\/CompteRendu-AGA-20160716-Bilingue.pdf\">CompteRendu AGA 20160716 Bilingue<\/a><\/strong><\/p>\r\n<p><strong>8 novembre<\/strong>: Rencontre d&#8217;informations \u00e0 LSM, \u00e9tait pr\u00e9sent: Pierre, Ronald, Martin L., Yvon (DG LSM), St\u00e9phane (DG Denholm), Gary (maire LSM) et Ga\u00e9tan Guindon (maire Denholm)<\/p>\r\n<h3><strong>2015<\/strong>:<\/h3>\r\n<p><a href=\"http:\/\/www.abvdupoissonblanc.ca\/wp-content\/uploads\/2015\/03\/assembl\u00e9e2015.pdf\">assembl\u00e9e2015<\/a><\/p>\r\n<h3><strong>2014: <\/strong><\/h3>\r\n<p><strong><a href=\"http:\/\/www.abvdupoissonblanc.ca\/wp-content\/uploads\/2015\/03\/Proce_s-verbal-AGA-5.8.14.pdf\">Proce_s-verbal AGA 5.8.14<\/a><\/strong><\/p>\r\n<p>&nbsp;<\/p>\r\n<p>&nbsp;<\/p>\r\n<p>&nbsp;<\/p>\r\n<p>&nbsp;<\/p>\r\n<div class=\"wp-block-file\">\u00a0<\/div>\r\n<!-- \/wp:file -->\r\n\r\n<!-- wp:heading {\"level\":3} -->\r\n<div class=\"wp-block-file\">\u00a0<\/div>\r\n<div>\u00a0<\/div>\r\n<p>&nbsp;<\/p>\r\n<!-- \/wp:heading -->","protected":false},"excerpt":{"rendered":"<p>2025: ABVPB &#8211; Rapport Financier 2025 Financial Statement Compte rendu_AGA_2025 2024: Rapport Financier 2024 &#8211; Financial Report 2024 &#8211; Association Bassin Versant du Poisson Blanc 2023: Compte rendu__CA_2023-10-28 2022: Compte rendu AGA 2022 &#8211; 12 Dec 2022 Compte rendu-Minutes 2022-04-19 Compte rendu__CA_2022-02-22 2021: \u00a0 MERCI \u00c0 MONIQUE POUR LA TRANSCRIPTION PROC\u00c8S VERBAL_ADM_7 JANVIER 2021 ADM_proc\u00e8s_verbalZOOM [&hellip;]<\/p>\n","protected":false},"author":1,"featured_media":0,"parent":0,"menu_order":0,"comment_status":"closed","ping_status":"closed","template":"","meta":{"footnotes":""},"class_list":["post-493","page","type-page","status-publish","hentry"],"yoast_head":"<!-- This site is optimized with the Yoast SEO plugin v27.3 - https:\/\/yoast.com\/product\/yoast-seo-wordpress\/ -->\n<title>Proc\u00e8s-verbaux de nos r\u00e9unions et \u00e9tats financiers - Association lac Poisson-Blanc<\/title>\n<meta name=\"robots\" content=\"index, follow, max-snippet:-1, max-image-preview:large, max-video-preview:-1\" \/>\n<link rel=\"canonical\" href=\"https:\/\/abvdupoissonblanc.ca\/fr\/proces-verbaux\/\" \/>\n<meta property=\"og:locale\" content=\"fr_FR\" \/>\n<meta property=\"og:type\" content=\"article\" \/>\n<meta property=\"og:title\" content=\"Proc\u00e8s-verbaux de nos r\u00e9unions et \u00e9tats financiers - Association lac Poisson-Blanc\" \/>\n<meta property=\"og:description\" content=\"2025: ABVPB &#8211; Rapport Financier 2025 Financial Statement Compte rendu_AGA_2025 2024: Rapport Financier 2024 &#8211; Financial Report 2024 &#8211; Association Bassin Versant du Poisson Blanc 2023: Compte rendu__CA_2023-10-28 2022: Compte rendu AGA 2022 &#8211; 12 Dec 2022 Compte rendu-Minutes 2022-04-19 Compte rendu__CA_2022-02-22 2021: \u00a0 MERCI \u00c0 MONIQUE POUR LA TRANSCRIPTION PROC\u00c8S VERBAL_ADM_7 JANVIER 2021 ADM_proc\u00e8s_verbalZOOM [&hellip;]\" \/>\n<meta property=\"og:url\" content=\"https:\/\/abvdupoissonblanc.ca\/fr\/proces-verbaux\/\" \/>\n<meta property=\"og:site_name\" content=\"Association lac Poisson-Blanc\" \/>\n<meta property=\"article:publisher\" content=\"https:\/\/www.facebook.com\/groups\/LacPoissonBlanc\/\" \/>\n<meta property=\"article:modified_time\" content=\"2026-01-06T17:45:35+00:00\" \/>\n<meta name=\"twitter:label1\" content=\"Dur\u00e9e de lecture estim\u00e9e\" \/>\n\t<meta name=\"twitter:data1\" content=\"2 minutes\" \/>\n<script type=\"application\/ld+json\" class=\"yoast-schema-graph\">{\"@context\":\"https:\\\/\\\/schema.org\",\"@graph\":[{\"@type\":\"WebPage\",\"@id\":\"https:\\\/\\\/abvdupoissonblanc.ca\\\/fr\\\/proces-verbaux\\\/\",\"url\":\"https:\\\/\\\/abvdupoissonblanc.ca\\\/fr\\\/proces-verbaux\\\/\",\"name\":\"Proc\u00e8s-verbaux de nos r\u00e9unions et \u00e9tats financiers - Association lac Poisson-Blanc\",\"isPartOf\":{\"@id\":\"https:\\\/\\\/abvdupoissonblanc.ca\\\/fr\\\/#website\"},\"datePublished\":\"2015-03-23T03:53:04+00:00\",\"dateModified\":\"2026-01-06T17:45:35+00:00\",\"breadcrumb\":{\"@id\":\"https:\\\/\\\/abvdupoissonblanc.ca\\\/fr\\\/proces-verbaux\\\/#breadcrumb\"},\"inLanguage\":\"fr-FR\",\"potentialAction\":[{\"@type\":\"ReadAction\",\"target\":[\"https:\\\/\\\/abvdupoissonblanc.ca\\\/fr\\\/proces-verbaux\\\/\"]}]},{\"@type\":\"BreadcrumbList\",\"@id\":\"https:\\\/\\\/abvdupoissonblanc.ca\\\/fr\\\/proces-verbaux\\\/#breadcrumb\",\"itemListElement\":[{\"@type\":\"ListItem\",\"position\":1,\"name\":\"Home\",\"item\":\"https:\\\/\\\/abvdupoissonblanc.ca\\\/fr\\\/\"},{\"@type\":\"ListItem\",\"position\":2,\"name\":\"Proc\u00e8s-verbaux de nos r\u00e9unions et \u00e9tats financiers\"}]},{\"@type\":\"WebSite\",\"@id\":\"https:\\\/\\\/abvdupoissonblanc.ca\\\/fr\\\/#website\",\"url\":\"https:\\\/\\\/abvdupoissonblanc.ca\\\/fr\\\/\",\"name\":\"Association lac Poisson-Blanc\",\"description\":\"\",\"publisher\":{\"@id\":\"https:\\\/\\\/abvdupoissonblanc.ca\\\/fr\\\/#organization\"},\"potentialAction\":[{\"@type\":\"SearchAction\",\"target\":{\"@type\":\"EntryPoint\",\"urlTemplate\":\"https:\\\/\\\/abvdupoissonblanc.ca\\\/fr\\\/?s={search_term_string}\"},\"query-input\":{\"@type\":\"PropertyValueSpecification\",\"valueRequired\":true,\"valueName\":\"search_term_string\"}}],\"inLanguage\":\"fr-FR\"},{\"@type\":\"Organization\",\"@id\":\"https:\\\/\\\/abvdupoissonblanc.ca\\\/fr\\\/#organization\",\"name\":\"Association lac Poisson-Blanc\",\"url\":\"https:\\\/\\\/abvdupoissonblanc.ca\\\/fr\\\/\",\"logo\":{\"@type\":\"ImageObject\",\"inLanguage\":\"fr-FR\",\"@id\":\"https:\\\/\\\/abvdupoissonblanc.ca\\\/fr\\\/#\\\/schema\\\/logo\\\/image\\\/\",\"url\":\"https:\\\/\\\/abvdupoissonblanc.ca\\\/wp-content\\\/uploads\\\/2020\\\/06\\\/lacpoissonblanc-1.png\",\"contentUrl\":\"https:\\\/\\\/abvdupoissonblanc.ca\\\/wp-content\\\/uploads\\\/2020\\\/06\\\/lacpoissonblanc-1.png\",\"width\":314,\"height\":169,\"caption\":\"Association lac Poisson-Blanc\"},\"image\":{\"@id\":\"https:\\\/\\\/abvdupoissonblanc.ca\\\/fr\\\/#\\\/schema\\\/logo\\\/image\\\/\"},\"sameAs\":[\"https:\\\/\\\/www.facebook.com\\\/groups\\\/LacPoissonBlanc\\\/\"]}]}<\/script>\n<!-- \/ Yoast SEO plugin. -->","yoast_head_json":{"title":"Proc\u00e8s-verbaux de nos r\u00e9unions et \u00e9tats financiers - Association lac Poisson-Blanc","robots":{"index":"index","follow":"follow","max-snippet":"max-snippet:-1","max-image-preview":"max-image-preview:large","max-video-preview":"max-video-preview:-1"},"canonical":"https:\/\/abvdupoissonblanc.ca\/fr\/proces-verbaux\/","og_locale":"fr_FR","og_type":"article","og_title":"Proc\u00e8s-verbaux de nos r\u00e9unions et \u00e9tats financiers - Association lac Poisson-Blanc","og_description":"2025: ABVPB &#8211; Rapport Financier 2025 Financial Statement Compte rendu_AGA_2025 2024: Rapport Financier 2024 &#8211; Financial Report 2024 &#8211; Association Bassin Versant du Poisson Blanc 2023: Compte rendu__CA_2023-10-28 2022: Compte rendu AGA 2022 &#8211; 12 Dec 2022 Compte rendu-Minutes 2022-04-19 Compte rendu__CA_2022-02-22 2021: \u00a0 MERCI \u00c0 MONIQUE POUR LA TRANSCRIPTION PROC\u00c8S VERBAL_ADM_7 JANVIER 2021 ADM_proc\u00e8s_verbalZOOM [&hellip;]","og_url":"https:\/\/abvdupoissonblanc.ca\/fr\/proces-verbaux\/","og_site_name":"Association lac Poisson-Blanc","article_publisher":"https:\/\/www.facebook.com\/groups\/LacPoissonBlanc\/","article_modified_time":"2026-01-06T17:45:35+00:00","twitter_misc":{"Dur\u00e9e de lecture estim\u00e9e":"2 minutes"},"schema":{"@context":"https:\/\/schema.org","@graph":[{"@type":"WebPage","@id":"https:\/\/abvdupoissonblanc.ca\/fr\/proces-verbaux\/","url":"https:\/\/abvdupoissonblanc.ca\/fr\/proces-verbaux\/","name":"Proc\u00e8s-verbaux de nos r\u00e9unions et \u00e9tats financiers - Association lac Poisson-Blanc","isPartOf":{"@id":"https:\/\/abvdupoissonblanc.ca\/fr\/#website"},"datePublished":"2015-03-23T03:53:04+00:00","dateModified":"2026-01-06T17:45:35+00:00","breadcrumb":{"@id":"https:\/\/abvdupoissonblanc.ca\/fr\/proces-verbaux\/#breadcrumb"},"inLanguage":"fr-FR","potentialAction":[{"@type":"ReadAction","target":["https:\/\/abvdupoissonblanc.ca\/fr\/proces-verbaux\/"]}]},{"@type":"BreadcrumbList","@id":"https:\/\/abvdupoissonblanc.ca\/fr\/proces-verbaux\/#breadcrumb","itemListElement":[{"@type":"ListItem","position":1,"name":"Home","item":"https:\/\/abvdupoissonblanc.ca\/fr\/"},{"@type":"ListItem","position":2,"name":"Proc\u00e8s-verbaux de nos r\u00e9unions et \u00e9tats financiers"}]},{"@type":"WebSite","@id":"https:\/\/abvdupoissonblanc.ca\/fr\/#website","url":"https:\/\/abvdupoissonblanc.ca\/fr\/","name":"Association lac Poisson-Blanc","description":"","publisher":{"@id":"https:\/\/abvdupoissonblanc.ca\/fr\/#organization"},"potentialAction":[{"@type":"SearchAction","target":{"@type":"EntryPoint","urlTemplate":"https:\/\/abvdupoissonblanc.ca\/fr\/?s={search_term_string}"},"query-input":{"@type":"PropertyValueSpecification","valueRequired":true,"valueName":"search_term_string"}}],"inLanguage":"fr-FR"},{"@type":"Organization","@id":"https:\/\/abvdupoissonblanc.ca\/fr\/#organization","name":"Association lac Poisson-Blanc","url":"https:\/\/abvdupoissonblanc.ca\/fr\/","logo":{"@type":"ImageObject","inLanguage":"fr-FR","@id":"https:\/\/abvdupoissonblanc.ca\/fr\/#\/schema\/logo\/image\/","url":"https:\/\/abvdupoissonblanc.ca\/wp-content\/uploads\/2020\/06\/lacpoissonblanc-1.png","contentUrl":"https:\/\/abvdupoissonblanc.ca\/wp-content\/uploads\/2020\/06\/lacpoissonblanc-1.png","width":314,"height":169,"caption":"Association lac Poisson-Blanc"},"image":{"@id":"https:\/\/abvdupoissonblanc.ca\/fr\/#\/schema\/logo\/image\/"},"sameAs":["https:\/\/www.facebook.com\/groups\/LacPoissonBlanc\/"]}]}},"_links":{"self":[{"href":"https:\/\/abvdupoissonblanc.ca\/fr\/wp-json\/wp\/v2\/pages\/493","targetHints":{"allow":["GET"]}}],"collection":[{"href":"https:\/\/abvdupoissonblanc.ca\/fr\/wp-json\/wp\/v2\/pages"}],"about":[{"href":"https:\/\/abvdupoissonblanc.ca\/fr\/wp-json\/wp\/v2\/types\/page"}],"author":[{"embeddable":true,"href":"https:\/\/abvdupoissonblanc.ca\/fr\/wp-json\/wp\/v2\/users\/1"}],"replies":[{"embeddable":true,"href":"https:\/\/abvdupoissonblanc.ca\/fr\/wp-json\/wp\/v2\/comments?post=493"}],"version-history":[{"count":58,"href":"https:\/\/abvdupoissonblanc.ca\/fr\/wp-json\/wp\/v2\/pages\/493\/revisions"}],"predecessor-version":[{"id":12887,"href":"https:\/\/abvdupoissonblanc.ca\/fr\/wp-json\/wp\/v2\/pages\/493\/revisions\/12887"}],"wp:attachment":[{"href":"https:\/\/abvdupoissonblanc.ca\/fr\/wp-json\/wp\/v2\/media?parent=493"}],"curies":[{"name":"wp","href":"https:\/\/api.w.org\/{rel}","templated":true}]}}