{"id":491,"date":"2015-03-22T23:52:49","date_gmt":"2015-03-23T03:52:49","guid":{"rendered":"http:\/\/www.lacpoissonblanc.ca\/?page_id=491"},"modified":"2024-07-17T19:40:51","modified_gmt":"2024-07-17T23:40:51","slug":"qui-sommes-nous","status":"publish","type":"page","link":"https:\/\/abvdupoissonblanc.ca\/fr\/qui-sommes-nous\/","title":{"rendered":"Qui sommes nous ?"},"content":{"rendered":"\r\n<figure class=\"wp-block-image is-resized\"><img loading=\"lazy\" decoding=\"async\" class=\"wp-image-5011\" src=\"https:\/\/abvdupoissonblanc.ca\/wp-content\/uploads\/2019\/04\/lacpoissonblanc_logo_2019-1024x512.jpg\" alt=\"\" width=\"445\" height=\"223\" srcset=\"https:\/\/abvdupoissonblanc.ca\/wp-content\/uploads\/2019\/04\/lacpoissonblanc_logo_2019-1024x512.jpg 1024w, https:\/\/abvdupoissonblanc.ca\/wp-content\/uploads\/2019\/04\/lacpoissonblanc_logo_2019-scaled-600x300.jpg 600w, https:\/\/abvdupoissonblanc.ca\/wp-content\/uploads\/2019\/04\/lacpoissonblanc_logo_2019-300x150.jpg 300w, https:\/\/abvdupoissonblanc.ca\/wp-content\/uploads\/2019\/04\/lacpoissonblanc_logo_2019-768x384.jpg 768w\" sizes=\"auto, (max-width: 445px) 100vw, 445px\" \/><\/figure>\r\n\r\n\r\n\r\n<p class=\"has-background has-cyan-bluish-gray-background-color\"><strong>Nous sommes une Association qui a \u00e9t\u00e9 incorpor\u00e9e en 2014.<\/strong><\/p>\r\n\r\n\r\n\r\n<h3 class=\"wp-block-heading\"><strong>Notre mandat:<\/strong><\/h3>\r\n<p>Promouvoir et entretenir un environnement sain et naturel et une communaut\u00e9 s\u00fbre et paisible.<\/p>\r\n<p>Favoriser l&#8217;harmonie entre tous ceux qui profitent du bassin versant du lac Poisson Blanc.<\/p>\r\n<p>Fournir \u00e0 nos membres les connaissances et les outils n\u00e9cessaires pour d\u00e9fendre les int\u00e9r\u00eats de leur communaut\u00e9.<\/p>\r\n\r\n\r\n\r\n<h3><strong>\r\n\r\n<\/strong><\/h3>\r\n<h3><strong>\r\n\r\n<\/strong><\/h3>\r\n<h3><strong>\r\n\r\n<\/strong><\/h3>\r\n\r\n\r\n\r\n<h4 class=\"wp-block-heading\">Voici nos r\u00e8glements administratifs : <a href=\"https:\/\/abvdupoissonblanc.ca\/wp-content\/uploads\/2021\/08\/Reglements-administratifs-refondus_2019FR.pdf\">R\u00e8glements administratifs refondus_2019FR<\/a><\/h4>\r\n\r\n\r\n\r\n\r\n<hr class=\"wp-block-separator\" \/>\r\n\r\n\r\n<h3 class=\"wp-block-heading\"><strong>Nos administrateurs:<\/strong><\/h3>\r\n\r\n\r\n\r\n<p class=\"has-background has-cyan-bluish-gray-background-color\">Le mandat d&#8217;un administrateur est d&#8217;une ann\u00e9e.<\/p>\r\n<ul>\r\n<li>Pr\u00e9sident :\u00a0 <strong>JEFF PARKES<\/strong><\/li>\r\n<li>Vice-Pr\u00e9sidente :\u00a0 <strong>JOANNE ROY FOSTER<\/strong><\/li>\r\n<li>Repr\u00e9sentant du secteur de la baie Newton :\u00a0 <strong>SHEILA PETZOLD<\/strong>\u00a0<\/li>\r\n<li>Repr\u00e9sentante du secteur Bowman : <strong>LINDA CORNELL<\/strong><\/li>\r\n<li>Repr\u00e9sentant du secteur Notre-Dame-de-Laus : <strong>PATRICK GOSSELIN<\/strong><\/li>\r\n<li>Repr\u00e9sentant du secteur du lac Newton : <strong>DAVID ORFALD<\/strong><\/li>\r\n<li>Repr\u00e9sentante du secteur du lac du Brochet : <strong>MONIQUE LESAGE<\/strong><\/li>\r\n<li>Administration des finances :\u00a0 <strong>PETER FOSTER<\/strong>\u00a0<\/li>\r\n<li>Administration et Membership : <strong>MONIQUE LESAGE<br \/><\/strong><\/li>\r\n<\/ul>\r\n\r\n\r\n\r\n\r\n\r\n<h3 class=\"wp-block-heading\"><strong>Vous voulez nous rejoindre par courriel votre REPR\u00c9SENTANT.E ?<\/strong><\/h3>\r\n\r\n\r\n\r\n<p class=\"has-background has-luminous-vivid-amber-background-color\"><strong>Voici leurs adresses courriels:<br \/><\/strong><\/p>\r\n<p class=\"has-background has-luminous-vivid-amber-background-color\">N\u2019oubliez pas nous sommes tous des b\u00e9n\u00e9voles &#8230;<\/p>\r\n\r\n\r\n\r\n<ul class=\"wp-block-list\">\r\n<li>Baie Newton :\u00a0 <strong>Sheila Petzold\u00a0 \u00a0 \u00a0 \u00a0 \u00a0 \u00a0 \u00a0 \u00a0 \u00a0 \u00a0 \u00a0<\/strong>courriel : <a href=\"mailto:petzoldsheila@gmail.com\">clique ici<\/a><\/li>\r\n<li>Secteur Bowman: <strong>Linda Cornell \u00a0 \u00a0\u00a0<\/strong> \u00a0\u00a0\u00a0\u00a0\u00a0\u00a0\u00a0\u00a0\u00a0\u00a0 courriel : <a href=\"mailto:linda.cornell@hotmail.ca\">clique ici<\/a><\/li>\r\n<li>Lac Newton: <strong> David Orfald<\/strong>\u00a0 \u00a0 \u00a0 \u00a0 \u00a0 \u00a0 \u00a0 \u00a0 \u00a0 \u00a0 \u00a0 \u00a0 \u00a0 \u00a0 courriel : <a href=\"mailto:david.orfald@gmail.com\">clique ici<\/a><\/li>\r\n<li>Lac du Brochet: <strong>Monique Lesage <\/strong>\u00a0 \u00a0 \u00a0 \u00a0 \u00a0 \u00a0 \u00a0 courriel : <a href=\"mailto:lesagehebert@gmail.com\">clique ici<\/a><\/li>\r\n<li>Notre-Dame-de-Laus: <strong>Patrick Gosselin <\/strong>\u00a0 courriel :\u00a0\u00a0<a href=\"patrick.gosselin@corealispharma.com\">clique ici<\/a><\/li>\r\n<\/ul>\r\n\r\n\r\n\r\n<p><strong>Adresse postale:<\/strong><\/p>\r\n\r\n\r\n\r\n<p class=\"has-background has-luminous-vivid-amber-background-color\">104 Rue Bocage<br \/>Gatineau, Qu\u00e9bec<br \/>J8T\u00a0 5W6<strong><br \/><\/strong><\/p>\r\n\r\n\r\n\r\n<h3 class=\"wp-block-heading\"><strong>Co\u00fbt pour le membership:<\/strong><\/h3>\r\n\r\n\r\n\r\n<p>Notre membership est ouvert \u00e0 tous ceux qui respectent notre<strong> CODE \u00c9THIQUE<\/strong>: <strong><a href=\"https:\/\/abvdupoissonblanc.ca\/fr\/notre-code-ethique\/\" target=\"_blank\" rel=\"noreferrer noopener\" aria-label=\" (opens in a new tab)\">clique ici pour le lire<\/a><\/strong><\/p>\r\n\r\n\r\n\r\n<h3 class=\"has-background has-luminous-vivid-amber-background-color\"><strong>25 $ par personne\u00a0 \u00a0 \u00a045$ pour une famille\u00a0\u00a0<\/strong><\/h3>\r\n\r\n\r\n<hr class=\"wp-block-separator\" \/>\r\n\r\n\r\n<h3 class=\"wp-block-heading\"><strong>Les comit\u00e9s avec leurs responsables:<\/strong><\/h3>\r\n\r\n\r\n\r\n\r\n\r\n\r\n\r\n<p class=\"has-text-color has-luminous-vivid-orange-color\">Comit\u00e9 des bou\u00e9es:<\/p>\r\n<p class=\"has-text-color has-luminous-vivid-orange-color\"><strong>ROUGE (<\/strong>s\u00e9curit\u00e9 nautique<strong>): <\/strong>Margaret Robinson\u00a0\u00a0<\/p>\r\n<p class=\"has-text-color has-luminous-vivid-orange-color\"><strong>JAUNE <\/strong>(Myriophylle) et<strong> BLANCHE: <\/strong>Jeff Parkes<\/p>\r\n<p>\r\n\r\n\r\n\r\n\r\n\r\n\r\n\r\n\r\n\r\n\r\n\r\n\r\n\r\n\r\n\r\n<\/p>\r\n<p class=\"has-text-color has-luminous-vivid-orange-color\">Histoire locale : <strong>Carla Monette<\/strong><\/p>\r\n<p>\r\n\r\n\r\n\r\n\r\n\r\n\r\n\r\n<\/p>\r\n<p class=\"has-text-color has-luminous-vivid-orange-color\"><strong>Surveillance communautaire: <\/strong><\/p>\r\n<p class=\"has-text-color has-luminous-vivid-orange-color\">Chemin du Grand-Poisson-Blanc: Pierre Charlebois et Carla Monette<\/p>\r\n<p class=\"has-text-color has-luminous-vivid-orange-color\">Bowman: Linda Cornell<\/p>\r\n\r\n\r\n\r\n\r\n<hr class=\"wp-block-separator\" \/>\r\n\r\n\r\n<h3 class=\"wp-block-heading\"><strong>Vous voulez nous \u00e9crire? <\/strong>Cliquez: <a href=\"https:\/\/abvdupoissonblanc.ca\/fr\/pour-nous-rejoindre\/\">ICI<\/a><\/h3>\r\n\r\n\r\n\r\n\r\n\r\n<p class=\"has-background has-luminous-vivid-amber-background-color\">Notre page<strong> FACEBOOK<\/strong> est administr\u00e9e par <strong>Carla Monette <\/strong><\/p>\r\n\r\n\r\n\r\n\r\n\r\n<p class=\"has-background has-luminous-vivid-amber-background-color\"><strong>Webmestre<\/strong> : Matthew Gibson<\/p>\r\n\r\n<h4><span id=\"result_box\" class=\"short_text\" lang=\"fr\"><span class=\"\">H\u00e9berg\u00e9<\/span><\/span> par:<\/h4>\r\n<h3><a href=\"http:\/\/www.abvdupoissonblanc.ca\/wp-content\/uploads\/2015\/03\/flewid.png\" rel=\"attachment wp-att-1695\" data-slb-active=\"1\" data-slb-asset=\"89099397\" data-slb-group=\"491\"><img loading=\"lazy\" decoding=\"async\" class=\"alignnone size-full wp-image-1695\" src=\"http:\/\/www.abvdupoissonblanc.ca\/wp-content\/uploads\/2015\/03\/flewid.png\" sizes=\"auto, (max-width: 306px) 100vw, 306px\" srcset=\"https:\/\/abvdupoissonblanc.ca\/wp-content\/uploads\/2015\/03\/flewid.png 306w, https:\/\/abvdupoissonblanc.ca\/wp-content\/uploads\/2015\/03\/flewid-300x103.png 300w\" alt=\"flewid\" width=\"306\" height=\"105\" \/><\/a><\/h3>\r\n<h3><a href=\"http:\/\/www.flewid.ca\">www.flewid.ca<\/a><\/h3>\r\n<h4>Si vous remarquez des erreurs s\u2019il vous pla\u00eet nous aviser.<\/h4>","protected":false},"excerpt":{"rendered":"<p>Nous sommes une Association qui a \u00e9t\u00e9 incorpor\u00e9e en 2014. Notre mandat: Promouvoir et entretenir un environnement sain et naturel et une communaut\u00e9 s\u00fbre et paisible. Favoriser l&#8217;harmonie entre tous ceux qui profitent du bassin versant du lac Poisson Blanc. Fournir \u00e0 nos membres les connaissances et les outils n\u00e9cessaires pour d\u00e9fendre les int\u00e9r\u00eats de [&hellip;]<\/p>\n","protected":false},"author":1,"featured_media":0,"parent":0,"menu_order":0,"comment_status":"closed","ping_status":"closed","template":"","meta":{"footnotes":""},"class_list":["post-491","page","type-page","status-publish","hentry"],"yoast_head":"<!-- This site is optimized with the Yoast SEO plugin v27.3 - https:\/\/yoast.com\/product\/yoast-seo-wordpress\/ -->\n<title>Qui sommes nous ? - Association lac Poisson-Blanc<\/title>\n<meta name=\"robots\" content=\"index, follow, max-snippet:-1, max-image-preview:large, max-video-preview:-1\" \/>\n<link rel=\"canonical\" href=\"https:\/\/abvdupoissonblanc.ca\/fr\/qui-sommes-nous\/\" \/>\n<meta property=\"og:locale\" content=\"fr_FR\" \/>\n<meta property=\"og:type\" content=\"article\" \/>\n<meta property=\"og:title\" content=\"Qui sommes nous ? - Association lac Poisson-Blanc\" \/>\n<meta property=\"og:description\" content=\"Nous sommes une Association qui a \u00e9t\u00e9 incorpor\u00e9e en 2014. Notre mandat: Promouvoir et entretenir un environnement sain et naturel et une communaut\u00e9 s\u00fbre et paisible. Favoriser l&#8217;harmonie entre tous ceux qui profitent du bassin versant du lac Poisson Blanc. Fournir \u00e0 nos membres les connaissances et les outils n\u00e9cessaires pour d\u00e9fendre les int\u00e9r\u00eats de [&hellip;]\" \/>\n<meta property=\"og:url\" content=\"https:\/\/abvdupoissonblanc.ca\/fr\/qui-sommes-nous\/\" \/>\n<meta property=\"og:site_name\" content=\"Association lac Poisson-Blanc\" \/>\n<meta property=\"article:publisher\" content=\"https:\/\/www.facebook.com\/groups\/LacPoissonBlanc\/\" \/>\n<meta property=\"article:modified_time\" content=\"2024-07-17T23:40:51+00:00\" \/>\n<meta property=\"og:image\" content=\"https:\/\/abvdupoissonblanc.ca\/wp-content\/uploads\/2019\/04\/lacpoissonblanc_logo_2019-1024x512.jpg\" \/>\n<meta name=\"twitter:label1\" content=\"Dur\u00e9e de lecture estim\u00e9e\" \/>\n\t<meta name=\"twitter:data1\" content=\"2 minutes\" \/>\n<script type=\"application\/ld+json\" class=\"yoast-schema-graph\">{\"@context\":\"https:\\\/\\\/schema.org\",\"@graph\":[{\"@type\":\"WebPage\",\"@id\":\"https:\\\/\\\/abvdupoissonblanc.ca\\\/fr\\\/qui-sommes-nous\\\/\",\"url\":\"https:\\\/\\\/abvdupoissonblanc.ca\\\/fr\\\/qui-sommes-nous\\\/\",\"name\":\"Qui sommes nous ? - Association lac Poisson-Blanc\",\"isPartOf\":{\"@id\":\"https:\\\/\\\/abvdupoissonblanc.ca\\\/fr\\\/#website\"},\"primaryImageOfPage\":{\"@id\":\"https:\\\/\\\/abvdupoissonblanc.ca\\\/fr\\\/qui-sommes-nous\\\/#primaryimage\"},\"image\":{\"@id\":\"https:\\\/\\\/abvdupoissonblanc.ca\\\/fr\\\/qui-sommes-nous\\\/#primaryimage\"},\"thumbnailUrl\":\"https:\\\/\\\/abvdupoissonblanc.ca\\\/wp-content\\\/uploads\\\/2019\\\/04\\\/lacpoissonblanc_logo_2019-1024x512.jpg\",\"datePublished\":\"2015-03-23T03:52:49+00:00\",\"dateModified\":\"2024-07-17T23:40:51+00:00\",\"breadcrumb\":{\"@id\":\"https:\\\/\\\/abvdupoissonblanc.ca\\\/fr\\\/qui-sommes-nous\\\/#breadcrumb\"},\"inLanguage\":\"fr-FR\",\"potentialAction\":[{\"@type\":\"ReadAction\",\"target\":[\"https:\\\/\\\/abvdupoissonblanc.ca\\\/fr\\\/qui-sommes-nous\\\/\"]}]},{\"@type\":\"ImageObject\",\"inLanguage\":\"fr-FR\",\"@id\":\"https:\\\/\\\/abvdupoissonblanc.ca\\\/fr\\\/qui-sommes-nous\\\/#primaryimage\",\"url\":\"https:\\\/\\\/abvdupoissonblanc.ca\\\/wp-content\\\/uploads\\\/2019\\\/04\\\/lacpoissonblanc_logo_2019-1024x512.jpg\",\"contentUrl\":\"https:\\\/\\\/abvdupoissonblanc.ca\\\/wp-content\\\/uploads\\\/2019\\\/04\\\/lacpoissonblanc_logo_2019-1024x512.jpg\"},{\"@type\":\"BreadcrumbList\",\"@id\":\"https:\\\/\\\/abvdupoissonblanc.ca\\\/fr\\\/qui-sommes-nous\\\/#breadcrumb\",\"itemListElement\":[{\"@type\":\"ListItem\",\"position\":1,\"name\":\"Home\",\"item\":\"https:\\\/\\\/abvdupoissonblanc.ca\\\/fr\\\/\"},{\"@type\":\"ListItem\",\"position\":2,\"name\":\"Qui sommes nous ?\"}]},{\"@type\":\"WebSite\",\"@id\":\"https:\\\/\\\/abvdupoissonblanc.ca\\\/fr\\\/#website\",\"url\":\"https:\\\/\\\/abvdupoissonblanc.ca\\\/fr\\\/\",\"name\":\"Association lac Poisson-Blanc\",\"description\":\"\",\"publisher\":{\"@id\":\"https:\\\/\\\/abvdupoissonblanc.ca\\\/fr\\\/#organization\"},\"potentialAction\":[{\"@type\":\"SearchAction\",\"target\":{\"@type\":\"EntryPoint\",\"urlTemplate\":\"https:\\\/\\\/abvdupoissonblanc.ca\\\/fr\\\/?s={search_term_string}\"},\"query-input\":{\"@type\":\"PropertyValueSpecification\",\"valueRequired\":true,\"valueName\":\"search_term_string\"}}],\"inLanguage\":\"fr-FR\"},{\"@type\":\"Organization\",\"@id\":\"https:\\\/\\\/abvdupoissonblanc.ca\\\/fr\\\/#organization\",\"name\":\"Association lac Poisson-Blanc\",\"url\":\"https:\\\/\\\/abvdupoissonblanc.ca\\\/fr\\\/\",\"logo\":{\"@type\":\"ImageObject\",\"inLanguage\":\"fr-FR\",\"@id\":\"https:\\\/\\\/abvdupoissonblanc.ca\\\/fr\\\/#\\\/schema\\\/logo\\\/image\\\/\",\"url\":\"https:\\\/\\\/abvdupoissonblanc.ca\\\/wp-content\\\/uploads\\\/2020\\\/06\\\/lacpoissonblanc-1.png\",\"contentUrl\":\"https:\\\/\\\/abvdupoissonblanc.ca\\\/wp-content\\\/uploads\\\/2020\\\/06\\\/lacpoissonblanc-1.png\",\"width\":314,\"height\":169,\"caption\":\"Association lac Poisson-Blanc\"},\"image\":{\"@id\":\"https:\\\/\\\/abvdupoissonblanc.ca\\\/fr\\\/#\\\/schema\\\/logo\\\/image\\\/\"},\"sameAs\":[\"https:\\\/\\\/www.facebook.com\\\/groups\\\/LacPoissonBlanc\\\/\"]}]}<\/script>\n<!-- \/ Yoast SEO plugin. -->","yoast_head_json":{"title":"Qui sommes nous ? - Association lac Poisson-Blanc","robots":{"index":"index","follow":"follow","max-snippet":"max-snippet:-1","max-image-preview":"max-image-preview:large","max-video-preview":"max-video-preview:-1"},"canonical":"https:\/\/abvdupoissonblanc.ca\/fr\/qui-sommes-nous\/","og_locale":"fr_FR","og_type":"article","og_title":"Qui sommes nous ? - Association lac Poisson-Blanc","og_description":"Nous sommes une Association qui a \u00e9t\u00e9 incorpor\u00e9e en 2014. Notre mandat: Promouvoir et entretenir un environnement sain et naturel et une communaut\u00e9 s\u00fbre et paisible. Favoriser l&#8217;harmonie entre tous ceux qui profitent du bassin versant du lac Poisson Blanc. Fournir \u00e0 nos membres les connaissances et les outils n\u00e9cessaires pour d\u00e9fendre les int\u00e9r\u00eats de [&hellip;]","og_url":"https:\/\/abvdupoissonblanc.ca\/fr\/qui-sommes-nous\/","og_site_name":"Association lac Poisson-Blanc","article_publisher":"https:\/\/www.facebook.com\/groups\/LacPoissonBlanc\/","article_modified_time":"2024-07-17T23:40:51+00:00","og_image":[{"url":"https:\/\/abvdupoissonblanc.ca\/wp-content\/uploads\/2019\/04\/lacpoissonblanc_logo_2019-1024x512.jpg","type":"","width":"","height":""}],"twitter_misc":{"Dur\u00e9e de lecture estim\u00e9e":"2 minutes"},"schema":{"@context":"https:\/\/schema.org","@graph":[{"@type":"WebPage","@id":"https:\/\/abvdupoissonblanc.ca\/fr\/qui-sommes-nous\/","url":"https:\/\/abvdupoissonblanc.ca\/fr\/qui-sommes-nous\/","name":"Qui sommes nous ? - Association lac Poisson-Blanc","isPartOf":{"@id":"https:\/\/abvdupoissonblanc.ca\/fr\/#website"},"primaryImageOfPage":{"@id":"https:\/\/abvdupoissonblanc.ca\/fr\/qui-sommes-nous\/#primaryimage"},"image":{"@id":"https:\/\/abvdupoissonblanc.ca\/fr\/qui-sommes-nous\/#primaryimage"},"thumbnailUrl":"https:\/\/abvdupoissonblanc.ca\/wp-content\/uploads\/2019\/04\/lacpoissonblanc_logo_2019-1024x512.jpg","datePublished":"2015-03-23T03:52:49+00:00","dateModified":"2024-07-17T23:40:51+00:00","breadcrumb":{"@id":"https:\/\/abvdupoissonblanc.ca\/fr\/qui-sommes-nous\/#breadcrumb"},"inLanguage":"fr-FR","potentialAction":[{"@type":"ReadAction","target":["https:\/\/abvdupoissonblanc.ca\/fr\/qui-sommes-nous\/"]}]},{"@type":"ImageObject","inLanguage":"fr-FR","@id":"https:\/\/abvdupoissonblanc.ca\/fr\/qui-sommes-nous\/#primaryimage","url":"https:\/\/abvdupoissonblanc.ca\/wp-content\/uploads\/2019\/04\/lacpoissonblanc_logo_2019-1024x512.jpg","contentUrl":"https:\/\/abvdupoissonblanc.ca\/wp-content\/uploads\/2019\/04\/lacpoissonblanc_logo_2019-1024x512.jpg"},{"@type":"BreadcrumbList","@id":"https:\/\/abvdupoissonblanc.ca\/fr\/qui-sommes-nous\/#breadcrumb","itemListElement":[{"@type":"ListItem","position":1,"name":"Home","item":"https:\/\/abvdupoissonblanc.ca\/fr\/"},{"@type":"ListItem","position":2,"name":"Qui sommes nous ?"}]},{"@type":"WebSite","@id":"https:\/\/abvdupoissonblanc.ca\/fr\/#website","url":"https:\/\/abvdupoissonblanc.ca\/fr\/","name":"Association lac Poisson-Blanc","description":"","publisher":{"@id":"https:\/\/abvdupoissonblanc.ca\/fr\/#organization"},"potentialAction":[{"@type":"SearchAction","target":{"@type":"EntryPoint","urlTemplate":"https:\/\/abvdupoissonblanc.ca\/fr\/?s={search_term_string}"},"query-input":{"@type":"PropertyValueSpecification","valueRequired":true,"valueName":"search_term_string"}}],"inLanguage":"fr-FR"},{"@type":"Organization","@id":"https:\/\/abvdupoissonblanc.ca\/fr\/#organization","name":"Association lac Poisson-Blanc","url":"https:\/\/abvdupoissonblanc.ca\/fr\/","logo":{"@type":"ImageObject","inLanguage":"fr-FR","@id":"https:\/\/abvdupoissonblanc.ca\/fr\/#\/schema\/logo\/image\/","url":"https:\/\/abvdupoissonblanc.ca\/wp-content\/uploads\/2020\/06\/lacpoissonblanc-1.png","contentUrl":"https:\/\/abvdupoissonblanc.ca\/wp-content\/uploads\/2020\/06\/lacpoissonblanc-1.png","width":314,"height":169,"caption":"Association lac Poisson-Blanc"},"image":{"@id":"https:\/\/abvdupoissonblanc.ca\/fr\/#\/schema\/logo\/image\/"},"sameAs":["https:\/\/www.facebook.com\/groups\/LacPoissonBlanc\/"]}]}},"_links":{"self":[{"href":"https:\/\/abvdupoissonblanc.ca\/fr\/wp-json\/wp\/v2\/pages\/491","targetHints":{"allow":["GET"]}}],"collection":[{"href":"https:\/\/abvdupoissonblanc.ca\/fr\/wp-json\/wp\/v2\/pages"}],"about":[{"href":"https:\/\/abvdupoissonblanc.ca\/fr\/wp-json\/wp\/v2\/types\/page"}],"author":[{"embeddable":true,"href":"https:\/\/abvdupoissonblanc.ca\/fr\/wp-json\/wp\/v2\/users\/1"}],"replies":[{"embeddable":true,"href":"https:\/\/abvdupoissonblanc.ca\/fr\/wp-json\/wp\/v2\/comments?post=491"}],"version-history":[{"count":109,"href":"https:\/\/abvdupoissonblanc.ca\/fr\/wp-json\/wp\/v2\/pages\/491\/revisions"}],"predecessor-version":[{"id":12820,"href":"https:\/\/abvdupoissonblanc.ca\/fr\/wp-json\/wp\/v2\/pages\/491\/revisions\/12820"}],"wp:attachment":[{"href":"https:\/\/abvdupoissonblanc.ca\/fr\/wp-json\/wp\/v2\/media?parent=491"}],"curies":[{"name":"wp","href":"https:\/\/api.w.org\/{rel}","templated":true}]}}