{"id":374,"date":"2015-03-15T20:47:32","date_gmt":"2015-03-16T00:47:32","guid":{"rendered":"http:\/\/www.lacpoissonblanc.ca\/?page_id=374"},"modified":"2022-07-08T00:53:46","modified_gmt":"2022-07-08T04:53:46","slug":"devenir-membre","status":"publish","type":"page","link":"https:\/\/abvdupoissonblanc.ca\/fr\/devenir-membre\/","title":{"rendered":"Devenir membre"},"content":{"rendered":"\r\n\r\n\r\n<h2 class=\"wp-block-heading\"><strong>\u00catre membre a ses avantages:<\/strong><\/h2>\r\n<hr \/>\r\n<ul>\r\n<li>Faire entendre votre opinion;<\/li>\r\n<li>Participez \u00e0 la vie communautaire;<\/li>\r\n<li>Emprunter du mat\u00e9riel de l&#8217;Association (jeux, tables);<\/li>\r\n<li>Le partage d&#8217;informations\u202f: nos membres sont parmi les premiers \u00e0 \u00eatre inform\u00e9s des \u00e9v\u00e9nements de notre communaut\u00e9;<\/li>\r\n<li>Participation \u00e0 des \u00e9v\u00e9nements communautaires;<\/li>\r\n<li>Participer \u00e0 nos projets environnementaux;<\/li>\r\n<li>Aide pour la r\u00e9solution de probl\u00e8mes d\u2019int\u00e9r\u00eat commun.<\/li>\r\n<\/ul>\r\n<h3><strong>IMPLIQUEZ VOUS!<\/strong><\/h3>\r\n<p>Votre adh\u00e9sion annuelle de 25$ est valide pour une personne jusqu&#8217;\u00e0 l&#8217;AGA de l&#8217;ann\u00e9e suivante.<\/p>\r\n<div id=\"gt-c\" class=\"g-section\">\r\n<div id=\"gt-form-c\"><form id=\"gt-form\" action=\"\/\" enctype=\"application\/x-www-form-urlencoded\" method=\"post\" name=\"text_form\">\r\n<div id=\"gt-text-all\">\r\n<div id=\"gt-main\">\r\n<div id=\"gt-text-c\">\r\n<div id=\"gt-text-top\">\r\n<div id=\"gt-res-c\" class=\"g-unit\">\r\n<div id=\"gt-res-p\">\r\n<div id=\"gt-res-data\">\r\n<p dir=\"ltr\"><span>Avez-vous lu notre Code \u00e9thique?<\/span><span><span>\u00a0<span><a href=\"https:\/\/abvdupoissonblanc.ca\/fr\/notre-code-ethique\/\">Clique ici<\/a><\/span><\/span><br \/><\/span><\/p>\r\n<\/div>\r\n<\/div>\r\n<\/div>\r\n<\/div>\r\n<\/div>\r\n<\/div>\r\n<\/div>\r\n<\/form><\/div>\r\n<\/div>\r\n<p><span>Vous pouvez payer votre adh\u00e9sion avec: PAYPAL, VISA, MASTERCARD, INTERAC (e-Transfer) ou par ch\u00e8que personnel!<\/span><\/p>\r\n<h3><strong>Pour devenir\u00a0 Membre: <span><a href=\"https:\/\/abvdupoissonblanc.ca\/fr\/2021\/10\/octobre-2021\/\">Clique ici<\/a><\/span><\/strong><\/h3>\r\n<p>Avez-vous des QUESTIONS, cliquez: <a href=\"https:\/\/abvdupoissonblanc.ca\/fr\/pour-nous-rejoindre\/\">ICI<\/a><\/p>\r\n<p class=\"has-luminous-vivid-orange-color has-text-color\"><span><strong>Je souhaite simplement faire un don!<\/strong><\/span><\/p>\r\n<p class=\"has-luminous-vivid-orange-color has-text-color\"><span><strong>Je veux aider votre association mais je ne veux pas devenir membre&#8230;<br \/>C&#8217;est facile! \u00a0 <\/strong><\/span><\/p>\r\n<p><!-- \/wp:post-content -->\r\n\r\n<!-- wp:list {\"ordered\":true} --><\/p>\r\n<ol>\r\n<li>Payez par INTERAC (e-Transfer) avec notre adresse courriel: <a href=\"mailto:abv.poissonblanc@gmail.com\">abv.poissonblanc@gmail.com<\/a><\/li>\r\n<li>Ajouter cette question: Quel est le nom du grand lac? Et la r\u00e9ponse dans un mot:<strong> poissonblanc<\/strong><\/li>\r\n<li>OU&#8230; Envoyer votre don en indiquant \u00abdon\u00bb sur votre ch\u00e8que et le faire parvenir \u00e0 notre adresse postale habituelle au bas de la page.<\/li>\r\n<\/ol>","protected":false},"excerpt":{"rendered":"<p>\u00catre membre a ses avantages: Faire entendre votre opinion; Participez \u00e0 la vie communautaire; Emprunter du mat\u00e9riel de l&#8217;Association (jeux, tables); Le partage d&#8217;informations\u202f: nos membres sont parmi les premiers \u00e0 \u00eatre inform\u00e9s des \u00e9v\u00e9nements de notre communaut\u00e9; Participation \u00e0 des \u00e9v\u00e9nements communautaires; Participer \u00e0 nos projets environnementaux; Aide pour la r\u00e9solution de probl\u00e8mes d\u2019int\u00e9r\u00eat [&hellip;]<\/p>\n","protected":false},"author":1,"featured_media":0,"parent":0,"menu_order":7,"comment_status":"closed","ping_status":"closed","template":"","meta":{"footnotes":""},"class_list":["post-374","page","type-page","status-publish","hentry"],"yoast_head":"<!-- This site is optimized with the Yoast SEO plugin v27.3 - https:\/\/yoast.com\/product\/yoast-seo-wordpress\/ -->\n<title>Devenir membre - Association lac Poisson-Blanc<\/title>\n<meta name=\"robots\" content=\"index, follow, max-snippet:-1, max-image-preview:large, max-video-preview:-1\" \/>\n<link rel=\"canonical\" href=\"https:\/\/abvdupoissonblanc.ca\/fr\/devenir-membre\/\" \/>\n<meta property=\"og:locale\" content=\"fr_FR\" \/>\n<meta property=\"og:type\" content=\"article\" \/>\n<meta property=\"og:title\" content=\"Devenir membre - Association lac Poisson-Blanc\" \/>\n<meta property=\"og:description\" content=\"\u00catre membre a ses avantages: Faire entendre votre opinion; Participez \u00e0 la vie communautaire; Emprunter du mat\u00e9riel de l&#8217;Association (jeux, tables); Le partage d&#8217;informations\u202f: nos membres sont parmi les premiers \u00e0 \u00eatre inform\u00e9s des \u00e9v\u00e9nements de notre communaut\u00e9; Participation \u00e0 des \u00e9v\u00e9nements communautaires; Participer \u00e0 nos projets environnementaux; Aide pour la r\u00e9solution de probl\u00e8mes d\u2019int\u00e9r\u00eat [&hellip;]\" \/>\n<meta property=\"og:url\" content=\"https:\/\/abvdupoissonblanc.ca\/fr\/devenir-membre\/\" \/>\n<meta property=\"og:site_name\" content=\"Association lac Poisson-Blanc\" \/>\n<meta property=\"article:publisher\" content=\"https:\/\/www.facebook.com\/groups\/LacPoissonBlanc\/\" \/>\n<meta property=\"article:modified_time\" content=\"2022-07-08T04:53:46+00:00\" \/>\n<meta name=\"twitter:label1\" content=\"Dur\u00e9e de lecture estim\u00e9e\" \/>\n\t<meta name=\"twitter:data1\" content=\"1 minute\" \/>\n<script type=\"application\/ld+json\" class=\"yoast-schema-graph\">{\"@context\":\"https:\\\/\\\/schema.org\",\"@graph\":[{\"@type\":\"WebPage\",\"@id\":\"https:\\\/\\\/abvdupoissonblanc.ca\\\/fr\\\/devenir-membre\\\/\",\"url\":\"https:\\\/\\\/abvdupoissonblanc.ca\\\/fr\\\/devenir-membre\\\/\",\"name\":\"Devenir membre - Association lac Poisson-Blanc\",\"isPartOf\":{\"@id\":\"https:\\\/\\\/abvdupoissonblanc.ca\\\/fr\\\/#website\"},\"datePublished\":\"2015-03-16T00:47:32+00:00\",\"dateModified\":\"2022-07-08T04:53:46+00:00\",\"breadcrumb\":{\"@id\":\"https:\\\/\\\/abvdupoissonblanc.ca\\\/fr\\\/devenir-membre\\\/#breadcrumb\"},\"inLanguage\":\"fr-FR\",\"potentialAction\":[{\"@type\":\"ReadAction\",\"target\":[\"https:\\\/\\\/abvdupoissonblanc.ca\\\/fr\\\/devenir-membre\\\/\"]}]},{\"@type\":\"BreadcrumbList\",\"@id\":\"https:\\\/\\\/abvdupoissonblanc.ca\\\/fr\\\/devenir-membre\\\/#breadcrumb\",\"itemListElement\":[{\"@type\":\"ListItem\",\"position\":1,\"name\":\"Home\",\"item\":\"https:\\\/\\\/abvdupoissonblanc.ca\\\/fr\\\/\"},{\"@type\":\"ListItem\",\"position\":2,\"name\":\"Devenir membre\"}]},{\"@type\":\"WebSite\",\"@id\":\"https:\\\/\\\/abvdupoissonblanc.ca\\\/fr\\\/#website\",\"url\":\"https:\\\/\\\/abvdupoissonblanc.ca\\\/fr\\\/\",\"name\":\"Association lac Poisson-Blanc\",\"description\":\"\",\"publisher\":{\"@id\":\"https:\\\/\\\/abvdupoissonblanc.ca\\\/fr\\\/#organization\"},\"potentialAction\":[{\"@type\":\"SearchAction\",\"target\":{\"@type\":\"EntryPoint\",\"urlTemplate\":\"https:\\\/\\\/abvdupoissonblanc.ca\\\/fr\\\/?s={search_term_string}\"},\"query-input\":{\"@type\":\"PropertyValueSpecification\",\"valueRequired\":true,\"valueName\":\"search_term_string\"}}],\"inLanguage\":\"fr-FR\"},{\"@type\":\"Organization\",\"@id\":\"https:\\\/\\\/abvdupoissonblanc.ca\\\/fr\\\/#organization\",\"name\":\"Association lac Poisson-Blanc\",\"url\":\"https:\\\/\\\/abvdupoissonblanc.ca\\\/fr\\\/\",\"logo\":{\"@type\":\"ImageObject\",\"inLanguage\":\"fr-FR\",\"@id\":\"https:\\\/\\\/abvdupoissonblanc.ca\\\/fr\\\/#\\\/schema\\\/logo\\\/image\\\/\",\"url\":\"https:\\\/\\\/abvdupoissonblanc.ca\\\/wp-content\\\/uploads\\\/2020\\\/06\\\/lacpoissonblanc-1.png\",\"contentUrl\":\"https:\\\/\\\/abvdupoissonblanc.ca\\\/wp-content\\\/uploads\\\/2020\\\/06\\\/lacpoissonblanc-1.png\",\"width\":314,\"height\":169,\"caption\":\"Association lac Poisson-Blanc\"},\"image\":{\"@id\":\"https:\\\/\\\/abvdupoissonblanc.ca\\\/fr\\\/#\\\/schema\\\/logo\\\/image\\\/\"},\"sameAs\":[\"https:\\\/\\\/www.facebook.com\\\/groups\\\/LacPoissonBlanc\\\/\"]}]}<\/script>\n<!-- \/ Yoast SEO plugin. -->","yoast_head_json":{"title":"Devenir membre - Association lac Poisson-Blanc","robots":{"index":"index","follow":"follow","max-snippet":"max-snippet:-1","max-image-preview":"max-image-preview:large","max-video-preview":"max-video-preview:-1"},"canonical":"https:\/\/abvdupoissonblanc.ca\/fr\/devenir-membre\/","og_locale":"fr_FR","og_type":"article","og_title":"Devenir membre - Association lac Poisson-Blanc","og_description":"\u00catre membre a ses avantages: Faire entendre votre opinion; Participez \u00e0 la vie communautaire; Emprunter du mat\u00e9riel de l&#8217;Association (jeux, tables); Le partage d&#8217;informations\u202f: nos membres sont parmi les premiers \u00e0 \u00eatre inform\u00e9s des \u00e9v\u00e9nements de notre communaut\u00e9; Participation \u00e0 des \u00e9v\u00e9nements communautaires; Participer \u00e0 nos projets environnementaux; Aide pour la r\u00e9solution de probl\u00e8mes d\u2019int\u00e9r\u00eat [&hellip;]","og_url":"https:\/\/abvdupoissonblanc.ca\/fr\/devenir-membre\/","og_site_name":"Association lac Poisson-Blanc","article_publisher":"https:\/\/www.facebook.com\/groups\/LacPoissonBlanc\/","article_modified_time":"2022-07-08T04:53:46+00:00","twitter_misc":{"Dur\u00e9e de lecture estim\u00e9e":"1 minute"},"schema":{"@context":"https:\/\/schema.org","@graph":[{"@type":"WebPage","@id":"https:\/\/abvdupoissonblanc.ca\/fr\/devenir-membre\/","url":"https:\/\/abvdupoissonblanc.ca\/fr\/devenir-membre\/","name":"Devenir membre - Association lac Poisson-Blanc","isPartOf":{"@id":"https:\/\/abvdupoissonblanc.ca\/fr\/#website"},"datePublished":"2015-03-16T00:47:32+00:00","dateModified":"2022-07-08T04:53:46+00:00","breadcrumb":{"@id":"https:\/\/abvdupoissonblanc.ca\/fr\/devenir-membre\/#breadcrumb"},"inLanguage":"fr-FR","potentialAction":[{"@type":"ReadAction","target":["https:\/\/abvdupoissonblanc.ca\/fr\/devenir-membre\/"]}]},{"@type":"BreadcrumbList","@id":"https:\/\/abvdupoissonblanc.ca\/fr\/devenir-membre\/#breadcrumb","itemListElement":[{"@type":"ListItem","position":1,"name":"Home","item":"https:\/\/abvdupoissonblanc.ca\/fr\/"},{"@type":"ListItem","position":2,"name":"Devenir membre"}]},{"@type":"WebSite","@id":"https:\/\/abvdupoissonblanc.ca\/fr\/#website","url":"https:\/\/abvdupoissonblanc.ca\/fr\/","name":"Association lac Poisson-Blanc","description":"","publisher":{"@id":"https:\/\/abvdupoissonblanc.ca\/fr\/#organization"},"potentialAction":[{"@type":"SearchAction","target":{"@type":"EntryPoint","urlTemplate":"https:\/\/abvdupoissonblanc.ca\/fr\/?s={search_term_string}"},"query-input":{"@type":"PropertyValueSpecification","valueRequired":true,"valueName":"search_term_string"}}],"inLanguage":"fr-FR"},{"@type":"Organization","@id":"https:\/\/abvdupoissonblanc.ca\/fr\/#organization","name":"Association lac Poisson-Blanc","url":"https:\/\/abvdupoissonblanc.ca\/fr\/","logo":{"@type":"ImageObject","inLanguage":"fr-FR","@id":"https:\/\/abvdupoissonblanc.ca\/fr\/#\/schema\/logo\/image\/","url":"https:\/\/abvdupoissonblanc.ca\/wp-content\/uploads\/2020\/06\/lacpoissonblanc-1.png","contentUrl":"https:\/\/abvdupoissonblanc.ca\/wp-content\/uploads\/2020\/06\/lacpoissonblanc-1.png","width":314,"height":169,"caption":"Association lac Poisson-Blanc"},"image":{"@id":"https:\/\/abvdupoissonblanc.ca\/fr\/#\/schema\/logo\/image\/"},"sameAs":["https:\/\/www.facebook.com\/groups\/LacPoissonBlanc\/"]}]}},"_links":{"self":[{"href":"https:\/\/abvdupoissonblanc.ca\/fr\/wp-json\/wp\/v2\/pages\/374","targetHints":{"allow":["GET"]}}],"collection":[{"href":"https:\/\/abvdupoissonblanc.ca\/fr\/wp-json\/wp\/v2\/pages"}],"about":[{"href":"https:\/\/abvdupoissonblanc.ca\/fr\/wp-json\/wp\/v2\/types\/page"}],"author":[{"embeddable":true,"href":"https:\/\/abvdupoissonblanc.ca\/fr\/wp-json\/wp\/v2\/users\/1"}],"replies":[{"embeddable":true,"href":"https:\/\/abvdupoissonblanc.ca\/fr\/wp-json\/wp\/v2\/comments?post=374"}],"version-history":[{"count":97,"href":"https:\/\/abvdupoissonblanc.ca\/fr\/wp-json\/wp\/v2\/pages\/374\/revisions"}],"predecessor-version":[{"id":11384,"href":"https:\/\/abvdupoissonblanc.ca\/fr\/wp-json\/wp\/v2\/pages\/374\/revisions\/11384"}],"wp:attachment":[{"href":"https:\/\/abvdupoissonblanc.ca\/fr\/wp-json\/wp\/v2\/media?parent=374"}],"curies":[{"name":"wp","href":"https:\/\/api.w.org\/{rel}","templated":true}]}}