{"id":3020,"date":"2017-04-20T13:23:37","date_gmt":"2017-04-20T17:23:37","guid":{"rendered":"https:\/\/lacpoissonblanc.ca\/?page_id=3020\/"},"modified":"2024-12-04T15:15:51","modified_gmt":"2024-12-04T20:15:51","slug":"niveau-de-leau","status":"publish","type":"page","link":"https:\/\/abvdupoissonblanc.ca\/fr\/niveau-de-leau\/","title":{"rendered":"Niveau de l&#8217;eau au Poisson Blanc"},"content":{"rendered":"\r\n<h3 class=\"has-drop-cap has-medium-font-size\"><strong><em>Avant de critiquer la gestion du niveau de l&#8217;eau, n&#8217;oublions pas\u2026 que c&#8217;est gr\u00e2ce \u00e0 ce r\u00e9servoir d&#8217;Hydro-Qu\u00e9bec que nous pouvons jouir de nos emplacements sur le bord de l&#8217;eau. Sans le r\u00e9servoir nous serions tous situ\u00e9s dans un champ ou simplement proche d&#8217;un ruisseau. Nous devons accepter que le niveau fluctue r\u00e9guli\u00e8rement dans un r\u00e9servoir d\u00e9pendant des circonstances.<\/em><\/strong><\/h3>\r\n\r\n\r\n\r\n<h3 class=\"wp-block-heading\">POUR DES QUESTIONS NOUS REJOINDRE: <a href=\"https:\/\/abvdupoissonblanc.ca\/fr\/pour-nous-rejoindre\/\">ICI<\/a><\/h3>\r\n\r\n\r\n<hr class=\"wp-block-separator is-style-wide\" \/>\r\n\r\n\r\n\r\n<hr class=\"wp-block-separator is-style-wide\" \/>\r\n\r\n\r\n<h3 class=\"wp-block-heading\"><strong>Niveau de l&#8217;eau:<\/strong><\/h3>\r\n<p class=\"has-background has-pale-cyan-blue-background-color\">Pour conna\u00eetre la situation pr\u00e9sente de notre bassin r\u00e9gional. Cliquez ici: <a href=\"http:\/\/rivieredesoutaouais.ca\/previsions.php\" target=\"_blank\" rel=\"noreferrer noopener\" aria-label=\" (opens in a new tab)\">http:\/\/rivieredesoutaouais.ca\/previsions.php<\/a><\/p>\r\n<h2>\r\n\r\n<\/h2>\r\n<h3 class=\"wp-block-heading\">Besoin de renseignements \u00e0 propos du bassin versant de la Li\u00e8vre?<\/h3>\r\n<h2>\r\n\r\n<\/h2>\r\n<p class=\"has-background has-pale-cyan-blue-background-color\">N\u2019h\u00e9sitez pas \u00e0 communiquer avec eux \u00e0 <a href=\"http:\/\/infolalievre@energiebrookfield.com\">infolalievre@energiebrookfield.com<\/a> ou au <a href=\"tel:\/\/819-986-4628\">819-986-4628<\/a> \/ sans frais : <a href=\"tel:\/\/1-877-986-4364\">1-877-986-4364<\/a>.<\/p>\r\n<h2>\r\n\r\n<\/h2>\r\n<h3 class=\"has-luminous-vivid-orange-color has-text-color wp-block-heading\">Niveau de l&#8217;eau au lac du Poisson Blanc:<\/h3>\r\n<p class=\"has-background has-luminous-vivid-amber-background-color\">Le niveau de l&#8217;eau au lac Poisson Blanc est s\u00e9curitaire entre mai et septembre:<\/p>\r\n<p>\r\n\r\n<\/p>\r\n<p>Le r\u00e9servoir Poisson Blanc fait parti du bassin versant de la Li\u00e8vre qui fait parti du grand bassin de la rivi\u00e8re des Outaouais.<\/p>\r\n<h2 class=\"wp-block-heading\">\r\n\r\n<\/h2>\r\n<p><strong>Niveau normal d&#8217;eau: 201,03 m\u00e8tres<\/strong><\/p>\r\n<h2><strong>\r\n\r\n<\/strong><\/h2>\r\n<p><strong>Niveau maximum s\u00e9curitaire: 201,09 m<\/strong><\/p>\r\n<h2><strong>\r\n\r\n<\/strong><\/h2>\r\n<p><strong>Inondation: Au dessus de 202 m<\/strong><\/p>\r\n<h2>\r\n\r\n<\/h2>\r\n<p class=\"has-background has-luminous-vivid-amber-background-color\">Pour voir le niveau d&#8217;eau en temps r\u00e9el au lac du Poisson Blanc: <a href=\"https:\/\/www.cehq.gouv.qc.ca\/suivihydro\/graphique.asp?NoStation=040602\">Clique ici<\/a><\/p>\r\n<p>Pr\u00e9vision du niveau de l&#8217;eau pour 3 jours: <a href=\"https:\/\/www.cehq.gouv.qc.ca\/prevision\/previsions.asp?Secteur=lievre\">Clique ici<\/a><\/p>\r\n<p>Voici un document de discussion pr\u00e9par\u00e9 par le sous-comit\u00e9 des niveaux d&#8217;eau de l&#8217;ABVPB\u00a0:<\/p>\r\n<p><a href=\"https:\/\/abvdupoissonblanc.ca\/wp-content\/uploads\/2024\/12\/Document-de-travail-sur-les-niveaux-deau-2019.pdf\">Document de travail sur les niveaux deau &#8211; 2019<\/a><\/p>\r\n<hr \/>\r\n<h3><strong>Gestion de l&#8217;eau dans le bassin de la Li\u00e8vre:<\/strong><\/h3>\r\n\r\n\r\n\r\n\r\n\r\n<h3 class=\"has-luminous-vivid-orange-color has-text-color wp-block-heading\">Savez vous c&#8217;est quoi un bassin?<\/h3>\r\n\r\n\r\n\r\n<p>C&#8217;est une portion de territoire o\u00f9 aboutissent les eaux de surface. Il peut aussi bien se pr\u00e9senter sous la forme d&#8217;un ruisseau d&#8217;une rivi\u00e8re, d&#8217;un fleuve ou d&#8217;un oc\u00e9an. Toute l&#8217;eau des pr\u00e9cipitations qu&#8217;un bassin versant re\u00e7oit, qu&#8217;il s&#8217;agisse de pluie ou de neige, s&#8217;\u00e9coule donc vers un m\u00eame lieu.<\/p>\r\n\r\n\r\n\r\n<p>Source : <a href=\"http:\/\/www.canadiangeographic.com\/watersheds\/map\/?path=francais%2Fbassins101&amp;fbclid=IwAR20d9Z_3o9kYJuvo9QCawwlfoTh29xbaVtA0XyzJq1FBXgHn8Qq3ehdxfY\" target=\"_blank\" rel=\"noreferrer noopener\">http:\/\/www.canadiangeographic.com\/watersheds\/map\/\u2026<\/a><br \/><a href=\"http:\/\/www.environnement.gouv.qc.ca\/eau\/bassinversant\/bassins\/dulievre\/FS_DuLievre.pdf?fbclid=IwAR04SvnSPz5j9VWlhtDFm51IOplX3fxYSleMRCVk8xJW01pfVdrOQII4-qw\" target=\"_blank\" rel=\"noreferrer noopener\">http:\/\/www.environnement.gouv.qc.ca\/\u2026\/dulie\u2026\/FS_DuLievre.pdf<\/a><\/p>\r\n\r\n\r\n\r\n<figure class=\"wp-block-image\"><img loading=\"lazy\" decoding=\"async\" width=\"750\" height=\"400\" class=\"wp-image-5102\" src=\"https:\/\/abvdupoissonblanc.ca\/wp-content\/uploads\/2019\/04\/diagramme_bassin_versant.jpg\" alt=\"\" srcset=\"https:\/\/abvdupoissonblanc.ca\/wp-content\/uploads\/2019\/04\/diagramme_bassin_versant.jpg 750w, https:\/\/abvdupoissonblanc.ca\/wp-content\/uploads\/2019\/04\/diagramme_bassin_versant-600x320.jpg 600w, https:\/\/abvdupoissonblanc.ca\/wp-content\/uploads\/2019\/04\/diagramme_bassin_versant-300x160.jpg 300w\" sizes=\"auto, (max-width: 750px) 100vw, 750px\" \/><\/figure>\r\n\r\n\r\n\r\n<h3>Nous faisons partie du bassin de la Li\u00e8vre<\/h3>\r\n<p class=\"has-background has-cyan-bluish-gray-background-color\">Notre r\u00e9servoir affecte les municipalit\u00e9s le long de la rivi\u00e8re de la Li\u00e8vre. Par apr\u00e8s, elle se joint aux autres r\u00e9servoirs. Nous faisons parti d&#8217;un plus gros bassin celui de la rivi\u00e8re des Outaouais. Il existe trois autorit\u00e9s r\u00e9gissant les barrages, il doit donc y avoir coordination entre elles. Malheureusement, ce qui est consid\u00e9r\u00e9 comme le plus important pour eux est la s\u00e9curit\u00e9 de ceux qui vivent dans les zones urbaines. Il est entendu que le niveau de l\u2019eau devrait \u00eatre stable jusqu\u2019\u00e0 la f\u00eate du Travail. Par la suite, le niveau de l\u2019eau pourrait diminuer rapidement pour de nombreuses raisons.<\/p>\r\n<p>\r\n\r\n<\/p>\r\n\r\n\r\n\r\n<figure class=\"wp-block-image\"><img loading=\"lazy\" decoding=\"async\" width=\"293\" height=\"575\" class=\"wp-image-5100\" src=\"https:\/\/abvdupoissonblanc.ca\/wp-content\/uploads\/2019\/04\/bassin_versant_delali\u00e8vre.jpg\" alt=\"\" srcset=\"https:\/\/abvdupoissonblanc.ca\/wp-content\/uploads\/2019\/04\/bassin_versant_delali\u00e8vre.jpg 293w, https:\/\/abvdupoissonblanc.ca\/wp-content\/uploads\/2019\/04\/bassin_versant_delali\u00e8vre-153x300.jpg 153w\" sizes=\"auto, (max-width: 293px) 100vw, 293px\" \/><\/figure>\r\n<p>POWERPOINT qui explique le fonctionnement de notre bassin (CLIQUEZ):\u00a0 <a class=\"wp-block-file__button\" href=\"https:\/\/abvdupoissonblanc.ca\/wp-content\/uploads\/2020\/03\/PPT-Martin-Ferland-2.pdf\" download=\"\">Download<\/a><\/p>\r\n\r\n\r\n\r\n\r\n\r\n<h3 class=\"has-luminous-vivid-orange-color has-text-color wp-block-heading\">Notre lac est un r\u00e9servoir avec ses cons\u00e9quences.<\/h3>\r\n\r\n\r\n\r\n<p>Nous faisons de notre mieux pour vous tenir au courant du niveau du lac Poisson Blanc sur notre page Facebook!<\/p>\r\n<p>Certains d\u2019entre vous ne comprennent pas pourquoi notre eau ne cesse de fluctuer ???<\/p>\r\n<p>Voici un vid\u00e9o qui pourrait vous aider (cliquez sur ce lien):<\/p>\r\n\r\n\r\n\r\n<p><a href=\"https:\/\/www.facebook.com\/hydroquebec1944\/videos\/2252068134856789\/\">https:\/\/www.facebook.com\/hydroquebec1944\/videos\/2252068134856789\/<\/a><\/p>\r\n\r\n\r\n\r\n\r\n<hr \/>\r\n<h3 class=\"has-luminous-vivid-orange-color has-text-color wp-block-heading\">Historique des proc\u00e9dures l\u00e9gales et autres communications:<\/h3>\r\n<p>Nos sources sont l&#8217;ancienne association \u00abLes amis de la Li\u00e8vre\u00bb et des archives de COBALI.<\/p>\r\n<p>\r\n\r\n<\/p>\r\n<p><strong>Acte officiel d\u00e9finissant le niveau de l&#8217;eau en 1992:<\/strong><\/p>\r\n<p>\u00c0 t\u00e9l\u00e9charger: <a href=\"https:\/\/abvdupoissonblanc.ca\/wp-content\/uploads\/2015\/03\/Appendix_2.pdf\" download=\"\">Download<\/a><\/p>\r\n<p>\r\n\r\n\r\n\r\n<\/p>\r\n<p><strong>Proc\u00e9dures l\u00e9gales en vue d\u2019arr\u00eater l&#8217;\u00e9rosion des berges du Poisson Blanc<\/strong><\/p>\r\n<p>pr\u00e9sent\u00e9 par: l&#8217;ASSOCIATION DES R\u00c9SIDENTS RIVERAINS DE LA LI\u00c8VRE INC.<\/p>\r\n<p>\u00c0 t\u00e9l\u00e9charger: <a href=\"https:\/\/abvdupoissonblanc.ca\/wp-content\/uploads\/2015\/03\/recours_judiciaire.pdf\" download=\"\">Download<\/a><\/p>\r\n<p>\r\n\r\n\r\n\r\n<\/p>\r\n<p><strong>En 2006 un plan de gestion du niveau de l&#8217;eau a \u00e9t\u00e9 adopt\u00e9:<\/strong><\/p>\r\n<p>\u00c0 t\u00e9l\u00e9charger: <a href=\"https:\/\/abvdupoissonblanc.ca\/wp-content\/uploads\/2015\/03\/Rap-Niveaux-eau-2006.pdf\" download=\"\">Download<\/a><\/p>\r\n<p>\r\n\r\n\r\n\r\n<\/p>\r\n<p><strong>Dernier document officiel de l&#8217;Association \u00abLes amis de la Li\u00e8vre\u00bb<\/strong><\/p>\r\n<p>Renseignements sur les proc\u00e9dures l\u00e9gales et sur l&#8217;historique du r\u00e9servoir Poisson Blanc:<\/p>\r\n<p>\u00c0 t\u00e9l\u00e9charger: <a href=\"https:\/\/abvdupoissonblanc.ca\/wp-content\/uploads\/2015\/03\/Ass_delali\u00e8vre.pdf\" download=\"\">Download<\/a><\/p>\r\n<p>\r\n\r\n\r\n\r\n<\/p>\r\n<p><strong>Portrait de notre bassin versant en 2013:<\/strong><\/p>\r\n<p>\u00c0 t\u00e9l\u00e9charger: <a href=\"https:\/\/abvdupoissonblanc.ca\/wp-content\/uploads\/2015\/03\/Portrait_Lievre.pdf\" download=\"\">Download<\/a><\/p>\r\n<p>\r\n\r\n\r\n\r\n<\/p>\r\n<p><strong>Lettre de l&#8217;Association A.B.V. du Poisson Blanc en 2015 \u00e0 propos de la stabilit\u00e9 du niveau pendant septembre.<\/strong><\/p>\r\n<p>Courriel de Ronald Thomas (Repr\u00e9sentant de la baie Newton).<\/p>\r\n<p>\u00c0 t\u00e9l\u00e9charger: <a href=\"https:\/\/abvdupoissonblanc.ca\/wp-content\/uploads\/2015\/03\/correspondance.pdf\" download=\"\">Download<\/a><\/p>\r\n<p>\r\n\r\n\r\n\r\n<\/p>\r\n<p><strong>Comit\u00e9 sur le niveau de l&#8217;eau cr\u00e9\u00e9 en 2019.<\/strong><\/p>\r\n<p>Membres du comit\u00e9: Jeff, Larry, Margaret et JoAnn.<\/p>\r\n<p>\u00c0 t\u00e9l\u00e9charger:\u00a0 <a href=\"https:\/\/abvdupoissonblanc.ca\/wp-content\/uploads\/2019\/12\/comit\u00e9-pour-le-niveau-de-leau-novembre-2019.pdf\" download=\"\">Download<\/a><\/p>\r\n<p>Avec l&#8217;aide pr\u00e9cieuse de ce comit\u00e9, nous recevons dor\u00e9navant des pr\u00e9visions hebdomadaires des niveaux de l&#8217;eau de septembre \u00e0 octobre.<\/p>\r\n\r\n\r\n\r\n\r\n","protected":false},"excerpt":{"rendered":"<p>Avant de critiquer la gestion du niveau de l&#8217;eau, n&#8217;oublions pas\u2026 que c&#8217;est gr\u00e2ce \u00e0 ce r\u00e9servoir d&#8217;Hydro-Qu\u00e9bec que nous pouvons jouir de nos emplacements sur le bord de l&#8217;eau. Sans le r\u00e9servoir nous serions tous situ\u00e9s dans un champ ou simplement proche d&#8217;un ruisseau. Nous devons accepter que le niveau fluctue r\u00e9guli\u00e8rement dans un [&hellip;]<\/p>\n","protected":false},"author":687,"featured_media":0,"parent":0,"menu_order":0,"comment_status":"closed","ping_status":"closed","template":"","meta":{"footnotes":""},"class_list":["post-3020","page","type-page","status-publish","hentry"],"yoast_head":"<!-- This site is optimized with the Yoast SEO plugin v27.5 - https:\/\/yoast.com\/product\/yoast-seo-wordpress\/ -->\n<title>Niveau de l&#039;eau au Poisson Blanc - Association lac Poisson-Blanc<\/title>\n<meta name=\"robots\" content=\"index, follow, max-snippet:-1, max-image-preview:large, max-video-preview:-1\" \/>\n<link rel=\"canonical\" href=\"https:\/\/abvdupoissonblanc.ca\/fr\/niveau-de-leau\/\" \/>\n<meta property=\"og:locale\" content=\"fr_FR\" \/>\n<meta property=\"og:type\" content=\"article\" \/>\n<meta property=\"og:title\" content=\"Niveau de l&#039;eau au Poisson Blanc - Association lac Poisson-Blanc\" \/>\n<meta property=\"og:description\" content=\"Avant de critiquer la gestion du niveau de l&#8217;eau, n&#8217;oublions pas\u2026 que c&#8217;est gr\u00e2ce \u00e0 ce r\u00e9servoir d&#8217;Hydro-Qu\u00e9bec que nous pouvons jouir de nos emplacements sur le bord de l&#8217;eau. Sans le r\u00e9servoir nous serions tous situ\u00e9s dans un champ ou simplement proche d&#8217;un ruisseau. Nous devons accepter que le niveau fluctue r\u00e9guli\u00e8rement dans un [&hellip;]\" \/>\n<meta property=\"og:url\" content=\"https:\/\/abvdupoissonblanc.ca\/fr\/niveau-de-leau\/\" \/>\n<meta property=\"og:site_name\" content=\"Association lac Poisson-Blanc\" \/>\n<meta property=\"article:publisher\" content=\"https:\/\/www.facebook.com\/groups\/LacPoissonBlanc\/\" \/>\n<meta property=\"article:modified_time\" content=\"2024-12-04T20:15:51+00:00\" \/>\n<meta property=\"og:image\" content=\"https:\/\/abvdupoissonblanc.ca\/wp-content\/uploads\/2019\/04\/diagramme_bassin_versant.jpg\" \/>\n<meta name=\"twitter:label1\" content=\"Dur\u00e9e de lecture estim\u00e9e\" \/>\n\t<meta name=\"twitter:data1\" content=\"4 minutes\" \/>\n<script type=\"application\/ld+json\" class=\"yoast-schema-graph\">{\"@context\":\"https:\\\/\\\/schema.org\",\"@graph\":[{\"@type\":\"WebPage\",\"@id\":\"https:\\\/\\\/abvdupoissonblanc.ca\\\/fr\\\/niveau-de-leau\\\/\",\"url\":\"https:\\\/\\\/abvdupoissonblanc.ca\\\/fr\\\/niveau-de-leau\\\/\",\"name\":\"Niveau de l'eau au Poisson Blanc - Association lac Poisson-Blanc\",\"isPartOf\":{\"@id\":\"https:\\\/\\\/abvdupoissonblanc.ca\\\/fr\\\/#website\"},\"primaryImageOfPage\":{\"@id\":\"https:\\\/\\\/abvdupoissonblanc.ca\\\/fr\\\/niveau-de-leau\\\/#primaryimage\"},\"image\":{\"@id\":\"https:\\\/\\\/abvdupoissonblanc.ca\\\/fr\\\/niveau-de-leau\\\/#primaryimage\"},\"thumbnailUrl\":\"https:\\\/\\\/abvdupoissonblanc.ca\\\/wp-content\\\/uploads\\\/2019\\\/04\\\/diagramme_bassin_versant.jpg\",\"datePublished\":\"2017-04-20T17:23:37+00:00\",\"dateModified\":\"2024-12-04T20:15:51+00:00\",\"breadcrumb\":{\"@id\":\"https:\\\/\\\/abvdupoissonblanc.ca\\\/fr\\\/niveau-de-leau\\\/#breadcrumb\"},\"inLanguage\":\"fr-FR\",\"potentialAction\":[{\"@type\":\"ReadAction\",\"target\":[\"https:\\\/\\\/abvdupoissonblanc.ca\\\/fr\\\/niveau-de-leau\\\/\"]}]},{\"@type\":\"ImageObject\",\"inLanguage\":\"fr-FR\",\"@id\":\"https:\\\/\\\/abvdupoissonblanc.ca\\\/fr\\\/niveau-de-leau\\\/#primaryimage\",\"url\":\"https:\\\/\\\/abvdupoissonblanc.ca\\\/wp-content\\\/uploads\\\/2019\\\/04\\\/diagramme_bassin_versant.jpg\",\"contentUrl\":\"https:\\\/\\\/abvdupoissonblanc.ca\\\/wp-content\\\/uploads\\\/2019\\\/04\\\/diagramme_bassin_versant.jpg\"},{\"@type\":\"BreadcrumbList\",\"@id\":\"https:\\\/\\\/abvdupoissonblanc.ca\\\/fr\\\/niveau-de-leau\\\/#breadcrumb\",\"itemListElement\":[{\"@type\":\"ListItem\",\"position\":1,\"name\":\"Home\",\"item\":\"https:\\\/\\\/abvdupoissonblanc.ca\\\/fr\\\/\"},{\"@type\":\"ListItem\",\"position\":2,\"name\":\"Niveau de l&#8217;eau au Poisson Blanc\"}]},{\"@type\":\"WebSite\",\"@id\":\"https:\\\/\\\/abvdupoissonblanc.ca\\\/fr\\\/#website\",\"url\":\"https:\\\/\\\/abvdupoissonblanc.ca\\\/fr\\\/\",\"name\":\"Association lac Poisson-Blanc\",\"description\":\"\",\"publisher\":{\"@id\":\"https:\\\/\\\/abvdupoissonblanc.ca\\\/fr\\\/#organization\"},\"potentialAction\":[{\"@type\":\"SearchAction\",\"target\":{\"@type\":\"EntryPoint\",\"urlTemplate\":\"https:\\\/\\\/abvdupoissonblanc.ca\\\/fr\\\/?s={search_term_string}\"},\"query-input\":{\"@type\":\"PropertyValueSpecification\",\"valueRequired\":true,\"valueName\":\"search_term_string\"}}],\"inLanguage\":\"fr-FR\"},{\"@type\":\"Organization\",\"@id\":\"https:\\\/\\\/abvdupoissonblanc.ca\\\/fr\\\/#organization\",\"name\":\"Association lac Poisson-Blanc\",\"url\":\"https:\\\/\\\/abvdupoissonblanc.ca\\\/fr\\\/\",\"logo\":{\"@type\":\"ImageObject\",\"inLanguage\":\"fr-FR\",\"@id\":\"https:\\\/\\\/abvdupoissonblanc.ca\\\/fr\\\/#\\\/schema\\\/logo\\\/image\\\/\",\"url\":\"https:\\\/\\\/abvdupoissonblanc.ca\\\/wp-content\\\/uploads\\\/2020\\\/06\\\/lacpoissonblanc-1.png\",\"contentUrl\":\"https:\\\/\\\/abvdupoissonblanc.ca\\\/wp-content\\\/uploads\\\/2020\\\/06\\\/lacpoissonblanc-1.png\",\"width\":314,\"height\":169,\"caption\":\"Association lac Poisson-Blanc\"},\"image\":{\"@id\":\"https:\\\/\\\/abvdupoissonblanc.ca\\\/fr\\\/#\\\/schema\\\/logo\\\/image\\\/\"},\"sameAs\":[\"https:\\\/\\\/www.facebook.com\\\/groups\\\/LacPoissonBlanc\\\/\"]}]}<\/script>\n<!-- \/ Yoast SEO plugin. -->","yoast_head_json":{"title":"Niveau de l'eau au Poisson Blanc - Association lac Poisson-Blanc","robots":{"index":"index","follow":"follow","max-snippet":"max-snippet:-1","max-image-preview":"max-image-preview:large","max-video-preview":"max-video-preview:-1"},"canonical":"https:\/\/abvdupoissonblanc.ca\/fr\/niveau-de-leau\/","og_locale":"fr_FR","og_type":"article","og_title":"Niveau de l'eau au Poisson Blanc - Association lac Poisson-Blanc","og_description":"Avant de critiquer la gestion du niveau de l&#8217;eau, n&#8217;oublions pas\u2026 que c&#8217;est gr\u00e2ce \u00e0 ce r\u00e9servoir d&#8217;Hydro-Qu\u00e9bec que nous pouvons jouir de nos emplacements sur le bord de l&#8217;eau. Sans le r\u00e9servoir nous serions tous situ\u00e9s dans un champ ou simplement proche d&#8217;un ruisseau. Nous devons accepter que le niveau fluctue r\u00e9guli\u00e8rement dans un [&hellip;]","og_url":"https:\/\/abvdupoissonblanc.ca\/fr\/niveau-de-leau\/","og_site_name":"Association lac Poisson-Blanc","article_publisher":"https:\/\/www.facebook.com\/groups\/LacPoissonBlanc\/","article_modified_time":"2024-12-04T20:15:51+00:00","og_image":[{"url":"https:\/\/abvdupoissonblanc.ca\/wp-content\/uploads\/2019\/04\/diagramme_bassin_versant.jpg","type":"","width":"","height":""}],"twitter_misc":{"Dur\u00e9e de lecture estim\u00e9e":"4 minutes"},"schema":{"@context":"https:\/\/schema.org","@graph":[{"@type":"WebPage","@id":"https:\/\/abvdupoissonblanc.ca\/fr\/niveau-de-leau\/","url":"https:\/\/abvdupoissonblanc.ca\/fr\/niveau-de-leau\/","name":"Niveau de l'eau au Poisson Blanc - Association lac Poisson-Blanc","isPartOf":{"@id":"https:\/\/abvdupoissonblanc.ca\/fr\/#website"},"primaryImageOfPage":{"@id":"https:\/\/abvdupoissonblanc.ca\/fr\/niveau-de-leau\/#primaryimage"},"image":{"@id":"https:\/\/abvdupoissonblanc.ca\/fr\/niveau-de-leau\/#primaryimage"},"thumbnailUrl":"https:\/\/abvdupoissonblanc.ca\/wp-content\/uploads\/2019\/04\/diagramme_bassin_versant.jpg","datePublished":"2017-04-20T17:23:37+00:00","dateModified":"2024-12-04T20:15:51+00:00","breadcrumb":{"@id":"https:\/\/abvdupoissonblanc.ca\/fr\/niveau-de-leau\/#breadcrumb"},"inLanguage":"fr-FR","potentialAction":[{"@type":"ReadAction","target":["https:\/\/abvdupoissonblanc.ca\/fr\/niveau-de-leau\/"]}]},{"@type":"ImageObject","inLanguage":"fr-FR","@id":"https:\/\/abvdupoissonblanc.ca\/fr\/niveau-de-leau\/#primaryimage","url":"https:\/\/abvdupoissonblanc.ca\/wp-content\/uploads\/2019\/04\/diagramme_bassin_versant.jpg","contentUrl":"https:\/\/abvdupoissonblanc.ca\/wp-content\/uploads\/2019\/04\/diagramme_bassin_versant.jpg"},{"@type":"BreadcrumbList","@id":"https:\/\/abvdupoissonblanc.ca\/fr\/niveau-de-leau\/#breadcrumb","itemListElement":[{"@type":"ListItem","position":1,"name":"Home","item":"https:\/\/abvdupoissonblanc.ca\/fr\/"},{"@type":"ListItem","position":2,"name":"Niveau de l&#8217;eau au Poisson Blanc"}]},{"@type":"WebSite","@id":"https:\/\/abvdupoissonblanc.ca\/fr\/#website","url":"https:\/\/abvdupoissonblanc.ca\/fr\/","name":"Association lac Poisson-Blanc","description":"","publisher":{"@id":"https:\/\/abvdupoissonblanc.ca\/fr\/#organization"},"potentialAction":[{"@type":"SearchAction","target":{"@type":"EntryPoint","urlTemplate":"https:\/\/abvdupoissonblanc.ca\/fr\/?s={search_term_string}"},"query-input":{"@type":"PropertyValueSpecification","valueRequired":true,"valueName":"search_term_string"}}],"inLanguage":"fr-FR"},{"@type":"Organization","@id":"https:\/\/abvdupoissonblanc.ca\/fr\/#organization","name":"Association lac Poisson-Blanc","url":"https:\/\/abvdupoissonblanc.ca\/fr\/","logo":{"@type":"ImageObject","inLanguage":"fr-FR","@id":"https:\/\/abvdupoissonblanc.ca\/fr\/#\/schema\/logo\/image\/","url":"https:\/\/abvdupoissonblanc.ca\/wp-content\/uploads\/2020\/06\/lacpoissonblanc-1.png","contentUrl":"https:\/\/abvdupoissonblanc.ca\/wp-content\/uploads\/2020\/06\/lacpoissonblanc-1.png","width":314,"height":169,"caption":"Association lac Poisson-Blanc"},"image":{"@id":"https:\/\/abvdupoissonblanc.ca\/fr\/#\/schema\/logo\/image\/"},"sameAs":["https:\/\/www.facebook.com\/groups\/LacPoissonBlanc\/"]}]}},"_links":{"self":[{"href":"https:\/\/abvdupoissonblanc.ca\/fr\/wp-json\/wp\/v2\/pages\/3020","targetHints":{"allow":["GET"]}}],"collection":[{"href":"https:\/\/abvdupoissonblanc.ca\/fr\/wp-json\/wp\/v2\/pages"}],"about":[{"href":"https:\/\/abvdupoissonblanc.ca\/fr\/wp-json\/wp\/v2\/types\/page"}],"author":[{"embeddable":true,"href":"https:\/\/abvdupoissonblanc.ca\/fr\/wp-json\/wp\/v2\/users\/687"}],"replies":[{"embeddable":true,"href":"https:\/\/abvdupoissonblanc.ca\/fr\/wp-json\/wp\/v2\/comments?post=3020"}],"version-history":[{"count":45,"href":"https:\/\/abvdupoissonblanc.ca\/fr\/wp-json\/wp\/v2\/pages\/3020\/revisions"}],"predecessor-version":[{"id":12846,"href":"https:\/\/abvdupoissonblanc.ca\/fr\/wp-json\/wp\/v2\/pages\/3020\/revisions\/12846"}],"wp:attachment":[{"href":"https:\/\/abvdupoissonblanc.ca\/fr\/wp-json\/wp\/v2\/media?parent=3020"}],"curies":[{"name":"wp","href":"https:\/\/api.w.org\/{rel}","templated":true}]}}