{"id":3003,"date":"2017-04-20T12:54:00","date_gmt":"2017-04-20T16:54:00","guid":{"rendered":"https:\/\/lacpoissonblanc.ca\/?page_id=3003\/"},"modified":"2022-07-08T00:26:26","modified_gmt":"2022-07-08T04:26:26","slug":"navigation-respectueuse","status":"publish","type":"page","link":"https:\/\/abvdupoissonblanc.ca\/fr\/navigation-respectueuse\/","title":{"rendered":"Navigation respectueuse"},"content":{"rendered":"\r\n<h3 class=\"has-luminous-vivid-orange-color has-text-color wp-block-heading\"><span><strong>Une navigation respectueuse pour le bienfait de tous!<\/strong><\/span><\/h3>\r\n<div>\r\n<p>La navigation de plaisance c&#8217;est agr\u00e9able &#8211; nous pouvons tous convenir de cela!<\/p>\r\n<p>Il n&#8217;y a rien de tel que de sentir la brise brumeuse sur notre peau, de regarder un \u00eatre cher d\u00e9montrer ses talents de \u00abtubeur\u00bb ou de tirer un poisson sur notre ligne. Quel que soit notre truc, nous ADORONS l&#8217;eau.<br \/>Certains d&#8217;entre nous deviennent un peu trop z\u00e9l\u00e9s\u2026 et oublie la navigation responsable\u2026 Jeter la prudence au vent\u2026 Aller trop vite, faire des vagues\u2026 Peut-\u00eatre devenir un peu imprudent pour une raison quelconque\u2026 Se laisser aller apr\u00e8s une semaine difficile ou essayer son nouveau moteur ou sa nouvelle \u00abb\u00e9belle\u00bb.<\/p>\r\n<p>L&#8217;affaire, c&#8217;est que\u2026 Faire ces choses trop pr\u00e8s des autres peut vraiment \u00eatre nul. Apr\u00e8s tout, nous partageons l\u2019eau (c\u2019est un grand lac!) Et n\u2019avons pas tous la m\u00eame id\u00e9e de ce qui est agr\u00e9able. Sortir sur le grand lac est une option \u00e0 envisager que de rester dans une baie.<\/p>\r\n<p>\u00c0 nous d\u2019adopter un comportement nautique responsable ET d\u2019<strong>informer<\/strong> <strong>nos CLIENTS \/ LOCATAIRES &amp; FAMILLE de faire de m\u00eame (ne soyez pas timide!)<\/strong>. Nous avons beaucoup de d\u00e9fis et de probl\u00e8mes comme l&#8217;\u00e9rosion acc\u00e9l\u00e9r\u00e9e du littoral (oui, certaines personnes perdent des centim\u00e8tres de berge chaque ann\u00e9e), les dommages mat\u00e9riels ($$$), la s\u00e9curit\u00e9 (nageurs, faune). C\u2019est aussi une question de respect des autres \/ voisins.<\/p>\r\n<p>Si n\u00e9cessaire, une navigation irresponsable peut \u00eatre signal\u00e9e au cas par cas \u00e0 la SQ avec le num\u00e9ro d&#8217;immatriculation du bateau.<br \/>Si les membres nous le demandent, l\u2019association pourrait demander \u00e0 la SQ de patrouiller r\u00e9guli\u00e8rement la partie sud du lac pour la navigation irresponsable, mais\u2026 N\u2019est-il pas mieux de faire mieux au lieu de se faire imposer la loi?<br \/>Nous diffusons le message\u2026 <strong>Ne soyez pas la raison pour laquelle la SQ doit patrouiller.<\/strong><\/p>\r\n<\/div>\r\n<p>En r\u00e9sum\u00e9:<\/p>\r\n<ol>\r\n<li>ON SE DOIT DE SE COMPORTER DE FA\u00c7ON RESPONSABLE SUR L&#8217;EAU (SIGNALER \u00c0 LA SQ au besoin &#8211; <strong>sans rapports, rien ne se fera<\/strong>);<\/li>\r\n<li>\u00c7A NE FAIT PAS DE TORT d&#8217;\u00eatre soucieux des autres et des vagues;<\/li>\r\n<li>\r\n<p class=\"_2cuy _50a1 _2vxa\">RALENTIR PR\u00c8S DES PROPRI\u00c9T\u00c9S ET DANS LES ENDROITS \u00c9TROITS (les vagues &#8216;rebondissent&#8217; et reviennent);<\/p>\r\n<\/li>\r\n<li>ON N&#8217;EST PAS TOUS SEULS SUR LE LAC &#8211; ON LE PARTAGE. <strong>DEMANDER \u00c0 NOS INVIT\u00c9S, LES MEMBRES DE NOS FAMILLES ET \u00c0 NOS LOCATAIRES DE RESPECTER LE LAC ET LES AUTRES.<\/strong> Il faut trouver le juste milieu:<\/li>\r\n<\/ol>\r\n<div class=\"text_exposed_show\">\r\n<ul class=\"_5a_q _5yj1\" dir=\"ltr\">\r\n<li class=\"_2cuy _509q _2vxa\"><strong>Plus lentement = moins de vagues (plus de dommages \u00e0 la bande riveraine, aux quais, aux bateaux)<\/strong><\/li>\r\n<li class=\"_2cuy _509q _2vxa\"><strong>Plus vite = de plus petites vagues (plus de danger pour les gens et la faune)<\/strong><\/li>\r\n<\/ul>\r\n<h3 class=\"_2cuy _50a1 _2vxa\"><strong>Autres documents \u00e0 r\u00e9flexion. Cliquez sur votre choix :<\/strong><\/h3>\r\n<\/div>\r\n\r\n\r\n\r\n\r\n\r\n<p><a href=\"http:\/\/www.abvdupoissonblanc.ca\/wp-content\/uploads\/2015\/03\/Code-dethique-Pratiques-nautiques-VF.pdf\">Code d\u2019ethique-Pratiques nautiques-VF<\/a><\/p>\r\n\r\n\r\n\r\n<p><a href=\"https:\/\/abvdupoissonblanc.ca\/wp-content\/uploads\/2015\/03\/securite-nautique.pdf\">securite nautique<\/a><\/p>\r\n\r\n\r\n\r\n<h3 class=\"wp-block-heading\"><strong>SVP RESPECTEZ CES AFFICHES:<\/strong><\/h3>\r\n<h4><strong>PLANTES ENVAHISSANTES:<\/strong><\/h4>\r\n\r\n\r\n\r\n\r\n\r\n<p><a href=\"https:\/\/abvdupoissonblanc.ca\/wp-content\/uploads\/2020\/07\/affiche_bou\u00e9e_jaune-page-001-1-scaled.jpg\"><img loading=\"lazy\" decoding=\"async\" class=\"alignnone  wp-image-6553\" src=\"https:\/\/abvdupoissonblanc.ca\/wp-content\/uploads\/2020\/07\/affiche_bou\u00e9e_jaune-page-001-1-scaled.jpg\" alt=\"\" width=\"271\" height=\"351\" srcset=\"https:\/\/abvdupoissonblanc.ca\/wp-content\/uploads\/2020\/07\/affiche_bou\u00e9e_jaune-page-001-1-scaled.jpg 1978w, https:\/\/abvdupoissonblanc.ca\/wp-content\/uploads\/2020\/07\/affiche_bou\u00e9e_jaune-page-001-1-232x300.jpg 232w, https:\/\/abvdupoissonblanc.ca\/wp-content\/uploads\/2020\/07\/affiche_bou\u00e9e_jaune-page-001-1-791x1024.jpg 791w, https:\/\/abvdupoissonblanc.ca\/wp-content\/uploads\/2020\/07\/affiche_bou\u00e9e_jaune-page-001-1-768x994.jpg 768w, https:\/\/abvdupoissonblanc.ca\/wp-content\/uploads\/2020\/07\/affiche_bou\u00e9e_jaune-page-001-1-1187x1536.jpg 1187w, https:\/\/abvdupoissonblanc.ca\/wp-content\/uploads\/2020\/07\/affiche_bou\u00e9e_jaune-page-001-1-1583x2048.jpg 1583w, https:\/\/abvdupoissonblanc.ca\/wp-content\/uploads\/2020\/07\/affiche_bou\u00e9e_jaune-page-001-1-600x776.jpg 600w\" sizes=\"auto, (max-width: 271px) 100vw, 271px\" \/><\/a><\/p>\r\n<p>Elle indique d&#8217;\u00e9viter les zones o\u00f9 le myriophylle a \u00e9t\u00e9 signal\u00e9e.<\/p>\r\n<h3><strong>CONTR\u00d4LER VOS VAGUES:<\/strong><\/h3>\r\n<p><strong>Cette affiche (en m\u00e9tal ou coroplaste) est disponible dans notre boutique!<\/strong><\/p>\r\n\r\n\r\n\r\n<h2 class=\"wp-block-heading\"><a href=\"https:\/\/abvdupoissonblanc.ca\/wp-content\/uploads\/2020\/07\/NO_WAVE_aveclogo-page-001-scaled.jpg\"><img loading=\"lazy\" decoding=\"async\" class=\"alignnone  wp-image-6555\" src=\"https:\/\/abvdupoissonblanc.ca\/wp-content\/uploads\/2020\/07\/NO_WAVE_aveclogo-page-001-scaled.jpg\" alt=\"\" width=\"330\" height=\"427\" srcset=\"https:\/\/abvdupoissonblanc.ca\/wp-content\/uploads\/2020\/07\/NO_WAVE_aveclogo-page-001-scaled.jpg 1978w, https:\/\/abvdupoissonblanc.ca\/wp-content\/uploads\/2020\/07\/NO_WAVE_aveclogo-page-001-232x300.jpg 232w, https:\/\/abvdupoissonblanc.ca\/wp-content\/uploads\/2020\/07\/NO_WAVE_aveclogo-page-001-791x1024.jpg 791w, https:\/\/abvdupoissonblanc.ca\/wp-content\/uploads\/2020\/07\/NO_WAVE_aveclogo-page-001-768x994.jpg 768w, https:\/\/abvdupoissonblanc.ca\/wp-content\/uploads\/2020\/07\/NO_WAVE_aveclogo-page-001-1187x1536.jpg 1187w, https:\/\/abvdupoissonblanc.ca\/wp-content\/uploads\/2020\/07\/NO_WAVE_aveclogo-page-001-1583x2048.jpg 1583w, https:\/\/abvdupoissonblanc.ca\/wp-content\/uploads\/2020\/07\/NO_WAVE_aveclogo-page-001-600x776.jpg 600w\" sizes=\"auto, (max-width: 330px) 100vw, 330px\" \/><\/a><\/h2>\r\n<h3><strong>Comment contr\u00f4ler son sillage??<\/strong><\/h3>\r\n\r\n<h2><a href=\"https:\/\/abvdupoissonblanc.ca\/wp-content\/uploads\/2017\/05\/Watch-Your-Wake.jpg\"><img loading=\"lazy\" decoding=\"async\" class=\"alignnone size-full wp-image-3258\" src=\"https:\/\/abvdupoissonblanc.ca\/wp-content\/uploads\/2017\/05\/Watch-Your-Wake.jpg\" alt=\"\" width=\"371\" height=\"176\" srcset=\"https:\/\/abvdupoissonblanc.ca\/wp-content\/uploads\/2017\/05\/Watch-Your-Wake.jpg 371w, https:\/\/abvdupoissonblanc.ca\/wp-content\/uploads\/2017\/05\/Watch-Your-Wake-300x142.jpg 300w\" sizes=\"auto, (max-width: 371px) 100vw, 371px\" \/><\/a><\/h2>\r\n<div id=\"gt-c\" class=\"g-section\">\r\n<div id=\"gt-form-c\"><form id=\"gt-form\" action=\"\/\" enctype=\"application\/x-www-form-urlencoded\" method=\"post\" name=\"text_form\">\r\n<div id=\"gt-text-all\">\r\n<div id=\"gt-main\">\r\n<div id=\"gt-text-c\">\r\n<div id=\"gt-text-top\">\r\n<div id=\"gt-res-c\" class=\"g-unit\">\r\n<div id=\"gt-res-p\">\r\n<div id=\"gt-res-data\">\r\n<div id=\"gt-res-wrap\">\r\n<div id=\"gt-res-content\">\r\n<div dir=\"ltr\">\r\n<p>Pas vraiment simple \u00e0 comprendre si vous n&#8217;\u00eates pas un expert du nautisme. C&#8217;est une question de poids vs vitesse avec votre bateau! Quels facteurs provoquent des vagues? 1) Vitesse du vent 2) Profondeur du lac 3) D\u00e9placement de l\u2019eau 4) Poids du bateau 5) Forme du bateau touchant l\u2019eau 6) Vitesse du bateau. Nous devons \u00e9galement savoir que les petites vagues deviennent grosses par l&#8217;effet sur de nombreux bateaux en m\u00eame temps.<\/p>\r\n<\/div>\r\n<\/div>\r\n<\/div>\r\n<\/div>\r\n<\/div>\r\n<\/div>\r\n<\/div>\r\n<\/div>\r\n<\/div>\r\n<\/div>\r\n<\/form><\/div>\r\n<\/div>\r\n\r\n<h3 class=\"wp-block-heading\"><strong>Comment limiter les plantes aquatiques envahissantes?<\/strong><\/h3>\r\n\r\n\r\n\r\n<p><strong>En demandant \u00e0 vos ami(e)s et famille de laver leurs bateaux en de le mettre \u00e0 l&#8217;eau!<\/strong><\/p>\r\n\r\n\r\n\r\n<figure class=\"wp-block-image size-medium is-resized\"><img loading=\"lazy\" decoding=\"async\" class=\"wp-image-4720\" src=\"https:\/\/abvdupoissonblanc.ca\/wp-content\/uploads\/2015\/03\/bibittes-1-200x300.jpg\" alt=\"\" width=\"363\" height=\"545\" srcset=\"https:\/\/abvdupoissonblanc.ca\/wp-content\/uploads\/2015\/03\/bibittes-1-200x300.jpg 200w, https:\/\/abvdupoissonblanc.ca\/wp-content\/uploads\/2015\/03\/bibittes-1.jpg 600w\" sizes=\"auto, (max-width: 363px) 100vw, 363px\" \/><\/figure>\r\n\r\n\r\n\r\n<p><strong>Du Conseil r\u00e9gional de l&#8217;environnement de l&#8217;Abitibi-T\u00e9miscamingue<\/strong><\/p>\r\n\r\n\r\n\r\n<h3 class=\"wp-block-heading\">INSPECTER et NETTOYER tout le mat\u00e9riel nautique AVANT et APR\u00c8S chaque utilisation, et ce, LOIN DES PLANS D&#8217;EAU.\u00a0<\/h3>\r\n\r\n\r\n\r\n<ol class=\"wp-block-list\">\r\n<li>INSPECTEZ tout ce qui est en contact avec l&#8217;eau afin de retirer les plantes, les d\u00e9bris visibles et la boue du mat\u00e9riel utilis\u00e9.<\/li>\r\n<li>VIDEZ l&#8217;eau qui s&#8217;est accumul\u00e9e dans l&#8217;embarcation, les viviers, le moteur, la cale, les glaci\u00e8res, etc.<\/li>\r\n<li>NETTOYEZ l&#8217;embarcation et l&#8217;ensemble du mat\u00e9riel avec une laveuse \u00e0 pression pour bien d\u00e9loger tous les organismes sans endommager l&#8217;embarcation ni le mat\u00e9riel OU faire s\u00e9cher pendant au moins cinq jours.<\/li>\r\n<li>R\u00c9P\u00c9TEZ ces \u00e9tapes \u00e0 chaque utilisation.<\/li>\r\n<\/ol>\r\n\r\n\r\n\r\n\r\n\r\n\r\n\r\n\r\n\r\n\r\n\r\n\r\n\r\n\r\n\r\n<p>Contr\u00f4le des esp\u00e8ces aquatiques envahissantes (myriophylle) \u00e0 l&#8217;aide de <strong>stations de lavage de bateaux<\/strong>.<\/p>\r\n\r\n\r\n\r\n<figure class=\"wp-block-image is-resized\"><img loading=\"lazy\" decoding=\"async\" class=\"wp-image-4342\" src=\"https:\/\/abvdupoissonblanc.ca\/wp-content\/uploads\/2017\/04\/9_Myriophyllum_spi-300x188.jpg\" alt=\"\" width=\"307\" height=\"192\" srcset=\"https:\/\/abvdupoissonblanc.ca\/wp-content\/uploads\/2017\/04\/9_Myriophyllum_spi-300x188.jpg 300w, https:\/\/abvdupoissonblanc.ca\/wp-content\/uploads\/2017\/04\/9_Myriophyllum_spi-600x376.jpg 600w, https:\/\/abvdupoissonblanc.ca\/wp-content\/uploads\/2017\/04\/9_Myriophyllum_spi-768x482.jpg 768w, https:\/\/abvdupoissonblanc.ca\/wp-content\/uploads\/2017\/04\/9_Myriophyllum_spi.jpg 1024w\" sizes=\"auto, (max-width: 307px) 100vw, 307px\" \/>\r\n<figcaption>myriophylle \u00e0 \u00e9pis<\/figcaption>\r\n<\/figure>\r\n\r\n\r\n\r\n<p>Nous ne voulons pas r\u00e9pandre cette plante invasive dans nos cours d&#8217;eau!<\/p>\r\n\r\n\r\n\r\n<p><strong>Plusieurs postes de lavages gratuits sont disponibles dans notre r\u00e9gion. Demandez \u00e0 votre municipalit\u00e9 ou encore consultez les journaux locaux.<\/strong><\/p>\r\n\r\n\r\n\r\n<p>Cliquez pour lire ce document: <a href=\"http:\/\/www.associationbluesea.org\/images\/documents\/Etude_Abitibi-T%C3%A9miscamingue_sur_EEE.pdf\">Document d&#8217;information<\/a><\/p>\r\n\r\n\r\n\r\n<p>Cette \u00e9tude est un examen complet des d\u00e9fis et des approches \u00e0 prendre en compte lors de l&#8217;\u00e9tablissement d&#8217;un programme de rin\u00e7age introduction d&#8217;esp\u00e8ces exotiques envahissantes dans les lacs de la r\u00e9gion. Il est bien \u00e9crit et traite d\u2019un probl\u00e8me qui nous concerne au sein de l\u2019Association depuis la confirmation de la pr\u00e9sence de plantes envahissantes au lac Poisson Blanc.<\/p>\r\n\r\n\r\n\r\n<p><strong>Les lacs du Brochet et Newton n&#8217;ont pas de plantes envahissantes!<\/strong><\/p>\r\n","protected":false},"excerpt":{"rendered":"<p>Une navigation respectueuse pour le bienfait de tous! La navigation de plaisance c&#8217;est agr\u00e9able &#8211; nous pouvons tous convenir de cela! Il n&#8217;y a rien de tel que de sentir la brise brumeuse sur notre peau, de regarder un \u00eatre cher d\u00e9montrer ses talents de \u00abtubeur\u00bb ou de tirer un poisson sur notre ligne. Quel [&hellip;]<\/p>\n","protected":false},"author":687,"featured_media":0,"parent":0,"menu_order":0,"comment_status":"closed","ping_status":"closed","template":"","meta":{"footnotes":""},"class_list":["post-3003","page","type-page","status-publish","hentry"],"yoast_head":"<!-- This site is optimized with the Yoast SEO plugin v27.3 - https:\/\/yoast.com\/product\/yoast-seo-wordpress\/ -->\n<title>Navigation respectueuse - Association lac Poisson-Blanc<\/title>\n<meta name=\"robots\" content=\"index, follow, max-snippet:-1, max-image-preview:large, max-video-preview:-1\" \/>\n<link rel=\"canonical\" href=\"https:\/\/abvdupoissonblanc.ca\/fr\/navigation-respectueuse\/\" \/>\n<meta property=\"og:locale\" content=\"fr_FR\" \/>\n<meta property=\"og:type\" content=\"article\" \/>\n<meta property=\"og:title\" content=\"Navigation respectueuse - Association lac Poisson-Blanc\" \/>\n<meta property=\"og:description\" content=\"Une navigation respectueuse pour le bienfait de tous! La navigation de plaisance c&#8217;est agr\u00e9able &#8211; nous pouvons tous convenir de cela! Il n&#8217;y a rien de tel que de sentir la brise brumeuse sur notre peau, de regarder un \u00eatre cher d\u00e9montrer ses talents de \u00abtubeur\u00bb ou de tirer un poisson sur notre ligne. Quel [&hellip;]\" \/>\n<meta property=\"og:url\" content=\"https:\/\/abvdupoissonblanc.ca\/fr\/navigation-respectueuse\/\" \/>\n<meta property=\"og:site_name\" content=\"Association lac Poisson-Blanc\" \/>\n<meta property=\"article:publisher\" content=\"https:\/\/www.facebook.com\/groups\/LacPoissonBlanc\/\" \/>\n<meta property=\"article:modified_time\" content=\"2022-07-08T04:26:26+00:00\" \/>\n<meta property=\"og:image\" content=\"https:\/\/abvdupoissonblanc.ca\/wp-content\/uploads\/2020\/07\/NO_WAVE_aveclogo-page-001-scaled.jpg\" \/>\n<meta name=\"twitter:label1\" content=\"Dur\u00e9e de lecture estim\u00e9e\" \/>\n\t<meta name=\"twitter:data1\" content=\"5 minutes\" \/>\n<script type=\"application\/ld+json\" class=\"yoast-schema-graph\">{\"@context\":\"https:\\\/\\\/schema.org\",\"@graph\":[{\"@type\":\"WebPage\",\"@id\":\"https:\\\/\\\/abvdupoissonblanc.ca\\\/fr\\\/navigation-respectueuse\\\/\",\"url\":\"https:\\\/\\\/abvdupoissonblanc.ca\\\/fr\\\/navigation-respectueuse\\\/\",\"name\":\"Navigation respectueuse - Association lac Poisson-Blanc\",\"isPartOf\":{\"@id\":\"https:\\\/\\\/abvdupoissonblanc.ca\\\/fr\\\/#website\"},\"primaryImageOfPage\":{\"@id\":\"https:\\\/\\\/abvdupoissonblanc.ca\\\/fr\\\/navigation-respectueuse\\\/#primaryimage\"},\"image\":{\"@id\":\"https:\\\/\\\/abvdupoissonblanc.ca\\\/fr\\\/navigation-respectueuse\\\/#primaryimage\"},\"thumbnailUrl\":\"https:\\\/\\\/abvdupoissonblanc.ca\\\/wp-content\\\/uploads\\\/2020\\\/07\\\/NO_WAVE_aveclogo-page-001-scaled.jpg\",\"datePublished\":\"2017-04-20T16:54:00+00:00\",\"dateModified\":\"2022-07-08T04:26:26+00:00\",\"breadcrumb\":{\"@id\":\"https:\\\/\\\/abvdupoissonblanc.ca\\\/fr\\\/navigation-respectueuse\\\/#breadcrumb\"},\"inLanguage\":\"fr-FR\",\"potentialAction\":[{\"@type\":\"ReadAction\",\"target\":[\"https:\\\/\\\/abvdupoissonblanc.ca\\\/fr\\\/navigation-respectueuse\\\/\"]}]},{\"@type\":\"ImageObject\",\"inLanguage\":\"fr-FR\",\"@id\":\"https:\\\/\\\/abvdupoissonblanc.ca\\\/fr\\\/navigation-respectueuse\\\/#primaryimage\",\"url\":\"https:\\\/\\\/abvdupoissonblanc.ca\\\/wp-content\\\/uploads\\\/2020\\\/07\\\/NO_WAVE_aveclogo-page-001-scaled.jpg\",\"contentUrl\":\"https:\\\/\\\/abvdupoissonblanc.ca\\\/wp-content\\\/uploads\\\/2020\\\/07\\\/NO_WAVE_aveclogo-page-001-scaled.jpg\"},{\"@type\":\"BreadcrumbList\",\"@id\":\"https:\\\/\\\/abvdupoissonblanc.ca\\\/fr\\\/navigation-respectueuse\\\/#breadcrumb\",\"itemListElement\":[{\"@type\":\"ListItem\",\"position\":1,\"name\":\"Home\",\"item\":\"https:\\\/\\\/abvdupoissonblanc.ca\\\/fr\\\/\"},{\"@type\":\"ListItem\",\"position\":2,\"name\":\"Navigation respectueuse\"}]},{\"@type\":\"WebSite\",\"@id\":\"https:\\\/\\\/abvdupoissonblanc.ca\\\/fr\\\/#website\",\"url\":\"https:\\\/\\\/abvdupoissonblanc.ca\\\/fr\\\/\",\"name\":\"Association lac Poisson-Blanc\",\"description\":\"\",\"publisher\":{\"@id\":\"https:\\\/\\\/abvdupoissonblanc.ca\\\/fr\\\/#organization\"},\"potentialAction\":[{\"@type\":\"SearchAction\",\"target\":{\"@type\":\"EntryPoint\",\"urlTemplate\":\"https:\\\/\\\/abvdupoissonblanc.ca\\\/fr\\\/?s={search_term_string}\"},\"query-input\":{\"@type\":\"PropertyValueSpecification\",\"valueRequired\":true,\"valueName\":\"search_term_string\"}}],\"inLanguage\":\"fr-FR\"},{\"@type\":\"Organization\",\"@id\":\"https:\\\/\\\/abvdupoissonblanc.ca\\\/fr\\\/#organization\",\"name\":\"Association lac Poisson-Blanc\",\"url\":\"https:\\\/\\\/abvdupoissonblanc.ca\\\/fr\\\/\",\"logo\":{\"@type\":\"ImageObject\",\"inLanguage\":\"fr-FR\",\"@id\":\"https:\\\/\\\/abvdupoissonblanc.ca\\\/fr\\\/#\\\/schema\\\/logo\\\/image\\\/\",\"url\":\"https:\\\/\\\/abvdupoissonblanc.ca\\\/wp-content\\\/uploads\\\/2020\\\/06\\\/lacpoissonblanc-1.png\",\"contentUrl\":\"https:\\\/\\\/abvdupoissonblanc.ca\\\/wp-content\\\/uploads\\\/2020\\\/06\\\/lacpoissonblanc-1.png\",\"width\":314,\"height\":169,\"caption\":\"Association lac Poisson-Blanc\"},\"image\":{\"@id\":\"https:\\\/\\\/abvdupoissonblanc.ca\\\/fr\\\/#\\\/schema\\\/logo\\\/image\\\/\"},\"sameAs\":[\"https:\\\/\\\/www.facebook.com\\\/groups\\\/LacPoissonBlanc\\\/\"]}]}<\/script>\n<!-- \/ Yoast SEO plugin. -->","yoast_head_json":{"title":"Navigation respectueuse - Association lac Poisson-Blanc","robots":{"index":"index","follow":"follow","max-snippet":"max-snippet:-1","max-image-preview":"max-image-preview:large","max-video-preview":"max-video-preview:-1"},"canonical":"https:\/\/abvdupoissonblanc.ca\/fr\/navigation-respectueuse\/","og_locale":"fr_FR","og_type":"article","og_title":"Navigation respectueuse - Association lac Poisson-Blanc","og_description":"Une navigation respectueuse pour le bienfait de tous! La navigation de plaisance c&#8217;est agr\u00e9able &#8211; nous pouvons tous convenir de cela! Il n&#8217;y a rien de tel que de sentir la brise brumeuse sur notre peau, de regarder un \u00eatre cher d\u00e9montrer ses talents de \u00abtubeur\u00bb ou de tirer un poisson sur notre ligne. Quel [&hellip;]","og_url":"https:\/\/abvdupoissonblanc.ca\/fr\/navigation-respectueuse\/","og_site_name":"Association lac Poisson-Blanc","article_publisher":"https:\/\/www.facebook.com\/groups\/LacPoissonBlanc\/","article_modified_time":"2022-07-08T04:26:26+00:00","og_image":[{"url":"https:\/\/abvdupoissonblanc.ca\/wp-content\/uploads\/2020\/07\/NO_WAVE_aveclogo-page-001-scaled.jpg","type":"","width":"","height":""}],"twitter_misc":{"Dur\u00e9e de lecture estim\u00e9e":"5 minutes"},"schema":{"@context":"https:\/\/schema.org","@graph":[{"@type":"WebPage","@id":"https:\/\/abvdupoissonblanc.ca\/fr\/navigation-respectueuse\/","url":"https:\/\/abvdupoissonblanc.ca\/fr\/navigation-respectueuse\/","name":"Navigation respectueuse - Association lac Poisson-Blanc","isPartOf":{"@id":"https:\/\/abvdupoissonblanc.ca\/fr\/#website"},"primaryImageOfPage":{"@id":"https:\/\/abvdupoissonblanc.ca\/fr\/navigation-respectueuse\/#primaryimage"},"image":{"@id":"https:\/\/abvdupoissonblanc.ca\/fr\/navigation-respectueuse\/#primaryimage"},"thumbnailUrl":"https:\/\/abvdupoissonblanc.ca\/wp-content\/uploads\/2020\/07\/NO_WAVE_aveclogo-page-001-scaled.jpg","datePublished":"2017-04-20T16:54:00+00:00","dateModified":"2022-07-08T04:26:26+00:00","breadcrumb":{"@id":"https:\/\/abvdupoissonblanc.ca\/fr\/navigation-respectueuse\/#breadcrumb"},"inLanguage":"fr-FR","potentialAction":[{"@type":"ReadAction","target":["https:\/\/abvdupoissonblanc.ca\/fr\/navigation-respectueuse\/"]}]},{"@type":"ImageObject","inLanguage":"fr-FR","@id":"https:\/\/abvdupoissonblanc.ca\/fr\/navigation-respectueuse\/#primaryimage","url":"https:\/\/abvdupoissonblanc.ca\/wp-content\/uploads\/2020\/07\/NO_WAVE_aveclogo-page-001-scaled.jpg","contentUrl":"https:\/\/abvdupoissonblanc.ca\/wp-content\/uploads\/2020\/07\/NO_WAVE_aveclogo-page-001-scaled.jpg"},{"@type":"BreadcrumbList","@id":"https:\/\/abvdupoissonblanc.ca\/fr\/navigation-respectueuse\/#breadcrumb","itemListElement":[{"@type":"ListItem","position":1,"name":"Home","item":"https:\/\/abvdupoissonblanc.ca\/fr\/"},{"@type":"ListItem","position":2,"name":"Navigation respectueuse"}]},{"@type":"WebSite","@id":"https:\/\/abvdupoissonblanc.ca\/fr\/#website","url":"https:\/\/abvdupoissonblanc.ca\/fr\/","name":"Association lac Poisson-Blanc","description":"","publisher":{"@id":"https:\/\/abvdupoissonblanc.ca\/fr\/#organization"},"potentialAction":[{"@type":"SearchAction","target":{"@type":"EntryPoint","urlTemplate":"https:\/\/abvdupoissonblanc.ca\/fr\/?s={search_term_string}"},"query-input":{"@type":"PropertyValueSpecification","valueRequired":true,"valueName":"search_term_string"}}],"inLanguage":"fr-FR"},{"@type":"Organization","@id":"https:\/\/abvdupoissonblanc.ca\/fr\/#organization","name":"Association lac Poisson-Blanc","url":"https:\/\/abvdupoissonblanc.ca\/fr\/","logo":{"@type":"ImageObject","inLanguage":"fr-FR","@id":"https:\/\/abvdupoissonblanc.ca\/fr\/#\/schema\/logo\/image\/","url":"https:\/\/abvdupoissonblanc.ca\/wp-content\/uploads\/2020\/06\/lacpoissonblanc-1.png","contentUrl":"https:\/\/abvdupoissonblanc.ca\/wp-content\/uploads\/2020\/06\/lacpoissonblanc-1.png","width":314,"height":169,"caption":"Association lac Poisson-Blanc"},"image":{"@id":"https:\/\/abvdupoissonblanc.ca\/fr\/#\/schema\/logo\/image\/"},"sameAs":["https:\/\/www.facebook.com\/groups\/LacPoissonBlanc\/"]}]}},"_links":{"self":[{"href":"https:\/\/abvdupoissonblanc.ca\/fr\/wp-json\/wp\/v2\/pages\/3003","targetHints":{"allow":["GET"]}}],"collection":[{"href":"https:\/\/abvdupoissonblanc.ca\/fr\/wp-json\/wp\/v2\/pages"}],"about":[{"href":"https:\/\/abvdupoissonblanc.ca\/fr\/wp-json\/wp\/v2\/types\/page"}],"author":[{"embeddable":true,"href":"https:\/\/abvdupoissonblanc.ca\/fr\/wp-json\/wp\/v2\/users\/687"}],"replies":[{"embeddable":true,"href":"https:\/\/abvdupoissonblanc.ca\/fr\/wp-json\/wp\/v2\/comments?post=3003"}],"version-history":[{"count":20,"href":"https:\/\/abvdupoissonblanc.ca\/fr\/wp-json\/wp\/v2\/pages\/3003\/revisions"}],"predecessor-version":[{"id":11370,"href":"https:\/\/abvdupoissonblanc.ca\/fr\/wp-json\/wp\/v2\/pages\/3003\/revisions\/11370"}],"wp:attachment":[{"href":"https:\/\/abvdupoissonblanc.ca\/fr\/wp-json\/wp\/v2\/media?parent=3003"}],"curies":[{"name":"wp","href":"https:\/\/api.w.org\/{rel}","templated":true}]}}