{"id":2995,"date":"2017-04-20T12:34:20","date_gmt":"2017-04-20T16:34:20","guid":{"rendered":"https:\/\/lacpoissonblanc.ca\/?page_id=2995\/"},"modified":"2022-07-08T00:41:18","modified_gmt":"2022-07-08T04:41:18","slug":"votre-bande-riveraine","status":"publish","type":"page","link":"https:\/\/abvdupoissonblanc.ca\/fr\/votre-bande-riveraine\/","title":{"rendered":"Votre bande riveraine"},"content":{"rendered":"\r\n<figure class=\"wp-block-image\"><a href=\"https:\/\/abvdupoissonblanc.ca\/wp-content\/uploads\/2017\/04\/panneau_bande_riveraine-page-001.jpg\"><img decoding=\"async\" class=\"wp-image-3214\" src=\"https:\/\/abvdupoissonblanc.ca\/wp-content\/uploads\/2017\/04\/panneau_bande_riveraine-page-001.jpg\" alt=\"\" \/><\/a><\/figure>\r\n\r\n\r\n\r\n<p><strong>Le r\u00e8glement sur la bande riveraine est appliqu\u00e9e par les municipalit\u00e9s de la Vall\u00e9e-de-la-Gatineau depuis 2015.<\/strong><\/p>\r\n\r\n\r\n\r\n<p class=\"has-luminous-vivid-orange-color has-text-color\"><span>Les documents officiels des MRC concernant la politique de la bande riveraine:<\/span><\/p>\r\n\r\n\r\n\r\n<h3 class=\"has-background has-very-light-gray-background-color\"><strong>Cliquez sur le document de votre choix:<\/strong><\/h3>\r\n\r\n\r\n\r\n<p>2018: <a href=\"http:\/\/www.mrcvg.qc.ca\/index.php\/le-schema-d-amenagement\/reglement-de-controle-interimaire\">http:\/\/www.mrcvg.qc.ca\/index.php\/le-schema-d-amenagement\/reglement-de-controle-interimaire<\/a><\/p>\r\n\r\n\r\n\r\n<p><a href=\"http:\/\/www.abvdupoissonblanc.ca\/wp-content\/uploads\/2015\/03\/Jugement-vs-riverains-20-juin-2011.pdf\">Jugement vs riverains 20 juin 2011<\/a><\/p>\r\n\r\n\r\n\r\n<p><a href=\"http:\/\/www.abvdupoissonblanc.ca\/wp-content\/uploads\/2015\/03\/RCI-2009-206-1-modifiant-2009-206-d%C3%A9p%C3%B4t.pdf\">RCI 2009-206-1 modifiant 2009-206 d\u00e9p\u00f4t<\/a><\/p>\r\n\r\n\r\n\r\n<p><a href=\"http:\/\/www.abvdupoissonblanc.ca\/wp-content\/uploads\/2015\/03\/Pouvoirs-municipaux-et-protection.docx\">Pouvoirs municipaux et protection<\/a><\/p>\r\n\r\n\r\n\r\n<p class=\"has-background has-very-light-gray-background-color\"><strong>Pour la municipalit\u00e9 de Notre-Dame-de-Laus voir aussi MRC Antoine-Labelle: <\/strong><\/p>\r\n<p class=\"has-background has-very-light-gray-background-color\"><strong><a href=\"https:\/\/www.notre-dame-du-laus.ca\/bandes-riveraines\">https:\/\/www.notre-dame-du-laus.ca\/bandes-riveraines<\/a><\/strong><\/p>\r\n\r\n\r\n\r\n<p class=\"has-background has-very-light-gray-background-color\"><strong>Pour la municipalit\u00e9 de Bowman voir aussi MRC Papineau: <br \/><\/strong><\/p>\r\n<p>Cliquez:\u00a0 <a href=\"https:\/\/abvdupoissonblanc.ca\/wp-content\/uploads\/2021\/04\/Bowman_bande-riveraine.pdf\">Bowman_bande riveraine<\/a><\/p>\r\n\r\n\r\n\r\n<h3 class=\"has-luminous-vivid-orange-color has-text-color wp-block-heading\"><span><strong>RESTAURER SA BANDE RIVERAINE C&#8217;EST SIMPLE !<\/strong><\/span><\/h3>\r\n\r\n\r\n\r\n<p>Comme exemple le chalet d&#8217;Andr\u00e9 Beauchemin. Voyez la diff\u00e9rence:<\/p>\r\n\r\n\r\n\r\n<figure class=\"wp-block-image\"><a href=\"https:\/\/abvdupoissonblanc.ca\/wp-content\/uploads\/2017\/04\/photos-2007-2013.jpg\"><img loading=\"lazy\" decoding=\"async\" width=\"1878\" height=\"800\" class=\"wp-image-3248\" src=\"https:\/\/abvdupoissonblanc.ca\/wp-content\/uploads\/2017\/04\/photos-2007-2013.jpg\" alt=\"\" srcset=\"https:\/\/abvdupoissonblanc.ca\/wp-content\/uploads\/2017\/04\/photos-2007-2013.jpg 1878w, https:\/\/abvdupoissonblanc.ca\/wp-content\/uploads\/2017\/04\/photos-2007-2013-600x256.jpg 600w, https:\/\/abvdupoissonblanc.ca\/wp-content\/uploads\/2017\/04\/photos-2007-2013-300x128.jpg 300w, https:\/\/abvdupoissonblanc.ca\/wp-content\/uploads\/2017\/04\/photos-2007-2013-768x327.jpg 768w, https:\/\/abvdupoissonblanc.ca\/wp-content\/uploads\/2017\/04\/photos-2007-2013-1024x436.jpg 1024w\" sizes=\"auto, (max-width: 1878px) 100vw, 1878px\" \/><\/a>\r\n<figcaption><em>merci Andr\u00e9<\/em><\/figcaption>\r\n<\/figure>\r\n\r\n\r\n\r\n<h3 class=\"has-luminous-vivid-orange-color has-text-color wp-block-heading\"><span><strong>Guide pour revitaliser votre bande riveraine:<\/strong><\/span><\/h3>\r\n\r\n\r\n\r\n<p class=\"has-background has-very-light-gray-background-color\">Suivez ce lien: <a href=\"http:\/\/wwwbanderiveraine.org\"><strong>wwwbanderiveraine.org<\/strong><\/a><\/p>\r\n\r\n\r\n\r\n<p class=\"has-background has-very-light-gray-background-color\">Autre ouvrage int\u00e9ressant qui donne de l\u2019information sur les fa\u00e7ons de pr\u00e9server la vraie nature du rivage et de le restaurer au besoin. Un document produit par P\u00eaches et Oc\u00e9ans Canada en collaboration avec Cottage Life. Pour consulter ce document, <a href=\"http:\/\/www.associationbluesea.org\/images\/documents\/ABC_shore_primer_fr.pdf\" target=\"_blank\" rel=\"noreferrer noopener\">cliquez ici<\/a> (<em>1,6 Mo<\/em>).<\/p>\r\n\r\n\r\n\r\n<p><strong>Vivre au bord de l\u2019eau<\/strong><\/p>\r\n\r\n\r\n\r\n<p>L\u2019affiche \u00ab Vivre au bord de l\u2019eau \u00bb traite de l\u2019am\u00e9nagement \u00e9cologique des propri\u00e9t\u00e9s riveraines. Pour t\u00e9l\u00e9charger cette affiche, <a href=\"http:\/\/www.associationbluesea.org\/images\/documents\/vivre_bord_eau_fr.pdf\" target=\"_blank\" rel=\"noreferrer noopener\">cliquez ici<\/a>.<\/p>\r\n\r\n\r\n\r\n<p><em><a href=\"http:\/\/www.abvdupoissonblanc.ca\/wp-content\/uploads\/2015\/03\/Bande-riveraine_fin-des-droits-acquis_Le-Devoir-22-juin-2011.pdf\">Bande riveraine_fin des droits acquis_Le Devoir 22 juin 2011<\/a><\/em><\/p>\r\n\r\n\r\n\r\n<p><a href=\"http:\/\/www.abvdupoissonblanc.ca\/wp-content\/uploads\/2015\/03\/Bande-riveraine-depliant.pdf\">Bande-riveraine-depliant<\/a><\/p>\r\n\r\n\r\n\r\n<p><a href=\"http:\/\/www.abvdupoissonblanc.ca\/wp-content\/uploads\/2015\/03\/subventions-depliant.pdf\">subventions-depliant<\/a><\/p>\r\n\r\n\r\n\r\n<p><a href=\"http:\/\/www.abvdupoissonblanc.ca\/wp-content\/uploads\/2015\/03\/Depliant-stabilisation.pdf\">Depliant-stabilisation<\/a><\/p>\r\n\r\n\r\n\r\n<p><a href=\"http:\/\/www.abvdupoissonblanc.ca\/wp-content\/uploads\/2015\/03\/Prends-rive-mains.pdf\">Prends-rive-mains<\/a><\/p>\r\n\r\n\r\n\r\n<p>Document de la MRC Papineau-Labelle: <a href=\"https:\/\/abvdupoissonblanc.ca\/wp-content\/uploads\/2017\/04\/bande-riveraine.pdf\">bande riveraine<\/a><\/p>\r\n\r\n\r\n\r\n<h3 class=\"has-luminous-vivid-orange-color has-text-color wp-block-heading\"><span><strong>Plantes riveraines:<\/strong><\/span><\/h3>\r\n\r\n\r\n\r\n<p class=\"has-background has-luminous-vivid-amber-background-color\"><strong>Suivre ces liens:<\/strong><\/p>\r\n\r\n\r\n\r\n<p>Plantes \/revitalisation: <a href=\"http:\/\/www.abvdupoissonblanc.ca\/wp-content\/uploads\/2015\/03\/Guide_pratique_renouvellement_de_la_rive.pdf\">Guide_pratique_renouvellement_de_la_rive<\/a><\/p>\r\n\r\n\r\n\r\n<p><a href=\"http:\/\/www.abvdupoissonblanc.ca\/wp-content\/uploads\/2015\/03\/Plantes-pour-revegetalisaiton.pdf\">Plantes pour revegetalisaiton<\/a><\/p>\r\n\r\n\r\n\r\n<p><a href=\"http:\/\/www.abvdupoissonblanc.ca\/wp-content\/uploads\/2015\/03\/Revegetalisation-plantes.pdf\">Revegetalisation-plantes<\/a><\/p>\r\n\r\n\r\n\r\n<h3 class=\"has-luminous-vivid-orange-color has-text-color wp-block-heading\"><span><strong>Autres ressources de documents:<\/strong><\/span><\/h3>\r\n\r\n\r\n\r\n<p>De COBALI: <a href=\"http:\/\/www.abvdupoissonblanc.ca\/wp-content\/uploads\/2015\/03\/Capsules-FR-2013.pdf\">Capsules FR 2013<\/a><\/p>\r\n\r\n\r\n\r\n<p><a href=\"http:\/\/www.abvdupoissonblanc.ca\/wp-content\/uploads\/2015\/03\/protection_lac_et_cours_deau.pdf\">protection_lac_et_cours_deau<\/a><\/p>\r\n\r\n\r\n\r\n<p>Associations de lacs en Ontario (en anglais):<em> <a href=\"http:\/\/www.abvdupoissonblanc.ca\/wp-content\/uploads\/2015\/03\/report-overview-boats.pdf\">report overview-boats<\/a><\/em><\/p>\r\n\r\n\r\n\r\n<h3 class=\"has-luminous-vivid-orange-color has-text-color wp-block-heading\"><span><strong>L\u2019\u00c9ROSION OCCASIONN\u00c9E PAR LES VAGUES!<\/strong><\/span><\/h3>\r\n\r\n\r\n\r\n<p>Nous vendons de grosses affiches de 60cm x 60cm (24\u2033 x24\u2033) en m\u00e9tal ou coroplast. Cette affiche est vendue dans notre boutique <a href=\"\/?page_id=6287\">Clique ici<\/a><\/p>\r\n<p><a href=\"https:\/\/abvdupoissonblanc.ca\/wp-content\/uploads\/2020\/07\/sign-erosion.jpg\"><img loading=\"lazy\" decoding=\"async\" class=\"alignnone size-medium wp-image-7410\" src=\"https:\/\/abvdupoissonblanc.ca\/wp-content\/uploads\/2020\/07\/sign-erosion-300x300.jpg\" alt=\"\" width=\"300\" height=\"300\" srcset=\"https:\/\/abvdupoissonblanc.ca\/wp-content\/uploads\/2020\/07\/sign-erosion-300x300.jpg 300w, https:\/\/abvdupoissonblanc.ca\/wp-content\/uploads\/2020\/07\/sign-erosion-150x150.jpg 150w, https:\/\/abvdupoissonblanc.ca\/wp-content\/uploads\/2020\/07\/sign-erosion-768x768.jpg 768w, https:\/\/abvdupoissonblanc.ca\/wp-content\/uploads\/2020\/07\/sign-erosion-146x146.jpg 146w, https:\/\/abvdupoissonblanc.ca\/wp-content\/uploads\/2020\/07\/sign-erosion-600x600.jpg 600w, https:\/\/abvdupoissonblanc.ca\/wp-content\/uploads\/2020\/07\/sign-erosion-100x100.jpg 100w, https:\/\/abvdupoissonblanc.ca\/wp-content\/uploads\/2020\/07\/sign-erosion.jpg 1000w\" sizes=\"auto, (max-width: 300px) 100vw, 300px\" \/><\/a><\/p>\r\n\r\n\r\n","protected":false},"excerpt":{"rendered":"<p>Le r\u00e8glement sur la bande riveraine est appliqu\u00e9e par les municipalit\u00e9s de la Vall\u00e9e-de-la-Gatineau depuis 2015. Les documents officiels des MRC concernant la politique de la bande riveraine: Cliquez sur le document de votre choix: 2018: http:\/\/www.mrcvg.qc.ca\/index.php\/le-schema-d-amenagement\/reglement-de-controle-interimaire Jugement vs riverains 20 juin 2011 RCI 2009-206-1 modifiant 2009-206 d\u00e9p\u00f4t Pouvoirs municipaux et protection Pour la municipalit\u00e9 [&hellip;]<\/p>\n","protected":false},"author":687,"featured_media":0,"parent":0,"menu_order":0,"comment_status":"closed","ping_status":"closed","template":"","meta":{"footnotes":""},"class_list":["post-2995","page","type-page","status-publish","hentry"],"yoast_head":"<!-- This site is optimized with the Yoast SEO plugin v27.4 - https:\/\/yoast.com\/product\/yoast-seo-wordpress\/ -->\n<title>Votre bande riveraine - Association lac Poisson-Blanc<\/title>\n<meta name=\"robots\" content=\"index, follow, max-snippet:-1, max-image-preview:large, max-video-preview:-1\" \/>\n<link rel=\"canonical\" href=\"https:\/\/abvdupoissonblanc.ca\/fr\/votre-bande-riveraine\/\" \/>\n<meta property=\"og:locale\" content=\"fr_FR\" \/>\n<meta property=\"og:type\" content=\"article\" \/>\n<meta property=\"og:title\" content=\"Votre bande riveraine - Association lac Poisson-Blanc\" \/>\n<meta property=\"og:description\" content=\"Le r\u00e8glement sur la bande riveraine est appliqu\u00e9e par les municipalit\u00e9s de la Vall\u00e9e-de-la-Gatineau depuis 2015. Les documents officiels des MRC concernant la politique de la bande riveraine: Cliquez sur le document de votre choix: 2018: http:\/\/www.mrcvg.qc.ca\/index.php\/le-schema-d-amenagement\/reglement-de-controle-interimaire Jugement vs riverains 20 juin 2011 RCI 2009-206-1 modifiant 2009-206 d\u00e9p\u00f4t Pouvoirs municipaux et protection Pour la municipalit\u00e9 [&hellip;]\" \/>\n<meta property=\"og:url\" content=\"https:\/\/abvdupoissonblanc.ca\/fr\/votre-bande-riveraine\/\" \/>\n<meta property=\"og:site_name\" content=\"Association lac Poisson-Blanc\" \/>\n<meta property=\"article:publisher\" content=\"https:\/\/www.facebook.com\/groups\/LacPoissonBlanc\/\" \/>\n<meta property=\"article:modified_time\" content=\"2022-07-08T04:41:18+00:00\" \/>\n<meta property=\"og:image\" content=\"https:\/\/abvdupoissonblanc.ca\/wp-content\/uploads\/2017\/04\/panneau_bande_riveraine-page-001.jpg\" \/>\n<meta name=\"twitter:label1\" content=\"Dur\u00e9e de lecture estim\u00e9e\" \/>\n\t<meta name=\"twitter:data1\" content=\"2 minutes\" \/>\n<script type=\"application\/ld+json\" class=\"yoast-schema-graph\">{\"@context\":\"https:\\\/\\\/schema.org\",\"@graph\":[{\"@type\":\"WebPage\",\"@id\":\"https:\\\/\\\/abvdupoissonblanc.ca\\\/fr\\\/votre-bande-riveraine\\\/\",\"url\":\"https:\\\/\\\/abvdupoissonblanc.ca\\\/fr\\\/votre-bande-riveraine\\\/\",\"name\":\"Votre bande riveraine - Association lac Poisson-Blanc\",\"isPartOf\":{\"@id\":\"https:\\\/\\\/abvdupoissonblanc.ca\\\/fr\\\/#website\"},\"primaryImageOfPage\":{\"@id\":\"https:\\\/\\\/abvdupoissonblanc.ca\\\/fr\\\/votre-bande-riveraine\\\/#primaryimage\"},\"image\":{\"@id\":\"https:\\\/\\\/abvdupoissonblanc.ca\\\/fr\\\/votre-bande-riveraine\\\/#primaryimage\"},\"thumbnailUrl\":\"https:\\\/\\\/abvdupoissonblanc.ca\\\/wp-content\\\/uploads\\\/2017\\\/04\\\/panneau_bande_riveraine-page-001.jpg\",\"datePublished\":\"2017-04-20T16:34:20+00:00\",\"dateModified\":\"2022-07-08T04:41:18+00:00\",\"breadcrumb\":{\"@id\":\"https:\\\/\\\/abvdupoissonblanc.ca\\\/fr\\\/votre-bande-riveraine\\\/#breadcrumb\"},\"inLanguage\":\"fr-FR\",\"potentialAction\":[{\"@type\":\"ReadAction\",\"target\":[\"https:\\\/\\\/abvdupoissonblanc.ca\\\/fr\\\/votre-bande-riveraine\\\/\"]}]},{\"@type\":\"ImageObject\",\"inLanguage\":\"fr-FR\",\"@id\":\"https:\\\/\\\/abvdupoissonblanc.ca\\\/fr\\\/votre-bande-riveraine\\\/#primaryimage\",\"url\":\"https:\\\/\\\/abvdupoissonblanc.ca\\\/wp-content\\\/uploads\\\/2017\\\/04\\\/panneau_bande_riveraine-page-001.jpg\",\"contentUrl\":\"https:\\\/\\\/abvdupoissonblanc.ca\\\/wp-content\\\/uploads\\\/2017\\\/04\\\/panneau_bande_riveraine-page-001.jpg\"},{\"@type\":\"BreadcrumbList\",\"@id\":\"https:\\\/\\\/abvdupoissonblanc.ca\\\/fr\\\/votre-bande-riveraine\\\/#breadcrumb\",\"itemListElement\":[{\"@type\":\"ListItem\",\"position\":1,\"name\":\"Home\",\"item\":\"https:\\\/\\\/abvdupoissonblanc.ca\\\/fr\\\/\"},{\"@type\":\"ListItem\",\"position\":2,\"name\":\"Votre bande riveraine\"}]},{\"@type\":\"WebSite\",\"@id\":\"https:\\\/\\\/abvdupoissonblanc.ca\\\/fr\\\/#website\",\"url\":\"https:\\\/\\\/abvdupoissonblanc.ca\\\/fr\\\/\",\"name\":\"Association lac Poisson-Blanc\",\"description\":\"\",\"publisher\":{\"@id\":\"https:\\\/\\\/abvdupoissonblanc.ca\\\/fr\\\/#organization\"},\"potentialAction\":[{\"@type\":\"SearchAction\",\"target\":{\"@type\":\"EntryPoint\",\"urlTemplate\":\"https:\\\/\\\/abvdupoissonblanc.ca\\\/fr\\\/?s={search_term_string}\"},\"query-input\":{\"@type\":\"PropertyValueSpecification\",\"valueRequired\":true,\"valueName\":\"search_term_string\"}}],\"inLanguage\":\"fr-FR\"},{\"@type\":\"Organization\",\"@id\":\"https:\\\/\\\/abvdupoissonblanc.ca\\\/fr\\\/#organization\",\"name\":\"Association lac Poisson-Blanc\",\"url\":\"https:\\\/\\\/abvdupoissonblanc.ca\\\/fr\\\/\",\"logo\":{\"@type\":\"ImageObject\",\"inLanguage\":\"fr-FR\",\"@id\":\"https:\\\/\\\/abvdupoissonblanc.ca\\\/fr\\\/#\\\/schema\\\/logo\\\/image\\\/\",\"url\":\"https:\\\/\\\/abvdupoissonblanc.ca\\\/wp-content\\\/uploads\\\/2020\\\/06\\\/lacpoissonblanc-1.png\",\"contentUrl\":\"https:\\\/\\\/abvdupoissonblanc.ca\\\/wp-content\\\/uploads\\\/2020\\\/06\\\/lacpoissonblanc-1.png\",\"width\":314,\"height\":169,\"caption\":\"Association lac Poisson-Blanc\"},\"image\":{\"@id\":\"https:\\\/\\\/abvdupoissonblanc.ca\\\/fr\\\/#\\\/schema\\\/logo\\\/image\\\/\"},\"sameAs\":[\"https:\\\/\\\/www.facebook.com\\\/groups\\\/LacPoissonBlanc\\\/\"]}]}<\/script>\n<!-- \/ Yoast SEO plugin. -->","yoast_head_json":{"title":"Votre bande riveraine - Association lac Poisson-Blanc","robots":{"index":"index","follow":"follow","max-snippet":"max-snippet:-1","max-image-preview":"max-image-preview:large","max-video-preview":"max-video-preview:-1"},"canonical":"https:\/\/abvdupoissonblanc.ca\/fr\/votre-bande-riveraine\/","og_locale":"fr_FR","og_type":"article","og_title":"Votre bande riveraine - Association lac Poisson-Blanc","og_description":"Le r\u00e8glement sur la bande riveraine est appliqu\u00e9e par les municipalit\u00e9s de la Vall\u00e9e-de-la-Gatineau depuis 2015. Les documents officiels des MRC concernant la politique de la bande riveraine: Cliquez sur le document de votre choix: 2018: http:\/\/www.mrcvg.qc.ca\/index.php\/le-schema-d-amenagement\/reglement-de-controle-interimaire Jugement vs riverains 20 juin 2011 RCI 2009-206-1 modifiant 2009-206 d\u00e9p\u00f4t Pouvoirs municipaux et protection Pour la municipalit\u00e9 [&hellip;]","og_url":"https:\/\/abvdupoissonblanc.ca\/fr\/votre-bande-riveraine\/","og_site_name":"Association lac Poisson-Blanc","article_publisher":"https:\/\/www.facebook.com\/groups\/LacPoissonBlanc\/","article_modified_time":"2022-07-08T04:41:18+00:00","og_image":[{"url":"https:\/\/abvdupoissonblanc.ca\/wp-content\/uploads\/2017\/04\/panneau_bande_riveraine-page-001.jpg","type":"","width":"","height":""}],"twitter_misc":{"Dur\u00e9e de lecture estim\u00e9e":"2 minutes"},"schema":{"@context":"https:\/\/schema.org","@graph":[{"@type":"WebPage","@id":"https:\/\/abvdupoissonblanc.ca\/fr\/votre-bande-riveraine\/","url":"https:\/\/abvdupoissonblanc.ca\/fr\/votre-bande-riveraine\/","name":"Votre bande riveraine - Association lac Poisson-Blanc","isPartOf":{"@id":"https:\/\/abvdupoissonblanc.ca\/fr\/#website"},"primaryImageOfPage":{"@id":"https:\/\/abvdupoissonblanc.ca\/fr\/votre-bande-riveraine\/#primaryimage"},"image":{"@id":"https:\/\/abvdupoissonblanc.ca\/fr\/votre-bande-riveraine\/#primaryimage"},"thumbnailUrl":"https:\/\/abvdupoissonblanc.ca\/wp-content\/uploads\/2017\/04\/panneau_bande_riveraine-page-001.jpg","datePublished":"2017-04-20T16:34:20+00:00","dateModified":"2022-07-08T04:41:18+00:00","breadcrumb":{"@id":"https:\/\/abvdupoissonblanc.ca\/fr\/votre-bande-riveraine\/#breadcrumb"},"inLanguage":"fr-FR","potentialAction":[{"@type":"ReadAction","target":["https:\/\/abvdupoissonblanc.ca\/fr\/votre-bande-riveraine\/"]}]},{"@type":"ImageObject","inLanguage":"fr-FR","@id":"https:\/\/abvdupoissonblanc.ca\/fr\/votre-bande-riveraine\/#primaryimage","url":"https:\/\/abvdupoissonblanc.ca\/wp-content\/uploads\/2017\/04\/panneau_bande_riveraine-page-001.jpg","contentUrl":"https:\/\/abvdupoissonblanc.ca\/wp-content\/uploads\/2017\/04\/panneau_bande_riveraine-page-001.jpg"},{"@type":"BreadcrumbList","@id":"https:\/\/abvdupoissonblanc.ca\/fr\/votre-bande-riveraine\/#breadcrumb","itemListElement":[{"@type":"ListItem","position":1,"name":"Home","item":"https:\/\/abvdupoissonblanc.ca\/fr\/"},{"@type":"ListItem","position":2,"name":"Votre bande riveraine"}]},{"@type":"WebSite","@id":"https:\/\/abvdupoissonblanc.ca\/fr\/#website","url":"https:\/\/abvdupoissonblanc.ca\/fr\/","name":"Association lac Poisson-Blanc","description":"","publisher":{"@id":"https:\/\/abvdupoissonblanc.ca\/fr\/#organization"},"potentialAction":[{"@type":"SearchAction","target":{"@type":"EntryPoint","urlTemplate":"https:\/\/abvdupoissonblanc.ca\/fr\/?s={search_term_string}"},"query-input":{"@type":"PropertyValueSpecification","valueRequired":true,"valueName":"search_term_string"}}],"inLanguage":"fr-FR"},{"@type":"Organization","@id":"https:\/\/abvdupoissonblanc.ca\/fr\/#organization","name":"Association lac Poisson-Blanc","url":"https:\/\/abvdupoissonblanc.ca\/fr\/","logo":{"@type":"ImageObject","inLanguage":"fr-FR","@id":"https:\/\/abvdupoissonblanc.ca\/fr\/#\/schema\/logo\/image\/","url":"https:\/\/abvdupoissonblanc.ca\/wp-content\/uploads\/2020\/06\/lacpoissonblanc-1.png","contentUrl":"https:\/\/abvdupoissonblanc.ca\/wp-content\/uploads\/2020\/06\/lacpoissonblanc-1.png","width":314,"height":169,"caption":"Association lac Poisson-Blanc"},"image":{"@id":"https:\/\/abvdupoissonblanc.ca\/fr\/#\/schema\/logo\/image\/"},"sameAs":["https:\/\/www.facebook.com\/groups\/LacPoissonBlanc\/"]}]}},"_links":{"self":[{"href":"https:\/\/abvdupoissonblanc.ca\/fr\/wp-json\/wp\/v2\/pages\/2995","targetHints":{"allow":["GET"]}}],"collection":[{"href":"https:\/\/abvdupoissonblanc.ca\/fr\/wp-json\/wp\/v2\/pages"}],"about":[{"href":"https:\/\/abvdupoissonblanc.ca\/fr\/wp-json\/wp\/v2\/types\/page"}],"author":[{"embeddable":true,"href":"https:\/\/abvdupoissonblanc.ca\/fr\/wp-json\/wp\/v2\/users\/687"}],"replies":[{"embeddable":true,"href":"https:\/\/abvdupoissonblanc.ca\/fr\/wp-json\/wp\/v2\/comments?post=2995"}],"version-history":[{"count":20,"href":"https:\/\/abvdupoissonblanc.ca\/fr\/wp-json\/wp\/v2\/pages\/2995\/revisions"}],"predecessor-version":[{"id":11381,"href":"https:\/\/abvdupoissonblanc.ca\/fr\/wp-json\/wp\/v2\/pages\/2995\/revisions\/11381"}],"wp:attachment":[{"href":"https:\/\/abvdupoissonblanc.ca\/fr\/wp-json\/wp\/v2\/media?parent=2995"}],"curies":[{"name":"wp","href":"https:\/\/api.w.org\/{rel}","templated":true}]}}