{"id":2990,"date":"2017-04-20T12:17:35","date_gmt":"2017-04-20T16:17:35","guid":{"rendered":"https:\/\/lacpoissonblanc.ca\/?page_id=2990\/"},"modified":"2022-07-08T00:36:56","modified_gmt":"2022-07-08T04:36:56","slug":"qualite-de-leau-2","status":"publish","type":"page","link":"https:\/\/abvdupoissonblanc.ca\/fr\/qualite-de-leau-2\/","title":{"rendered":"Qualit\u00e9 de l&#8217;eau"},"content":{"rendered":"\r\n<h3 class=\"wp-block-heading\"><strong>Nos tests de transparence de l&#8217;eau dans la baie Newton:<\/strong><\/h3>\r\n<h3 class=\"has-luminous-vivid-orange-color has-text-color\"><span>\u00c9 v a l u a t i o n\u00a0\u00a0\u00a0 d e \u00a0\u00a0 l a \u00a0\u00a0 s a n t \u00e9\u00a0\u00a0\u00a0 d &#8216; u n \u00a0\u00a0 l a c<\/span><\/h3>\r\n\r\n\r\n\r\n<h3 class=\"wp-block-heading\"><strong>Complexit\u00e9 de la t\u00e2che<\/strong><\/h3>\r\n\r\n\r\n\r\n<p>M\u00eame si nous en savons maintenant beaucoup plus sur les nombreuses interventions de l\u2019homme qui menacent nos lacs et nos rivi\u00e8res, on n\u2019a toujours pas de fa\u00e7on simple d\u2019\u00e9valuer la <em><strong><a href=\"http:\/\/www.associationbluesea.org\/index.php\/bassin-versant\/evaluation-de-la-sante-d-un-lac#A01\">sant\u00e9 d\u2019un lac<\/a>\u00a0<\/strong><\/em>dans son ensemble ou de pr\u00e9dire son avenir. Ceci d\u00e9coule de la tr\u00e8s grande complexit\u00e9 d\u2019un lac en tant que syst\u00e8me dont l\u2019\u00e9tat peut \u00eatre influenc\u00e9 par de nombreux facteurs. En cons\u00e9quence, une quantit\u00e9 importante de donn\u00e9es doit \u00eatre recueillie et analys\u00e9e afin de d\u00e9terminer son \u00e9tat actuel et futur. Les param\u00e8tres \u00e0 consid\u00e9rer sont :<\/p>\r\n\r\n\r\n\r\n<ul class=\"wp-block-list\">\r\n<li>le ph (c\u2019est \u00e0 dire: alcalinit\u00e9\/acidit\u00e9);<\/li>\r\n<li>la transparence;<\/li>\r\n<li>la turbidit\u00e9;<\/li>\r\n<li>la temp\u00e9rature;<\/li>\r\n<li>les niveaux de phosphore, de chlorophylle a, d\u2019oxyg\u00e8ne et de calcium;<\/li>\r\n<li>la population et la reproduction des poissons;<\/li>\r\n<li>la pr\u00e9sence d\u2019esp\u00e8ces envahissantes, algues, plantes aquatiques et p\u00e9riphyton;<\/li>\r\n<li>et ainsi de suite.<\/li>\r\n<\/ul>\r\n\r\n\r\n\r\n<p>Pour compliquer les choses, en raison de la dynamique d\u2019un lac, les valeurs des param\u00e8tres mesur\u00e9s peuvent varier consid\u00e9rablement d\u2019un endroit \u00e0 l\u2019autre et d\u2019un \u00e9chantillon \u00e0 l\u2019autre. C\u2019est seulement en recueillant une grande quantit\u00e9 de donn\u00e9es de plusieurs param\u00e8tres sur une longue p\u00e9riode de temps que l\u2019on peut esp\u00e9rer faire une \u00e9valuation raisonnablement pr\u00e9cise de l\u2019\u00e9tat de sant\u00e9 d\u2019un lac.<\/p>\r\n\r\n\r\n\r\n<h3 class=\"wp-block-heading\"><strong>Donn\u00e9es contradictoires<\/strong><\/h3>\r\n\r\n\r\n\r\n<p>Pour rendre les choses encore plus int\u00e9ressantes, ces \u00e9valuations peuvent varier consid\u00e9rablement selon la nature des param\u00e8tres utilis\u00e9es. Aucun indicateur ne peut \u00e0 lui seul caract\u00e9riser l\u2019\u00e9tat d\u2019un lac. En fait, on observe souvent des r\u00e9sultats contradictoires en tentant de faire de telles \u00e9valuations. Par exemple, la transparence de l\u2019eau ainsi que la teneur en phosphore et en chlorophylle<em> a<\/em> d\u2019un lac peuvent \u00eatre tout \u00e0 fait acceptables alors qu\u2019on y trouve une \u00e9paisse couche de <a href=\"http:\/\/www.associationbluesea.org\/index.php\/bassin-versant\/evaluation-de-la-sante-d-un-lac#A02\"><strong><em>p\u00e9riphyton<\/em><\/strong><\/a> sur les pierres au fond de l\u2019eau, de grands bancs de myriophylle \u00e0 \u00e9pi ainsi qu\u2019un fond couvert de <a href=\"http:\/\/www.associationbluesea.org\/index.php\/bassin-versant\/evaluation-de-la-sante-d-un-lac#A03\"><em><strong>mati\u00e8re organique en d\u00e9composition<\/strong><\/em><\/a>, et que algues bleu-vert s\u2019y multiplient.<\/p>\r\n\r\n\r\n\r\n<p>On peut constater assez souvent ce genre de contradiction des donn\u00e9es, y compris dans notre bassin versant. En cons\u00e9quence, il faut \u00eatre tr\u00e8s prudent lorsqu\u2019on se prononce sur l\u2019\u00e9tat de sant\u00e9 d\u2019un lac.<\/p>\r\n\r\n\r\n\r\n\r\n\r\n<p><strong>En format PDF:<\/strong><\/p>\r\n\r\n\r\n\r\n\r\n\r\n\r\n\r\n<h3 class=\"has-luminous-vivid-orange-color has-text-color wp-block-heading\"><span>Nos tests de transparence de l&#8217;eau dans la baie Newton:<\/span><\/h3>\r\n\r\n\r\n\r\n<p>C&#8217;est quoi la transparence de l&#8217;eau?<\/p>\r\n\r\n\r\n\r\n<div class=\"wp-block-file\"><a href=\"https:\/\/abvdupoissonblanc.ca\/wp-content\/uploads\/2020\/03\/fiche_transparence.pdf\">fiche_transparence<\/a><a class=\"wp-block-file__button\" href=\"https:\/\/abvdupoissonblanc.ca\/wp-content\/uploads\/2020\/03\/fiche_transparence.pdf\" download=\"\">Download<\/a><\/div>\r\n\r\n<h3>R\u00e9sultats des tests de transparence<\/h3>\r\n<p><a href=\"https:\/\/abvdupoissonblanc.ca\/wp-content\/uploads\/2019\/08\/m\u00e9rite2019_johanne.jpg\"><img loading=\"lazy\" decoding=\"async\" class=\" wp-image-5490\" src=\"https:\/\/abvdupoissonblanc.ca\/wp-content\/uploads\/2019\/08\/m\u00e9rite2019_johanne.jpg\" alt=\"\" width=\"281\" height=\"404\" srcset=\"https:\/\/abvdupoissonblanc.ca\/wp-content\/uploads\/2019\/08\/m\u00e9rite2019_johanne.jpg 664w, https:\/\/abvdupoissonblanc.ca\/wp-content\/uploads\/2019\/08\/m\u00e9rite2019_johanne-600x864.jpg 600w, https:\/\/abvdupoissonblanc.ca\/wp-content\/uploads\/2019\/08\/m\u00e9rite2019_johanne-208x300.jpg 208w\" sizes=\"auto, (max-width: 281px) 100vw, 281px\" \/><\/a><\/p>\r\n<h3>MERCI JOHANNE:<\/h3>\r\n<p>2014: <a href=\"http:\/\/www.abvdupoissonblanc.ca\/wp-content\/uploads\/2015\/03\/transparence.pdf\">transparence<\/a>\u00a0\u00a0\u00a0\u00a0<\/p>\r\n<p>2015: <a href=\"http:\/\/www.abvdupoissonblanc.ca\/wp-content\/uploads\/2015\/09\/transparence2015.pdf\">transparence2015<\/a><\/p>\r\n<p>2016: <a href=\"https:\/\/abvdupoissonblanc.ca\/wp-content\/uploads\/2015\/03\/transparence-2016.pdf\">transparence-2016<\/a><\/p>\r\n<p>2018: <a href=\"https:\/\/abvdupoissonblanc.ca\/wp-content\/uploads\/2019\/01\/transparence-2018.pdf\">transparence-2018<\/a><\/p>\r\n<p>2019: <a href=\"https:\/\/abvdupoissonblanc.ca\/wp-content\/uploads\/2020\/03\/transparence2019.pdf\">transparence2019<\/a><\/p>\r\n<h3>R\u00e9sultats RSVL (tests de la qualit\u00e9 de l\u2019eau):<\/h3>\r\n<p><em><strong>Site internet de RSVL:<\/strong><\/em> <a href=\"http:\/\/www.mddelcc.gouv.qc.ca\/eau\/rsvl\/\">ICI<\/a><\/p>\r\n<p>2014:<\/p>\r\n<p><strong><em> Notre station<\/em>:<\/strong> <a href=\"http:\/\/www.abvdupoissonblanc.ca\/wp-content\/uploads\/2015\/03\/Poisson-Blanc-Lac_771A_2014_SA_SM.pdf\">Poisson-Blanc Lac_771A_2014_SA_SM<\/a><\/p>\r\n<p><strong><em>Station du Parc r\u00e9gional<\/em>:<\/strong> <a href=\"http:\/\/www.abvdupoissonblanc.ca\/wp-content\/uploads\/2015\/03\/Poisson-Blanc-Lac_771B_2014_SA_SM.pdf\">Poisson-Blanc Lac_771B_2014_SA_SM<\/a><\/p>\r\n<p>2015:<\/p>\r\n<p><strong><em>Notre station:<\/em><\/strong> <a href=\"http:\/\/www.abvdupoissonblanc.ca\/wp-content\/uploads\/2015\/03\/Poisson-Blanc-Lac_771A_2015_SA_SM.pdf\" rel=\"\">Poisson-Blanc Lac_771A_2015_SA_SM<\/a><\/p>\r\n<p>2020:<\/p>\r\n<p><strong><em>Notre station: <a href=\"https:\/\/www.environnement.gouv.qc.ca\/eau\/rsvl\/relais\/fiches-bilans\/2020\/Poisson%20Blanc,%20Lac%20du_0771A_2020_SA_SU_TA.html\">Clic ici<\/a><\/em><\/strong><\/p>\r\n<hr \/>\r\n<h3 class=\"has-luminous-vivid-orange-color has-text-color\"><span>Nos rapports environnementaux:<\/span><\/h3>\r\n<p><!-- \/wp:post-content -->\r\n\r\n<!-- wp:paragraph --><\/p>\r\n<p>2013: <a href=\"http:\/\/www.abvdupoissonblanc.ca\/wp-content\/uploads\/2013\/08\/FR_Final_environnement-poisson-blanc.pdf\">FR_Final_environnement-poisson-blanc<\/a><\/p>\r\n<p><!-- \/wp:paragraph -->\r\n\r\n<!-- wp:paragraph --><\/p>\r\n<p>2014: <a href=\"http:\/\/www.abvdupoissonblanc.ca\/wp-content\/uploads\/2015\/03\/FR_Final_environnement-poisson-blanc_2014.pdf\">FR_Final_environnement-poisson-blanc_2014<\/a><\/p>\r\n<h3 class=\"has-luminous-vivid-orange-color has-text-color\"><span>Rapport \u00e0 propos de la pr\u00e9sence de myriophylle \u00e0 \u00e9pis au lac du Poisson Blanc et au lac du Brochet:<\/span><\/h3>\r\n<p><!-- \/wp:paragraph -->\r\n\r\n<!-- wp:file {\"id\":5655,\"href\":\"https:\/\/abvdupoissonblanc.ca\/wp-content\/uploads\/2019\/12\/\u00c9tude-myriophylle-Poisson-Blanc-2019.pdf\"} --><\/p>\r\n<div class=\"wp-block-file\"><a href=\"https:\/\/abvdupoissonblanc.ca\/wp-content\/uploads\/2019\/12\/\u00c9tude-myriophylle-Poisson-Blanc-2019.pdf\">\u00c9tude myriophylle Poisson Blanc-2019<\/a><a class=\"wp-block-file__button\" href=\"https:\/\/abvdupoissonblanc.ca\/wp-content\/uploads\/2019\/12\/\u00c9tude-myriophylle-Poisson-Blanc-2019.pdf\" download=\"\">Download<\/a><\/div>\r\n<p><!-- \/wp:file -->\r\n\r\n<!-- wp:paragraph {\"backgroundColor\":\"very-light-gray\"} --><\/p>\r\n<p class=\"has-background has-very-light-gray-background-color\">Un comit\u00e9 est cr\u00e9\u00e9 afin de d\u00e9finir les zones \u00e0 risques afin de les identifier avec des bou\u00e9es jaunes.<\/p>","protected":false},"excerpt":{"rendered":"<p>Nos tests de transparence de l&#8217;eau dans la baie Newton: \u00c9 v a l u a t i o n\u00a0\u00a0\u00a0 d e \u00a0\u00a0 l a \u00a0\u00a0 s a n t \u00e9\u00a0\u00a0\u00a0 d &#8216; u n \u00a0\u00a0 l a c Complexit\u00e9 de la t\u00e2che M\u00eame si nous en savons maintenant beaucoup plus sur les nombreuses interventions [&hellip;]<\/p>\n","protected":false},"author":687,"featured_media":0,"parent":0,"menu_order":0,"comment_status":"closed","ping_status":"closed","template":"","meta":{"footnotes":""},"class_list":["post-2990","page","type-page","status-publish","hentry"],"yoast_head":"<!-- This site is optimized with the Yoast SEO plugin v27.3 - https:\/\/yoast.com\/product\/yoast-seo-wordpress\/ -->\n<title>Qualit\u00e9 de l&#039;eau - Association lac Poisson-Blanc<\/title>\n<meta name=\"robots\" content=\"index, follow, max-snippet:-1, max-image-preview:large, max-video-preview:-1\" \/>\n<link rel=\"canonical\" href=\"https:\/\/abvdupoissonblanc.ca\/fr\/qualite-de-leau-2\/\" \/>\n<meta property=\"og:locale\" content=\"fr_FR\" \/>\n<meta property=\"og:type\" content=\"article\" \/>\n<meta property=\"og:title\" content=\"Qualit\u00e9 de l&#039;eau - Association lac Poisson-Blanc\" \/>\n<meta property=\"og:description\" content=\"Nos tests de transparence de l&#8217;eau dans la baie Newton: \u00c9 v a l u a t i o n\u00a0\u00a0\u00a0 d e \u00a0\u00a0 l a \u00a0\u00a0 s a n t \u00e9\u00a0\u00a0\u00a0 d &#8216; u n \u00a0\u00a0 l a c Complexit\u00e9 de la t\u00e2che M\u00eame si nous en savons maintenant beaucoup plus sur les nombreuses interventions [&hellip;]\" \/>\n<meta property=\"og:url\" content=\"https:\/\/abvdupoissonblanc.ca\/fr\/qualite-de-leau-2\/\" \/>\n<meta property=\"og:site_name\" content=\"Association lac Poisson-Blanc\" \/>\n<meta property=\"article:publisher\" content=\"https:\/\/www.facebook.com\/groups\/LacPoissonBlanc\/\" \/>\n<meta property=\"article:modified_time\" content=\"2022-07-08T04:36:56+00:00\" \/>\n<meta name=\"twitter:label1\" content=\"Dur\u00e9e de lecture estim\u00e9e\" \/>\n\t<meta name=\"twitter:data1\" content=\"3 minutes\" \/>\n<script type=\"application\/ld+json\" class=\"yoast-schema-graph\">{\"@context\":\"https:\\\/\\\/schema.org\",\"@graph\":[{\"@type\":\"WebPage\",\"@id\":\"https:\\\/\\\/abvdupoissonblanc.ca\\\/fr\\\/qualite-de-leau-2\\\/\",\"url\":\"https:\\\/\\\/abvdupoissonblanc.ca\\\/fr\\\/qualite-de-leau-2\\\/\",\"name\":\"Qualit\u00e9 de l'eau - Association lac Poisson-Blanc\",\"isPartOf\":{\"@id\":\"https:\\\/\\\/abvdupoissonblanc.ca\\\/fr\\\/#website\"},\"datePublished\":\"2017-04-20T16:17:35+00:00\",\"dateModified\":\"2022-07-08T04:36:56+00:00\",\"breadcrumb\":{\"@id\":\"https:\\\/\\\/abvdupoissonblanc.ca\\\/fr\\\/qualite-de-leau-2\\\/#breadcrumb\"},\"inLanguage\":\"fr-FR\",\"potentialAction\":[{\"@type\":\"ReadAction\",\"target\":[\"https:\\\/\\\/abvdupoissonblanc.ca\\\/fr\\\/qualite-de-leau-2\\\/\"]}]},{\"@type\":\"BreadcrumbList\",\"@id\":\"https:\\\/\\\/abvdupoissonblanc.ca\\\/fr\\\/qualite-de-leau-2\\\/#breadcrumb\",\"itemListElement\":[{\"@type\":\"ListItem\",\"position\":1,\"name\":\"Home\",\"item\":\"https:\\\/\\\/abvdupoissonblanc.ca\\\/fr\\\/\"},{\"@type\":\"ListItem\",\"position\":2,\"name\":\"Qualit\u00e9 de l&#8217;eau\"}]},{\"@type\":\"WebSite\",\"@id\":\"https:\\\/\\\/abvdupoissonblanc.ca\\\/fr\\\/#website\",\"url\":\"https:\\\/\\\/abvdupoissonblanc.ca\\\/fr\\\/\",\"name\":\"Association lac Poisson-Blanc\",\"description\":\"\",\"publisher\":{\"@id\":\"https:\\\/\\\/abvdupoissonblanc.ca\\\/fr\\\/#organization\"},\"potentialAction\":[{\"@type\":\"SearchAction\",\"target\":{\"@type\":\"EntryPoint\",\"urlTemplate\":\"https:\\\/\\\/abvdupoissonblanc.ca\\\/fr\\\/?s={search_term_string}\"},\"query-input\":{\"@type\":\"PropertyValueSpecification\",\"valueRequired\":true,\"valueName\":\"search_term_string\"}}],\"inLanguage\":\"fr-FR\"},{\"@type\":\"Organization\",\"@id\":\"https:\\\/\\\/abvdupoissonblanc.ca\\\/fr\\\/#organization\",\"name\":\"Association lac Poisson-Blanc\",\"url\":\"https:\\\/\\\/abvdupoissonblanc.ca\\\/fr\\\/\",\"logo\":{\"@type\":\"ImageObject\",\"inLanguage\":\"fr-FR\",\"@id\":\"https:\\\/\\\/abvdupoissonblanc.ca\\\/fr\\\/#\\\/schema\\\/logo\\\/image\\\/\",\"url\":\"https:\\\/\\\/abvdupoissonblanc.ca\\\/wp-content\\\/uploads\\\/2020\\\/06\\\/lacpoissonblanc-1.png\",\"contentUrl\":\"https:\\\/\\\/abvdupoissonblanc.ca\\\/wp-content\\\/uploads\\\/2020\\\/06\\\/lacpoissonblanc-1.png\",\"width\":314,\"height\":169,\"caption\":\"Association lac Poisson-Blanc\"},\"image\":{\"@id\":\"https:\\\/\\\/abvdupoissonblanc.ca\\\/fr\\\/#\\\/schema\\\/logo\\\/image\\\/\"},\"sameAs\":[\"https:\\\/\\\/www.facebook.com\\\/groups\\\/LacPoissonBlanc\\\/\"]}]}<\/script>\n<!-- \/ Yoast SEO plugin. -->","yoast_head_json":{"title":"Qualit\u00e9 de l'eau - Association lac Poisson-Blanc","robots":{"index":"index","follow":"follow","max-snippet":"max-snippet:-1","max-image-preview":"max-image-preview:large","max-video-preview":"max-video-preview:-1"},"canonical":"https:\/\/abvdupoissonblanc.ca\/fr\/qualite-de-leau-2\/","og_locale":"fr_FR","og_type":"article","og_title":"Qualit\u00e9 de l'eau - Association lac Poisson-Blanc","og_description":"Nos tests de transparence de l&#8217;eau dans la baie Newton: \u00c9 v a l u a t i o n\u00a0\u00a0\u00a0 d e \u00a0\u00a0 l a \u00a0\u00a0 s a n t \u00e9\u00a0\u00a0\u00a0 d &#8216; u n \u00a0\u00a0 l a c Complexit\u00e9 de la t\u00e2che M\u00eame si nous en savons maintenant beaucoup plus sur les nombreuses interventions [&hellip;]","og_url":"https:\/\/abvdupoissonblanc.ca\/fr\/qualite-de-leau-2\/","og_site_name":"Association lac Poisson-Blanc","article_publisher":"https:\/\/www.facebook.com\/groups\/LacPoissonBlanc\/","article_modified_time":"2022-07-08T04:36:56+00:00","twitter_misc":{"Dur\u00e9e de lecture estim\u00e9e":"3 minutes"},"schema":{"@context":"https:\/\/schema.org","@graph":[{"@type":"WebPage","@id":"https:\/\/abvdupoissonblanc.ca\/fr\/qualite-de-leau-2\/","url":"https:\/\/abvdupoissonblanc.ca\/fr\/qualite-de-leau-2\/","name":"Qualit\u00e9 de l'eau - Association lac Poisson-Blanc","isPartOf":{"@id":"https:\/\/abvdupoissonblanc.ca\/fr\/#website"},"datePublished":"2017-04-20T16:17:35+00:00","dateModified":"2022-07-08T04:36:56+00:00","breadcrumb":{"@id":"https:\/\/abvdupoissonblanc.ca\/fr\/qualite-de-leau-2\/#breadcrumb"},"inLanguage":"fr-FR","potentialAction":[{"@type":"ReadAction","target":["https:\/\/abvdupoissonblanc.ca\/fr\/qualite-de-leau-2\/"]}]},{"@type":"BreadcrumbList","@id":"https:\/\/abvdupoissonblanc.ca\/fr\/qualite-de-leau-2\/#breadcrumb","itemListElement":[{"@type":"ListItem","position":1,"name":"Home","item":"https:\/\/abvdupoissonblanc.ca\/fr\/"},{"@type":"ListItem","position":2,"name":"Qualit\u00e9 de l&#8217;eau"}]},{"@type":"WebSite","@id":"https:\/\/abvdupoissonblanc.ca\/fr\/#website","url":"https:\/\/abvdupoissonblanc.ca\/fr\/","name":"Association lac Poisson-Blanc","description":"","publisher":{"@id":"https:\/\/abvdupoissonblanc.ca\/fr\/#organization"},"potentialAction":[{"@type":"SearchAction","target":{"@type":"EntryPoint","urlTemplate":"https:\/\/abvdupoissonblanc.ca\/fr\/?s={search_term_string}"},"query-input":{"@type":"PropertyValueSpecification","valueRequired":true,"valueName":"search_term_string"}}],"inLanguage":"fr-FR"},{"@type":"Organization","@id":"https:\/\/abvdupoissonblanc.ca\/fr\/#organization","name":"Association lac Poisson-Blanc","url":"https:\/\/abvdupoissonblanc.ca\/fr\/","logo":{"@type":"ImageObject","inLanguage":"fr-FR","@id":"https:\/\/abvdupoissonblanc.ca\/fr\/#\/schema\/logo\/image\/","url":"https:\/\/abvdupoissonblanc.ca\/wp-content\/uploads\/2020\/06\/lacpoissonblanc-1.png","contentUrl":"https:\/\/abvdupoissonblanc.ca\/wp-content\/uploads\/2020\/06\/lacpoissonblanc-1.png","width":314,"height":169,"caption":"Association lac Poisson-Blanc"},"image":{"@id":"https:\/\/abvdupoissonblanc.ca\/fr\/#\/schema\/logo\/image\/"},"sameAs":["https:\/\/www.facebook.com\/groups\/LacPoissonBlanc\/"]}]}},"_links":{"self":[{"href":"https:\/\/abvdupoissonblanc.ca\/fr\/wp-json\/wp\/v2\/pages\/2990","targetHints":{"allow":["GET"]}}],"collection":[{"href":"https:\/\/abvdupoissonblanc.ca\/fr\/wp-json\/wp\/v2\/pages"}],"about":[{"href":"https:\/\/abvdupoissonblanc.ca\/fr\/wp-json\/wp\/v2\/types\/page"}],"author":[{"embeddable":true,"href":"https:\/\/abvdupoissonblanc.ca\/fr\/wp-json\/wp\/v2\/users\/687"}],"replies":[{"embeddable":true,"href":"https:\/\/abvdupoissonblanc.ca\/fr\/wp-json\/wp\/v2\/comments?post=2990"}],"version-history":[{"count":23,"href":"https:\/\/abvdupoissonblanc.ca\/fr\/wp-json\/wp\/v2\/pages\/2990\/revisions"}],"predecessor-version":[{"id":11377,"href":"https:\/\/abvdupoissonblanc.ca\/fr\/wp-json\/wp\/v2\/pages\/2990\/revisions\/11377"}],"wp:attachment":[{"href":"https:\/\/abvdupoissonblanc.ca\/fr\/wp-json\/wp\/v2\/media?parent=2990"}],"curies":[{"name":"wp","href":"https:\/\/api.w.org\/{rel}","templated":true}]}}