{"id":2971,"date":"2017-04-18T11:42:02","date_gmt":"2017-04-18T15:42:02","guid":{"rendered":"https:\/\/lacpoissonblanc.ca\/?page_id=2971\/"},"modified":"2022-06-13T06:04:33","modified_gmt":"2022-06-13T10:04:33","slug":"les-anges-guardiens-des-iles","status":"publish","type":"page","link":"https:\/\/abvdupoissonblanc.ca\/fr\/les-anges-guardiens-des-iles\/","title":{"rendered":"Les anges guardiens des iles"},"content":{"rendered":"\r\n<h3><strong>La municipalit\u00e9 de Bowman travaille pr\u00e9sentement sur la mise sur pied d&#8217;un comit\u00e9 de gestion des iles au sud du Poisson Blanc. \u00c0 ce moment, nous ne connaissons pas sa structure ni si la Base de plein-air sera la fiduciaire des iles du sud.<\/strong><\/h3>\r\n<p>Comme Association nous privil\u00e9gions ces deux concepts: 1) Celle du parc r\u00e9gional du Poisson Blanc 2) Parc r\u00e9gional du lac Trente-et-un-mille.<\/p>\r\n<p><strong>Nous encourageons fortement la cr\u00e9ation d&#8217;un tel comit\u00e9 de gestion qui:<\/strong><\/p>\r\n<ul>\r\n<li><strong> Deviendrait Les ANGES GARDIENS DES ILES ayant un volet environnemental et non seulement une source de profits pour la municipalit\u00e9 ou organisme;<\/strong><\/li>\r\n<li><strong>Fournirait l&#8217;\u00e9quipement n\u00e9cessaire pour agr\u00e9menter le s\u00e9jour des utilisateurs comme le bois de chauffage, bloc de glace, service d&#8217;urgence&#8230;<\/strong><\/li>\r\n<\/ul>\r\n<p><strong>\u00a0<\/strong>D&#8217;ici la mise en \u0153uvre de ce projet, nous aurons des b\u00e9n\u00e9voles qui surveilleront r\u00e9guli\u00e8rement certains sites sur les iles. La famille Brown s&#8217;est offerte \u00e0 prendre des photos des diff\u00e9rents sites endommag\u00e9s et de les publier sur Facebook<\/p>\r\n<h3><strong>OUI JE VEUX M&#8217;IMPLIQUER B\u00c9N\u00c9VOLEMENT \u00c0 SURVEILLER UN SITE\u00a0 MAIS COMMENT? <\/strong><\/h3>\r\n<ol>\r\n<li>\r\n<p>Vous pouvez choisir un site sur la carte (plus bas);<\/p>\r\n<\/li>\r\n<li>\r\n<p>Ne choisissez pas un site ayant <strong>un num\u00e9ro <\/strong>(r\u00e9serv\u00e9 au Parc r\u00e9gional);<\/p>\r\n<\/li>\r\n<li>Une ou deux fois par mois vous allez constater l&#8217;\u00e9tat des lieux;<\/li>\r\n<li>Apporter un sac afin de nettoyer le site si vous trouvez des vidanges;<\/li>\r\n<li>Une pelle pour nettoyer m\u00e9tal ou vitre laiss\u00e9 \u00e0 terre et enterrer (si possible) les excr\u00e9ments;<\/li>\r\n<li>Regarder autour du site s&#8217;il y a eu vandalisme (coupe d&#8217;arbres verts etc);<\/li>\r\n<li>Prendre quelques photos afin de partager votre visite sur Facebook ou nous les envoyer <a href=\"info@abvdupoissonblanc.ca\">clique ici<\/a><\/li>\r\n<li>Communiquer avec nous si vous remarquez quelque chose d&#8217;anormal.<\/li>\r\n<\/ol>\r\n\r\n\r\n\r\n\r\n\r\n<h3><strong>Nous n&#8217;encourageons pas l&#8217;expansion de ces sites ni l&#8217;utilisation abusive de ces sites rustiques.<\/strong><\/h3>\r\n<p>Notre panneau qui a \u00e9t\u00e9 install\u00e9 sur certains sites, \u00e0 nos frais, afin de sensibiliser les utilisateurs!<\/p>\r\n\r\n\r\n\r\n<figure class=\"wp-block-image size-large\"><img loading=\"lazy\" decoding=\"async\" class=\"wp-image-5389\" src=\"https:\/\/abvdupoissonblanc.ca\/wp-content\/uploads\/2019\/07\/affiche_camping_2019-724x1024.jpg\" alt=\"\" width=\"525\" height=\"743\" srcset=\"https:\/\/abvdupoissonblanc.ca\/wp-content\/uploads\/2019\/07\/affiche_camping_2019-724x1024.jpg 724w, https:\/\/abvdupoissonblanc.ca\/wp-content\/uploads\/2019\/07\/affiche_camping_2019-600x849.jpg 600w, https:\/\/abvdupoissonblanc.ca\/wp-content\/uploads\/2019\/07\/affiche_camping_2019-212x300.jpg 212w, https:\/\/abvdupoissonblanc.ca\/wp-content\/uploads\/2019\/07\/affiche_camping_2019-768x1086.jpg 768w, https:\/\/abvdupoissonblanc.ca\/wp-content\/uploads\/2019\/07\/affiche_camping_2019.jpg 1240w\" sizes=\"auto, (max-width: 525px) 100vw, 525px\" \/><\/figure>\r\n\r\n\r\n\r\n\r\n\r\n<h3><strong>Une excellente fa\u00e7on d\u2019\u00e9duquer vos enfants ou vos amis \u00e0 prendre conscience de nos actions et de leurs cons\u00e9quences sur la nature!<\/strong><\/h3>\r\n\r\n\r\n\r\n\r\n\r\n<p class=\"has-text-color has-very-dark-gray-color\">Nous avons des sites \u00e0 patrouiller seulement dans la section sud du Poisson Blanc. <strong><br \/><\/strong><\/p>\r\n<p>Ceci est un projet environnemental et non une r\u00e9servation permanente de camping!<\/p>\r\n\r\n\r\n\r\n<div class=\"wp-block-image\">\r\n<figure class=\"aligncenter\"><a href=\"https:\/\/abvdupoissonblanc.ca\/wp-content\/uploads\/2021\/03\/PoissonBlancSud_carteAEB.jpg\"><img loading=\"lazy\" decoding=\"async\" class=\"alignnone  wp-image-7729\" src=\"https:\/\/abvdupoissonblanc.ca\/wp-content\/uploads\/2021\/03\/PoissonBlancSud_carteAEB.jpg\" alt=\"\" width=\"566\" height=\"699\" \/><\/a><\/figure>\r\n<\/div>\r\n\r\n\r\n\r\n\r\n\r\n<p>Vous \u00eates int\u00e9ress\u00e9 \u00e0 lire leurs observations de 2018?<\/p>\r\n\r\n\r\n\r\n<div class=\"wp-block-file\"><a href=\"https:\/\/abvdupoissonblanc.ca\/wp-content\/uploads\/2019\/01\/sites_camping.pdf\">sites_camping<\/a><a class=\"wp-block-file__button\" href=\"https:\/\/abvdupoissonblanc.ca\/wp-content\/uploads\/2019\/01\/sites_camping.pdf\" download=\"\">Download<\/a><\/div>\r\n\r\n<p><span id=\"result_box\" class=\"\" lang=\"fr\">S\u00e9bastien nous a envoy\u00e9 quelques photos qui r\u00e9sument bien notre programme:<\/span><span id=\"result_box\" class=\"\" lang=\"fr\"><\/span><\/p>\r\n<p><a href=\"https:\/\/abvdupoissonblanc.ca\/wp-content\/uploads\/2016\/09\/20160731_124304-e1527168923987.jpg\"><img loading=\"lazy\" decoding=\"async\" class=\"size-full wp-image-2448 alignleft\" src=\"https:\/\/abvdupoissonblanc.ca\/wp-content\/uploads\/2016\/09\/20160731_124304-e1527168923987.jpg\" alt=\"\" width=\"223\" height=\"221\" srcset=\"https:\/\/abvdupoissonblanc.ca\/wp-content\/uploads\/2016\/09\/20160731_124304-e1527168923987.jpg 223w, https:\/\/abvdupoissonblanc.ca\/wp-content\/uploads\/2016\/09\/20160731_124304-e1527168923987-100x100.jpg 100w\" sizes=\"auto, (max-width: 223px) 100vw, 223px\" \/><\/a><a href=\"https:\/\/abvdupoissonblanc.ca\/wp-content\/uploads\/2016\/09\/20160731_124157-e1527169238124.jpg\"><img loading=\"lazy\" decoding=\"async\" class=\"size-full wp-image-2450 alignleft\" src=\"https:\/\/abvdupoissonblanc.ca\/wp-content\/uploads\/2016\/09\/20160731_124157-e1527169238124.jpg\" alt=\"\" width=\"223\" height=\"126\" \/><\/a><a href=\"https:\/\/abvdupoissonblanc.ca\/wp-content\/uploads\/2016\/09\/20160731_124823-e1527169270556.jpg\"><img loading=\"lazy\" decoding=\"async\" class=\"size-full wp-image-2449 alignleft\" src=\"https:\/\/abvdupoissonblanc.ca\/wp-content\/uploads\/2016\/09\/20160731_124823-e1527169270556.jpg\" alt=\"\" width=\"223\" height=\"126\" \/><\/a><a href=\"https:\/\/abvdupoissonblanc.ca\/wp-content\/uploads\/2016\/09\/20160731_125557-e1527169187430.jpg\"><img loading=\"lazy\" decoding=\"async\" class=\"size-full wp-image-2453 alignleft\" src=\"https:\/\/abvdupoissonblanc.ca\/wp-content\/uploads\/2016\/09\/20160731_125557-e1527169187430.jpg\" alt=\"\" width=\"223\" height=\"133\" \/><\/a><\/p>\r\n<p>&nbsp;<\/p>\r\n<p>&nbsp;<\/p>\r\n<p>&nbsp;<\/p>\r\n<p>&nbsp;<\/p>\r\n<p>&nbsp;<\/p>\r\n<p><span id=\"result_box\" class=\"\" lang=\"fr\">Certains membres s&#8217;impliquent s\u00e9rieusement&#8230; Voici des toilettes rudimentaires qui ont \u00e9t\u00e9 fabriqu\u00e9es par Ray en 2016.<\/span><\/p>\r\n<p><span id=\"result_box\" class=\"\" lang=\"fr\"><a href=\"https:\/\/abvdupoissonblanc.ca\/wp-content\/uploads\/2015\/03\/camping_toilette.jpg\"><img loading=\"lazy\" decoding=\"async\" class=\"wp-image-2482 alignleft\" src=\"https:\/\/abvdupoissonblanc.ca\/wp-content\/uploads\/2015\/03\/camping_toilette.jpg\" alt=\"camping_toilette\" width=\"248\" height=\"194\" \/><\/a><\/span><\/p>\r\n<p>&nbsp;<\/p>\r\n<p><span id=\"result_box\" class=\"\" lang=\"fr\">\u00a0<\/span><\/p>\r\n<h3>\u00a0<\/h3>\r\n<h2>\u00a0<\/h2>\r\n<h3>Vous pouvez nous rejoindre via notre page Facebook ou<\/h3>\r\n<h3>en nous \u00e9crivant directement au<strong>: <\/strong><a href=\"info@abvdupoissonblanc.ca\"><strong>lac<\/strong><\/a><strong><a href=\"mailto:info@abvdupoissonblanc.ca\" target=\"_blank\" rel=\"noreferrer noopener\">info@abvdupoissonblanc.ca<\/a><\/strong><\/h3>\r\n<p><strong>Si vous embarquez comme ANGE GARDIEN on vous demande de PARTAGER SUR FACEBOOK DES PHOTOS OU OBSERVATIONS de votre b\u00e9n\u00e9volat sur les iles.<\/strong><\/p>","protected":false},"excerpt":{"rendered":"<p>La municipalit\u00e9 de Bowman travaille pr\u00e9sentement sur la mise sur pied d&#8217;un comit\u00e9 de gestion des iles au sud du Poisson Blanc. \u00c0 ce moment, nous ne connaissons pas sa structure ni si la Base de plein-air sera la fiduciaire des iles du sud. Comme Association nous privil\u00e9gions ces deux concepts: 1) Celle du parc [&hellip;]<\/p>\n","protected":false},"author":687,"featured_media":0,"parent":0,"menu_order":0,"comment_status":"closed","ping_status":"closed","template":"","meta":{"footnotes":""},"class_list":["post-2971","page","type-page","status-publish","hentry"],"yoast_head":"<!-- This site is optimized with the Yoast SEO plugin v27.4 - https:\/\/yoast.com\/product\/yoast-seo-wordpress\/ -->\n<title>Les anges guardiens des iles - Association lac Poisson-Blanc<\/title>\n<meta name=\"robots\" content=\"index, follow, max-snippet:-1, max-image-preview:large, max-video-preview:-1\" \/>\n<link rel=\"canonical\" href=\"https:\/\/abvdupoissonblanc.ca\/fr\/les-anges-guardiens-des-iles\/\" \/>\n<meta property=\"og:locale\" content=\"fr_FR\" \/>\n<meta property=\"og:type\" content=\"article\" \/>\n<meta property=\"og:title\" content=\"Les anges guardiens des iles - Association lac Poisson-Blanc\" \/>\n<meta property=\"og:description\" content=\"La municipalit\u00e9 de Bowman travaille pr\u00e9sentement sur la mise sur pied d&#8217;un comit\u00e9 de gestion des iles au sud du Poisson Blanc. \u00c0 ce moment, nous ne connaissons pas sa structure ni si la Base de plein-air sera la fiduciaire des iles du sud. Comme Association nous privil\u00e9gions ces deux concepts: 1) Celle du parc [&hellip;]\" \/>\n<meta property=\"og:url\" content=\"https:\/\/abvdupoissonblanc.ca\/fr\/les-anges-guardiens-des-iles\/\" \/>\n<meta property=\"og:site_name\" content=\"Association lac Poisson-Blanc\" \/>\n<meta property=\"article:publisher\" content=\"https:\/\/www.facebook.com\/groups\/LacPoissonBlanc\/\" \/>\n<meta property=\"article:modified_time\" content=\"2022-06-13T10:04:33+00:00\" \/>\n<meta property=\"og:image\" content=\"https:\/\/abvdupoissonblanc.ca\/wp-content\/uploads\/2019\/07\/affiche_camping_2019-724x1024.jpg\" \/>\n<meta name=\"twitter:label1\" content=\"Dur\u00e9e de lecture estim\u00e9e\" \/>\n\t<meta name=\"twitter:data1\" content=\"4 minutes\" \/>\n<script type=\"application\/ld+json\" class=\"yoast-schema-graph\">{\"@context\":\"https:\\\/\\\/schema.org\",\"@graph\":[{\"@type\":\"WebPage\",\"@id\":\"https:\\\/\\\/abvdupoissonblanc.ca\\\/fr\\\/les-anges-guardiens-des-iles\\\/\",\"url\":\"https:\\\/\\\/abvdupoissonblanc.ca\\\/fr\\\/les-anges-guardiens-des-iles\\\/\",\"name\":\"Les anges guardiens des iles - Association lac Poisson-Blanc\",\"isPartOf\":{\"@id\":\"https:\\\/\\\/abvdupoissonblanc.ca\\\/fr\\\/#website\"},\"primaryImageOfPage\":{\"@id\":\"https:\\\/\\\/abvdupoissonblanc.ca\\\/fr\\\/les-anges-guardiens-des-iles\\\/#primaryimage\"},\"image\":{\"@id\":\"https:\\\/\\\/abvdupoissonblanc.ca\\\/fr\\\/les-anges-guardiens-des-iles\\\/#primaryimage\"},\"thumbnailUrl\":\"https:\\\/\\\/abvdupoissonblanc.ca\\\/wp-content\\\/uploads\\\/2019\\\/07\\\/affiche_camping_2019-724x1024.jpg\",\"datePublished\":\"2017-04-18T15:42:02+00:00\",\"dateModified\":\"2022-06-13T10:04:33+00:00\",\"breadcrumb\":{\"@id\":\"https:\\\/\\\/abvdupoissonblanc.ca\\\/fr\\\/les-anges-guardiens-des-iles\\\/#breadcrumb\"},\"inLanguage\":\"fr-FR\",\"potentialAction\":[{\"@type\":\"ReadAction\",\"target\":[\"https:\\\/\\\/abvdupoissonblanc.ca\\\/fr\\\/les-anges-guardiens-des-iles\\\/\"]}]},{\"@type\":\"ImageObject\",\"inLanguage\":\"fr-FR\",\"@id\":\"https:\\\/\\\/abvdupoissonblanc.ca\\\/fr\\\/les-anges-guardiens-des-iles\\\/#primaryimage\",\"url\":\"https:\\\/\\\/abvdupoissonblanc.ca\\\/wp-content\\\/uploads\\\/2019\\\/07\\\/affiche_camping_2019-724x1024.jpg\",\"contentUrl\":\"https:\\\/\\\/abvdupoissonblanc.ca\\\/wp-content\\\/uploads\\\/2019\\\/07\\\/affiche_camping_2019-724x1024.jpg\"},{\"@type\":\"BreadcrumbList\",\"@id\":\"https:\\\/\\\/abvdupoissonblanc.ca\\\/fr\\\/les-anges-guardiens-des-iles\\\/#breadcrumb\",\"itemListElement\":[{\"@type\":\"ListItem\",\"position\":1,\"name\":\"Home\",\"item\":\"https:\\\/\\\/abvdupoissonblanc.ca\\\/fr\\\/\"},{\"@type\":\"ListItem\",\"position\":2,\"name\":\"Les anges guardiens des iles\"}]},{\"@type\":\"WebSite\",\"@id\":\"https:\\\/\\\/abvdupoissonblanc.ca\\\/fr\\\/#website\",\"url\":\"https:\\\/\\\/abvdupoissonblanc.ca\\\/fr\\\/\",\"name\":\"Association lac Poisson-Blanc\",\"description\":\"\",\"publisher\":{\"@id\":\"https:\\\/\\\/abvdupoissonblanc.ca\\\/fr\\\/#organization\"},\"potentialAction\":[{\"@type\":\"SearchAction\",\"target\":{\"@type\":\"EntryPoint\",\"urlTemplate\":\"https:\\\/\\\/abvdupoissonblanc.ca\\\/fr\\\/?s={search_term_string}\"},\"query-input\":{\"@type\":\"PropertyValueSpecification\",\"valueRequired\":true,\"valueName\":\"search_term_string\"}}],\"inLanguage\":\"fr-FR\"},{\"@type\":\"Organization\",\"@id\":\"https:\\\/\\\/abvdupoissonblanc.ca\\\/fr\\\/#organization\",\"name\":\"Association lac Poisson-Blanc\",\"url\":\"https:\\\/\\\/abvdupoissonblanc.ca\\\/fr\\\/\",\"logo\":{\"@type\":\"ImageObject\",\"inLanguage\":\"fr-FR\",\"@id\":\"https:\\\/\\\/abvdupoissonblanc.ca\\\/fr\\\/#\\\/schema\\\/logo\\\/image\\\/\",\"url\":\"https:\\\/\\\/abvdupoissonblanc.ca\\\/wp-content\\\/uploads\\\/2020\\\/06\\\/lacpoissonblanc-1.png\",\"contentUrl\":\"https:\\\/\\\/abvdupoissonblanc.ca\\\/wp-content\\\/uploads\\\/2020\\\/06\\\/lacpoissonblanc-1.png\",\"width\":314,\"height\":169,\"caption\":\"Association lac Poisson-Blanc\"},\"image\":{\"@id\":\"https:\\\/\\\/abvdupoissonblanc.ca\\\/fr\\\/#\\\/schema\\\/logo\\\/image\\\/\"},\"sameAs\":[\"https:\\\/\\\/www.facebook.com\\\/groups\\\/LacPoissonBlanc\\\/\"]}]}<\/script>\n<!-- \/ Yoast SEO plugin. -->","yoast_head_json":{"title":"Les anges guardiens des iles - Association lac Poisson-Blanc","robots":{"index":"index","follow":"follow","max-snippet":"max-snippet:-1","max-image-preview":"max-image-preview:large","max-video-preview":"max-video-preview:-1"},"canonical":"https:\/\/abvdupoissonblanc.ca\/fr\/les-anges-guardiens-des-iles\/","og_locale":"fr_FR","og_type":"article","og_title":"Les anges guardiens des iles - Association lac Poisson-Blanc","og_description":"La municipalit\u00e9 de Bowman travaille pr\u00e9sentement sur la mise sur pied d&#8217;un comit\u00e9 de gestion des iles au sud du Poisson Blanc. \u00c0 ce moment, nous ne connaissons pas sa structure ni si la Base de plein-air sera la fiduciaire des iles du sud. Comme Association nous privil\u00e9gions ces deux concepts: 1) Celle du parc [&hellip;]","og_url":"https:\/\/abvdupoissonblanc.ca\/fr\/les-anges-guardiens-des-iles\/","og_site_name":"Association lac Poisson-Blanc","article_publisher":"https:\/\/www.facebook.com\/groups\/LacPoissonBlanc\/","article_modified_time":"2022-06-13T10:04:33+00:00","og_image":[{"url":"https:\/\/abvdupoissonblanc.ca\/wp-content\/uploads\/2019\/07\/affiche_camping_2019-724x1024.jpg","type":"","width":"","height":""}],"twitter_misc":{"Dur\u00e9e de lecture estim\u00e9e":"4 minutes"},"schema":{"@context":"https:\/\/schema.org","@graph":[{"@type":"WebPage","@id":"https:\/\/abvdupoissonblanc.ca\/fr\/les-anges-guardiens-des-iles\/","url":"https:\/\/abvdupoissonblanc.ca\/fr\/les-anges-guardiens-des-iles\/","name":"Les anges guardiens des iles - Association lac Poisson-Blanc","isPartOf":{"@id":"https:\/\/abvdupoissonblanc.ca\/fr\/#website"},"primaryImageOfPage":{"@id":"https:\/\/abvdupoissonblanc.ca\/fr\/les-anges-guardiens-des-iles\/#primaryimage"},"image":{"@id":"https:\/\/abvdupoissonblanc.ca\/fr\/les-anges-guardiens-des-iles\/#primaryimage"},"thumbnailUrl":"https:\/\/abvdupoissonblanc.ca\/wp-content\/uploads\/2019\/07\/affiche_camping_2019-724x1024.jpg","datePublished":"2017-04-18T15:42:02+00:00","dateModified":"2022-06-13T10:04:33+00:00","breadcrumb":{"@id":"https:\/\/abvdupoissonblanc.ca\/fr\/les-anges-guardiens-des-iles\/#breadcrumb"},"inLanguage":"fr-FR","potentialAction":[{"@type":"ReadAction","target":["https:\/\/abvdupoissonblanc.ca\/fr\/les-anges-guardiens-des-iles\/"]}]},{"@type":"ImageObject","inLanguage":"fr-FR","@id":"https:\/\/abvdupoissonblanc.ca\/fr\/les-anges-guardiens-des-iles\/#primaryimage","url":"https:\/\/abvdupoissonblanc.ca\/wp-content\/uploads\/2019\/07\/affiche_camping_2019-724x1024.jpg","contentUrl":"https:\/\/abvdupoissonblanc.ca\/wp-content\/uploads\/2019\/07\/affiche_camping_2019-724x1024.jpg"},{"@type":"BreadcrumbList","@id":"https:\/\/abvdupoissonblanc.ca\/fr\/les-anges-guardiens-des-iles\/#breadcrumb","itemListElement":[{"@type":"ListItem","position":1,"name":"Home","item":"https:\/\/abvdupoissonblanc.ca\/fr\/"},{"@type":"ListItem","position":2,"name":"Les anges guardiens des iles"}]},{"@type":"WebSite","@id":"https:\/\/abvdupoissonblanc.ca\/fr\/#website","url":"https:\/\/abvdupoissonblanc.ca\/fr\/","name":"Association lac Poisson-Blanc","description":"","publisher":{"@id":"https:\/\/abvdupoissonblanc.ca\/fr\/#organization"},"potentialAction":[{"@type":"SearchAction","target":{"@type":"EntryPoint","urlTemplate":"https:\/\/abvdupoissonblanc.ca\/fr\/?s={search_term_string}"},"query-input":{"@type":"PropertyValueSpecification","valueRequired":true,"valueName":"search_term_string"}}],"inLanguage":"fr-FR"},{"@type":"Organization","@id":"https:\/\/abvdupoissonblanc.ca\/fr\/#organization","name":"Association lac Poisson-Blanc","url":"https:\/\/abvdupoissonblanc.ca\/fr\/","logo":{"@type":"ImageObject","inLanguage":"fr-FR","@id":"https:\/\/abvdupoissonblanc.ca\/fr\/#\/schema\/logo\/image\/","url":"https:\/\/abvdupoissonblanc.ca\/wp-content\/uploads\/2020\/06\/lacpoissonblanc-1.png","contentUrl":"https:\/\/abvdupoissonblanc.ca\/wp-content\/uploads\/2020\/06\/lacpoissonblanc-1.png","width":314,"height":169,"caption":"Association lac Poisson-Blanc"},"image":{"@id":"https:\/\/abvdupoissonblanc.ca\/fr\/#\/schema\/logo\/image\/"},"sameAs":["https:\/\/www.facebook.com\/groups\/LacPoissonBlanc\/"]}]}},"_links":{"self":[{"href":"https:\/\/abvdupoissonblanc.ca\/fr\/wp-json\/wp\/v2\/pages\/2971","targetHints":{"allow":["GET"]}}],"collection":[{"href":"https:\/\/abvdupoissonblanc.ca\/fr\/wp-json\/wp\/v2\/pages"}],"about":[{"href":"https:\/\/abvdupoissonblanc.ca\/fr\/wp-json\/wp\/v2\/types\/page"}],"author":[{"embeddable":true,"href":"https:\/\/abvdupoissonblanc.ca\/fr\/wp-json\/wp\/v2\/users\/687"}],"replies":[{"embeddable":true,"href":"https:\/\/abvdupoissonblanc.ca\/fr\/wp-json\/wp\/v2\/comments?post=2971"}],"version-history":[{"count":47,"href":"https:\/\/abvdupoissonblanc.ca\/fr\/wp-json\/wp\/v2\/pages\/2971\/revisions"}],"predecessor-version":[{"id":11291,"href":"https:\/\/abvdupoissonblanc.ca\/fr\/wp-json\/wp\/v2\/pages\/2971\/revisions\/11291"}],"wp:attachment":[{"href":"https:\/\/abvdupoissonblanc.ca\/fr\/wp-json\/wp\/v2\/media?parent=2971"}],"curies":[{"name":"wp","href":"https:\/\/api.w.org\/{rel}","templated":true}]}}