{"id":2090,"date":"2016-06-21T14:46:56","date_gmt":"2016-06-21T18:46:56","guid":{"rendered":"https:\/\/lacpoissonblanc.ca\/fr\/?page_id=2090"},"modified":"2024-05-02T16:32:05","modified_gmt":"2024-05-02T20:32:05","slug":"home","status":"publish","type":"page","link":"https:\/\/abvdupoissonblanc.ca\/fr\/home\/","title":{"rendered":"Association bassin versant du Poisson Blanc"},"content":{"rendered":"<h2 id=\"mce_21\"><strong>Incluant les lacs Poisson Blanc, Newton, Cuillerier et du Brochet<\/strong><\/h2>\r\n<h3><strong>Qui sommes-nous?<\/strong><\/h3>\r\n<!-- \/wp:post-content -->\r\n\r\n<!-- wp:paragraph {\"fontSize\":\"medium\"} -->\r\n<p class=\"has-medium-font-size\">Nous sommes un groupe de propri\u00e9taires, r\u00e9sident.es, vill\u00e9giateur.es et usag\u00e9.es du bassin versant du Poisson Blanc venant de tous les milieux.<\/p>\r\n<p class=\"has-medium-font-size\">R\u00e9unis, ensemble, dans une association car nous&#8230;<\/p>\r\n<!-- \/wp:paragraph -->\r\n\r\n<!-- wp:paragraph {\"textColor\":\"luminous-vivid-orange\",\"backgroundColor\":\"very-light-gray\"} -->\r\n<ul>\r\n<li>\r\n<p>voyons les lacs comme un \u00e9cosyst\u00e8me vivant<\/p>\r\n<\/li>\r\n<li>\r\n<p>respectons l&#8217;environnement en minimisant les empreintes que nous laissons derri\u00e8re nous<\/p>\r\n<\/li>\r\n<li>\r\n<p>faisons preuve de civilit\u00e9 envers les autres<!-- \/wp:paragraph -->\r\n\r\n<!-- wp:paragraph \/--><\/p>\r\n<p><!-- wp:heading {\"level\":4,\"align\":\"center\"} --><\/p>\r\n<\/li>\r\n<\/ul>\r\n<p><!-- \/wp:heading --><\/p>\r\n<p><!-- wp:heading {\"level\":4,\"align\":\"center\"} --><\/p>\r\n<h3>\u00a0<\/h3>\r\n<h3><strong>Que faisons-nous?<\/strong><\/h3>\r\n<p>Nous promouvons les int\u00e9r\u00eats de la communaut\u00e9, facilitons la relation entre la municipalit\u00e9 et les habitants du bassin versant du Poisson Blanc, \u00e0 temps plein ou partiel, et proposons des solutions et des id\u00e9es pour faire face aux d\u00e9fis environnementaux, sociaux et de d\u00e9veloppement.<\/p>\r\n<p>&nbsp;<\/p>\r\n<p><strong><!-- \/wp:heading -->\r\n\r\n<!-- wp:list --><\/strong><\/p>\r\n<h3><strong>Pour ce faire, nous :<\/strong><\/h3>\r\n<ul>\r\n<li>\r\n<p>veillons \u00e0 ce que vos opinions soient entendues par les autorit\u00e9s municipales et r\u00e9gionales.<\/p>\r\n<\/li>\r\n<li>promouvons de la conscience environnementale.<\/li>\r\n<li>\r\n<p>promouvons notre communaut\u00e9 pour favoriser un sentiment de communaut\u00e9.<\/p>\r\n<\/li>\r\n<li>\r\n<p>partageons d&#8217;informations locales.<\/p>\r\n<\/li>\r\n<li>\r\n<p>encourageons le r\u00e9seautage avec d&#8217;autres associations, organismes et municipalit\u00e9s.<\/p>\r\n<\/li>\r\n<\/ul>\r\n<!-- wp:heading {\"level\":3} -->\r\n<h3><strong>Qu&#8217;avons-nous accompli ensemble?<\/strong><\/h3>\r\n<!-- \/wp:heading -->\r\n\r\n<!-- wp:list -->\r\n<ul>\r\n<li>Comit\u00e9 des bou\u00e9es orange de s\u00e9curit\u00e9;<\/li>\r\n<li>Sensibilisation \u00e0 la pr\u00e9servation de la bande riveraine;<\/li>\r\n<li>Analyse de la qualit\u00e9 de l&#8217;eau;<\/li>\r\n<li>Site web regorgeant d&#8217;informations pratiques;<\/li>\r\n<li>Bulletin d&#8217;informations annuel aux membres;<\/li>\r\n<li>Organisation d&#8217;activit\u00e9s communautaires;<\/li>\r\n<li>Sensibilisation aux probl\u00e8mes environnementaux et de voisinage;<\/li>\r\n<li>Pr\u00e9sentation aux municipalit\u00e9s de vos suggestions pour l&#8217;am\u00e9lioration de la signalisation routi\u00e8re et pour la s\u00e9curit\u00e9 de nos membres;<\/li>\r\n<li>Ouverture en toutes saisons de la Trans Outaouaise;<\/li>\r\n<li>Participation d&#8217;une \u00e9quipe de b\u00e9n\u00e9voles \u00e0 l&#8217;entretien de certaines \u00eeles n\u00e9glig\u00e9es;<\/li>\r\n<li>Aide dans la repr\u00e9sentation de vos droits aupr\u00e8s des organismes locaux;<\/li>\r\n<li>Acc\u00e8s, en hiver, aux sentiers sur le chemin Grand Poisson Blanc;<\/li>\r\n<li>Sensibilisation par des affiches et bou\u00e9es jaunes au myriophylle \u00e0 \u00e9pi;<\/li>\r\n<li>R\u00e9seautage avec d&#8217;autres organisations :\r\n<ol>\r\n<li>Municipalit\u00e9s de Lac-Sainte-Marie, Bowman, Denholm et Notre-Dame-de-Laus<\/li>\r\n<li>COBALI &amp; le \u00ab Regroupement pour la protection de l&#8217;eau de la vall\u00e9e de la Gatineau \u00bb<\/li>\r\n<li>Le Parc R\u00e9gional du Poisson Blanc<\/li>\r\n<li>Base de plein air Air-Eau-Bois<\/li>\r\n<\/ol>\r\n<\/li>\r\n<\/ul>\r\n<!-- \/wp:list -->\r\n\r\n<!-- wp:heading {\"level\":3} \/-->\r\n\r\n<!-- wp:paragraph {\"backgroundColor\":\"pale-cyan-blue\"} \/-->\r\n\r\n<!-- wp:paragraph {\"backgroundColor\":\"pale-cyan-blue\"} \/-->\r\n\r\n<!-- wp:paragraph \/-->\r\n<p><!-- \/wp:list -->\r\n\r\n<!-- wp:paragraph {\"backgroundColor\":\"very-light-gray\",\"fontSize\":\"large\"} \/-->\r\n\r\n<!-- wp:paragraph {\"backgroundColor\":\"luminous-vivid-amber\"} --><\/p>\r\n<p><!-- \/wp:paragraph --><\/p>\r\n<p><!-- wp:paragraph {\"backgroundColor\":\"luminous-vivid-amber\"} --><\/p>\r\n<p><!-- \/wp:paragraph --><\/p>\r\n<p><!-- wp:paragraph {\"backgroundColor\":\"luminous-vivid-amber\"} --><\/p>\r\n<p><!-- \/wp:paragraph --><\/p>\r\n<p><!-- wp:paragraph {\"backgroundColor\":\"luminous-vivid-amber\"} --><\/p>\r\n<p><!-- \/wp:paragraph --><\/p>\r\n<p><!-- wp:paragraph --><\/p>\r\n<p>&nbsp;<\/p>","protected":false},"excerpt":{"rendered":"<p>Incluant les lacs Poisson Blanc, Newton, Cuillerier et du Brochet Qui sommes-nous? Nous sommes un groupe de propri\u00e9taires, r\u00e9sident.es, vill\u00e9giateur.es et usag\u00e9.es du bassin versant du Poisson Blanc venant de tous les milieux. R\u00e9unis, ensemble, dans une association car nous&#8230; voyons les lacs comme un \u00e9cosyst\u00e8me vivant respectons l&#8217;environnement en minimisant les empreintes que nous [&hellip;]<\/p>\n","protected":false},"author":1,"featured_media":0,"parent":0,"menu_order":0,"comment_status":"closed","ping_status":"closed","template":"","meta":{"footnotes":""},"class_list":["post-2090","page","type-page","status-publish","hentry"],"yoast_head":"<!-- This site is optimized with the Yoast SEO plugin v27.3 - https:\/\/yoast.com\/product\/yoast-seo-wordpress\/ -->\n<title>Association bassin versant du Poisson Blanc - Association lac Poisson-Blanc<\/title>\n<meta name=\"robots\" content=\"index, follow, max-snippet:-1, max-image-preview:large, max-video-preview:-1\" \/>\n<link rel=\"canonical\" href=\"https:\/\/abvdupoissonblanc.ca\/fr\/home\/\" \/>\n<meta property=\"og:locale\" content=\"fr_FR\" \/>\n<meta property=\"og:type\" content=\"article\" \/>\n<meta property=\"og:title\" content=\"Association bassin versant du Poisson Blanc - Association lac Poisson-Blanc\" \/>\n<meta property=\"og:description\" content=\"Incluant les lacs Poisson Blanc, Newton, Cuillerier et du Brochet Qui sommes-nous? Nous sommes un groupe de propri\u00e9taires, r\u00e9sident.es, vill\u00e9giateur.es et usag\u00e9.es du bassin versant du Poisson Blanc venant de tous les milieux. R\u00e9unis, ensemble, dans une association car nous&#8230; voyons les lacs comme un \u00e9cosyst\u00e8me vivant respectons l&#8217;environnement en minimisant les empreintes que nous [&hellip;]\" \/>\n<meta property=\"og:url\" content=\"https:\/\/abvdupoissonblanc.ca\/fr\/home\/\" \/>\n<meta property=\"og:site_name\" content=\"Association lac Poisson-Blanc\" \/>\n<meta property=\"article:publisher\" content=\"https:\/\/www.facebook.com\/groups\/LacPoissonBlanc\/\" \/>\n<meta property=\"article:modified_time\" content=\"2024-05-02T20:32:05+00:00\" \/>\n<meta name=\"twitter:label1\" content=\"Dur\u00e9e de lecture estim\u00e9e\" \/>\n\t<meta name=\"twitter:data1\" content=\"2 minutes\" \/>\n<script type=\"application\/ld+json\" class=\"yoast-schema-graph\">{\"@context\":\"https:\\\/\\\/schema.org\",\"@graph\":[{\"@type\":\"WebPage\",\"@id\":\"https:\\\/\\\/abvdupoissonblanc.ca\\\/fr\\\/home\\\/\",\"url\":\"https:\\\/\\\/abvdupoissonblanc.ca\\\/fr\\\/home\\\/\",\"name\":\"Association bassin versant du Poisson Blanc - Association lac Poisson-Blanc\",\"isPartOf\":{\"@id\":\"https:\\\/\\\/abvdupoissonblanc.ca\\\/fr\\\/#website\"},\"datePublished\":\"2016-06-21T18:46:56+00:00\",\"dateModified\":\"2024-05-02T20:32:05+00:00\",\"breadcrumb\":{\"@id\":\"https:\\\/\\\/abvdupoissonblanc.ca\\\/fr\\\/home\\\/#breadcrumb\"},\"inLanguage\":\"fr-FR\",\"potentialAction\":[{\"@type\":\"ReadAction\",\"target\":[\"https:\\\/\\\/abvdupoissonblanc.ca\\\/fr\\\/home\\\/\"]}]},{\"@type\":\"BreadcrumbList\",\"@id\":\"https:\\\/\\\/abvdupoissonblanc.ca\\\/fr\\\/home\\\/#breadcrumb\",\"itemListElement\":[{\"@type\":\"ListItem\",\"position\":1,\"name\":\"Home\",\"item\":\"https:\\\/\\\/abvdupoissonblanc.ca\\\/fr\\\/\"},{\"@type\":\"ListItem\",\"position\":2,\"name\":\"Association bassin versant du Poisson Blanc\"}]},{\"@type\":\"WebSite\",\"@id\":\"https:\\\/\\\/abvdupoissonblanc.ca\\\/fr\\\/#website\",\"url\":\"https:\\\/\\\/abvdupoissonblanc.ca\\\/fr\\\/\",\"name\":\"Association lac Poisson-Blanc\",\"description\":\"\",\"publisher\":{\"@id\":\"https:\\\/\\\/abvdupoissonblanc.ca\\\/fr\\\/#organization\"},\"potentialAction\":[{\"@type\":\"SearchAction\",\"target\":{\"@type\":\"EntryPoint\",\"urlTemplate\":\"https:\\\/\\\/abvdupoissonblanc.ca\\\/fr\\\/?s={search_term_string}\"},\"query-input\":{\"@type\":\"PropertyValueSpecification\",\"valueRequired\":true,\"valueName\":\"search_term_string\"}}],\"inLanguage\":\"fr-FR\"},{\"@type\":\"Organization\",\"@id\":\"https:\\\/\\\/abvdupoissonblanc.ca\\\/fr\\\/#organization\",\"name\":\"Association lac Poisson-Blanc\",\"url\":\"https:\\\/\\\/abvdupoissonblanc.ca\\\/fr\\\/\",\"logo\":{\"@type\":\"ImageObject\",\"inLanguage\":\"fr-FR\",\"@id\":\"https:\\\/\\\/abvdupoissonblanc.ca\\\/fr\\\/#\\\/schema\\\/logo\\\/image\\\/\",\"url\":\"https:\\\/\\\/abvdupoissonblanc.ca\\\/wp-content\\\/uploads\\\/2020\\\/06\\\/lacpoissonblanc-1.png\",\"contentUrl\":\"https:\\\/\\\/abvdupoissonblanc.ca\\\/wp-content\\\/uploads\\\/2020\\\/06\\\/lacpoissonblanc-1.png\",\"width\":314,\"height\":169,\"caption\":\"Association lac Poisson-Blanc\"},\"image\":{\"@id\":\"https:\\\/\\\/abvdupoissonblanc.ca\\\/fr\\\/#\\\/schema\\\/logo\\\/image\\\/\"},\"sameAs\":[\"https:\\\/\\\/www.facebook.com\\\/groups\\\/LacPoissonBlanc\\\/\"]}]}<\/script>\n<!-- \/ Yoast SEO plugin. -->","yoast_head_json":{"title":"Association bassin versant du Poisson Blanc - Association lac Poisson-Blanc","robots":{"index":"index","follow":"follow","max-snippet":"max-snippet:-1","max-image-preview":"max-image-preview:large","max-video-preview":"max-video-preview:-1"},"canonical":"https:\/\/abvdupoissonblanc.ca\/fr\/home\/","og_locale":"fr_FR","og_type":"article","og_title":"Association bassin versant du Poisson Blanc - Association lac Poisson-Blanc","og_description":"Incluant les lacs Poisson Blanc, Newton, Cuillerier et du Brochet Qui sommes-nous? Nous sommes un groupe de propri\u00e9taires, r\u00e9sident.es, vill\u00e9giateur.es et usag\u00e9.es du bassin versant du Poisson Blanc venant de tous les milieux. R\u00e9unis, ensemble, dans une association car nous&#8230; voyons les lacs comme un \u00e9cosyst\u00e8me vivant respectons l&#8217;environnement en minimisant les empreintes que nous [&hellip;]","og_url":"https:\/\/abvdupoissonblanc.ca\/fr\/home\/","og_site_name":"Association lac Poisson-Blanc","article_publisher":"https:\/\/www.facebook.com\/groups\/LacPoissonBlanc\/","article_modified_time":"2024-05-02T20:32:05+00:00","twitter_misc":{"Dur\u00e9e de lecture estim\u00e9e":"2 minutes"},"schema":{"@context":"https:\/\/schema.org","@graph":[{"@type":"WebPage","@id":"https:\/\/abvdupoissonblanc.ca\/fr\/home\/","url":"https:\/\/abvdupoissonblanc.ca\/fr\/home\/","name":"Association bassin versant du Poisson Blanc - Association lac Poisson-Blanc","isPartOf":{"@id":"https:\/\/abvdupoissonblanc.ca\/fr\/#website"},"datePublished":"2016-06-21T18:46:56+00:00","dateModified":"2024-05-02T20:32:05+00:00","breadcrumb":{"@id":"https:\/\/abvdupoissonblanc.ca\/fr\/home\/#breadcrumb"},"inLanguage":"fr-FR","potentialAction":[{"@type":"ReadAction","target":["https:\/\/abvdupoissonblanc.ca\/fr\/home\/"]}]},{"@type":"BreadcrumbList","@id":"https:\/\/abvdupoissonblanc.ca\/fr\/home\/#breadcrumb","itemListElement":[{"@type":"ListItem","position":1,"name":"Home","item":"https:\/\/abvdupoissonblanc.ca\/fr\/"},{"@type":"ListItem","position":2,"name":"Association bassin versant du Poisson Blanc"}]},{"@type":"WebSite","@id":"https:\/\/abvdupoissonblanc.ca\/fr\/#website","url":"https:\/\/abvdupoissonblanc.ca\/fr\/","name":"Association lac Poisson-Blanc","description":"","publisher":{"@id":"https:\/\/abvdupoissonblanc.ca\/fr\/#organization"},"potentialAction":[{"@type":"SearchAction","target":{"@type":"EntryPoint","urlTemplate":"https:\/\/abvdupoissonblanc.ca\/fr\/?s={search_term_string}"},"query-input":{"@type":"PropertyValueSpecification","valueRequired":true,"valueName":"search_term_string"}}],"inLanguage":"fr-FR"},{"@type":"Organization","@id":"https:\/\/abvdupoissonblanc.ca\/fr\/#organization","name":"Association lac Poisson-Blanc","url":"https:\/\/abvdupoissonblanc.ca\/fr\/","logo":{"@type":"ImageObject","inLanguage":"fr-FR","@id":"https:\/\/abvdupoissonblanc.ca\/fr\/#\/schema\/logo\/image\/","url":"https:\/\/abvdupoissonblanc.ca\/wp-content\/uploads\/2020\/06\/lacpoissonblanc-1.png","contentUrl":"https:\/\/abvdupoissonblanc.ca\/wp-content\/uploads\/2020\/06\/lacpoissonblanc-1.png","width":314,"height":169,"caption":"Association lac Poisson-Blanc"},"image":{"@id":"https:\/\/abvdupoissonblanc.ca\/fr\/#\/schema\/logo\/image\/"},"sameAs":["https:\/\/www.facebook.com\/groups\/LacPoissonBlanc\/"]}]}},"_links":{"self":[{"href":"https:\/\/abvdupoissonblanc.ca\/fr\/wp-json\/wp\/v2\/pages\/2090","targetHints":{"allow":["GET"]}}],"collection":[{"href":"https:\/\/abvdupoissonblanc.ca\/fr\/wp-json\/wp\/v2\/pages"}],"about":[{"href":"https:\/\/abvdupoissonblanc.ca\/fr\/wp-json\/wp\/v2\/types\/page"}],"author":[{"embeddable":true,"href":"https:\/\/abvdupoissonblanc.ca\/fr\/wp-json\/wp\/v2\/users\/1"}],"replies":[{"embeddable":true,"href":"https:\/\/abvdupoissonblanc.ca\/fr\/wp-json\/wp\/v2\/comments?post=2090"}],"version-history":[{"count":139,"href":"https:\/\/abvdupoissonblanc.ca\/fr\/wp-json\/wp\/v2\/pages\/2090\/revisions"}],"predecessor-version":[{"id":12796,"href":"https:\/\/abvdupoissonblanc.ca\/fr\/wp-json\/wp\/v2\/pages\/2090\/revisions\/12796"}],"wp:attachment":[{"href":"https:\/\/abvdupoissonblanc.ca\/fr\/wp-json\/wp\/v2\/media?parent=2090"}],"curies":[{"name":"wp","href":"https:\/\/api.w.org\/{rel}","templated":true}]}}