{"id":1466,"date":"2016-02-28T14:23:49","date_gmt":"2016-02-28T19:23:49","guid":{"rendered":"http:\/\/www.lacpoissonblanc.ca\/fr\/renew-join-the-association\/"},"modified":"2022-07-08T00:39:35","modified_gmt":"2022-07-08T04:39:35","slug":"renouveler-votre-adhesion-ou-vous-joindre-a-nous","status":"publish","type":"page","link":"https:\/\/abvdupoissonblanc.ca\/fr\/renouveler-votre-adhesion-ou-vous-joindre-a-nous\/","title":{"rendered":"Renouveler votre adh\u00e9sion ou vous joindre \u00e0 nous"},"content":{"rendered":"\r\n<p class=\"has-text-color has-vivid-red-color\"><strong>Nous ne partageons pas vos renseignements avec d&#8217;autres groupes mais, seulement, pour vous rejoindre par courriel, la poste ou par t\u00e9l\u00e9phone.<\/strong><\/p>\r\n\r\n\r\n<hr class=\"wp-block-separator has-text-color has-background has-very-dark-gray-background-color has-very-dark-gray-color is-style-default\" \/>\r\n\r\n\r\n<p class=\"has-text-color has-background has-luminous-vivid-orange-color has-very-dark-gray-background-color\"><strong> NE VOULEZ PAS \u00eatre membre mais souhaitez nous faire un don? Allez au bas de cette page! <\/strong><\/p>\r\n\r\n\r\n\r\n\r\n<hr class=\"wp-block-separator has-text-color has-background has-very-dark-gray-background-color has-very-dark-gray-color is-style-default\" \/>\r\n\r\n\r\n<h3 class=\"has-background has-cyan-bluish-gray-background-color\"><strong>MERCI de renouveler votre adh\u00e9sion ou devenir membre et ainsi participer \u00e0 notre vie communautaire!<\/strong><\/h3>\r\n\r\n\r\n\r\n<p><strong>Avant de vous inscrire, avez-vous lu notre CODE D&#8217;\u00c9THIQUE que vous devriez respecter?<\/strong> <a href=\"https:\/\/abvdupoissonblanc.ca\/fr\/notre-code-ethique\/\">https:\/\/abvdupoissonblanc.ca\/fr\/notre-code-ethique\/<\/a><\/p>\r\n\r\n\r\n\r\n<h3><strong>VOTRE ADH\u00c9SION EST POUR UNE PERSONNE ET EST VALABLE JUSQU&#8217;\u00c0 L&#8217;AGA DE L&#8217;ANN\u00c9E D&#8217;APR\u00c8S <\/strong><\/h3>\r\n\r\n\r\n\r\n\r\n\r\n<p>Nous avons deux m\u00e9thodes de paiements:<\/p>\r\n\r\n\r\n\r\n<h3 class=\"has-background has-luminous-vivid-amber-background-color wp-block-heading\"><strong>En LIGNE: (Visa\/MasterCard\/Interac\/E-Transfer\/Paypal)<\/strong><\/h3>\r\n<p>\r\n\r\n<\/p>\r\n<ul class=\"wp-block-list\">\r\n<li>\r\n<ul>\r\n<li><a href=\"https:\/\/abvdupoissonblanc.ca\/fr\/?p=7178\">Cliquez ici pour notre page d&#8217;adh\u00e9sion<\/a><\/li>\r\n<\/ul>\r\n<\/li>\r\n<\/ul>\r\n\r\n\r\n\r\n<h3 class=\"has-luminous-vivid-orange-color has-text-color wp-block-heading\"><span><strong>Par LA POSTE:<\/strong><\/span><\/h3>\r\n\r\n\r\n\r\n<ul class=\"wp-block-list\">\r\n<li>Imprimer notre formulaire d&#8217;inscription: <a href=\"https:\/\/abvdupoissonblanc.ca\/wp-content\/uploads\/2020\/02\/Feuille-bilingue-dinscription-2020-2021.pdf\">Feuille bilingue d\u2019inscription 2020-2021<\/a><\/li>\r\n<\/ul>\r\n\r\n\r\n\r\n<ul class=\"wp-block-list\">\r\n<li>Signer un ch\u00e8que d&#8217;un montant de <strong>25$<\/strong> <em>(ou plus comme don)<\/em><\/li>\r\n<li>Postez le tout \u00e0:<\/li>\r\n<\/ul>\r\n\r\n\r\n\r\n<p><strong>A.B.V. du Poisson-Blanc<br \/><\/strong><strong>512, ch Grand Poisson-Blanc<br \/><\/strong><strong>Lac-Sainte-Marie, Qc J0X 1Z0<\/strong><\/p>\r\n\r\n\r\n\r\n\r\n\r\n<p>*************************************************************<\/p>\r\n<h3 class=\"has-text-color has-background has-luminous-vivid-orange-color has-very-dark-gray-background-color\"><strong>NE VOULEZ PAS \u00eatre membre mais souhaitez nous aider financi\u00e8rement par un don? <\/strong><\/h3>\r\n<p>\r\n\r\n<\/p>\r\n<ul class=\"wp-block-list\">\r\n<li><em>Envoyez-nous votre don par INTERAC (e-Transfer) notre courriel: <a href=\"mailto:abv.poissonblanc@gmail.com\">abv.poissonblanc@gmail.com<\/a><\/em><\/li>\r\n<li><em>Dans la section \u00abremarque\u00bb: indiquez que c&#8217;est un don;<\/em><\/li>\r\n<li><em>Ajoutez cette QUESTION SIMPLE: Quel est le nom du grand lac? Avec la r\u00e9ponse en UN MOT: <strong>poissonblanc<\/strong><\/em><\/li>\r\n<li><em>Ou signez un ch\u00e8que, marquez-le comme un don et envoyez-le \u00e0 notre adresse postale habituelle: A.B.V. du Poisson-Blanc, 512, ch Grand Poisson-Blanc, Lac-Sainte-Marie, Qc J0X 1Z0 <\/em><\/li>\r\n<\/ul>\r\n","protected":false},"excerpt":{"rendered":"<p>Nous ne partageons pas vos renseignements avec d&#8217;autres groupes mais, seulement, pour vous rejoindre par courriel, la poste ou par t\u00e9l\u00e9phone. NE VOULEZ PAS \u00eatre membre mais souhaitez nous faire un don? Allez au bas de cette page! MERCI de renouveler votre adh\u00e9sion ou devenir membre et ainsi participer \u00e0 notre vie communautaire! Avant de [&hellip;]<\/p>\n","protected":false},"author":687,"featured_media":0,"parent":0,"menu_order":0,"comment_status":"closed","ping_status":"closed","template":"","meta":{"footnotes":""},"class_list":["post-1466","page","type-page","status-publish","hentry"],"yoast_head":"<!-- This site is optimized with the Yoast SEO plugin v27.3 - https:\/\/yoast.com\/product\/yoast-seo-wordpress\/ -->\n<title>Renouveler votre adh\u00e9sion ou vous joindre \u00e0 nous - Association lac Poisson-Blanc<\/title>\n<meta name=\"robots\" content=\"index, follow, max-snippet:-1, max-image-preview:large, max-video-preview:-1\" \/>\n<link rel=\"canonical\" href=\"https:\/\/abvdupoissonblanc.ca\/fr\/renouveler-votre-adhesion-ou-vous-joindre-a-nous\/\" \/>\n<meta property=\"og:locale\" content=\"fr_FR\" \/>\n<meta property=\"og:type\" content=\"article\" \/>\n<meta property=\"og:title\" content=\"Renouveler votre adh\u00e9sion ou vous joindre \u00e0 nous - Association lac Poisson-Blanc\" \/>\n<meta property=\"og:description\" content=\"Nous ne partageons pas vos renseignements avec d&#8217;autres groupes mais, seulement, pour vous rejoindre par courriel, la poste ou par t\u00e9l\u00e9phone. NE VOULEZ PAS \u00eatre membre mais souhaitez nous faire un don? Allez au bas de cette page! MERCI de renouveler votre adh\u00e9sion ou devenir membre et ainsi participer \u00e0 notre vie communautaire! Avant de [&hellip;]\" \/>\n<meta property=\"og:url\" content=\"https:\/\/abvdupoissonblanc.ca\/fr\/renouveler-votre-adhesion-ou-vous-joindre-a-nous\/\" \/>\n<meta property=\"og:site_name\" content=\"Association lac Poisson-Blanc\" \/>\n<meta property=\"article:publisher\" content=\"https:\/\/www.facebook.com\/groups\/LacPoissonBlanc\/\" \/>\n<meta property=\"article:modified_time\" content=\"2022-07-08T04:39:35+00:00\" \/>\n<meta name=\"twitter:label1\" content=\"Dur\u00e9e de lecture estim\u00e9e\" \/>\n\t<meta name=\"twitter:data1\" content=\"1 minute\" \/>\n<script type=\"application\/ld+json\" class=\"yoast-schema-graph\">{\"@context\":\"https:\\\/\\\/schema.org\",\"@graph\":[{\"@type\":\"WebPage\",\"@id\":\"https:\\\/\\\/abvdupoissonblanc.ca\\\/fr\\\/renouveler-votre-adhesion-ou-vous-joindre-a-nous\\\/\",\"url\":\"https:\\\/\\\/abvdupoissonblanc.ca\\\/fr\\\/renouveler-votre-adhesion-ou-vous-joindre-a-nous\\\/\",\"name\":\"Renouveler votre adh\u00e9sion ou vous joindre \u00e0 nous - Association lac Poisson-Blanc\",\"isPartOf\":{\"@id\":\"https:\\\/\\\/abvdupoissonblanc.ca\\\/fr\\\/#website\"},\"datePublished\":\"2016-02-28T19:23:49+00:00\",\"dateModified\":\"2022-07-08T04:39:35+00:00\",\"breadcrumb\":{\"@id\":\"https:\\\/\\\/abvdupoissonblanc.ca\\\/fr\\\/renouveler-votre-adhesion-ou-vous-joindre-a-nous\\\/#breadcrumb\"},\"inLanguage\":\"fr-FR\",\"potentialAction\":[{\"@type\":\"ReadAction\",\"target\":[\"https:\\\/\\\/abvdupoissonblanc.ca\\\/fr\\\/renouveler-votre-adhesion-ou-vous-joindre-a-nous\\\/\"]}]},{\"@type\":\"BreadcrumbList\",\"@id\":\"https:\\\/\\\/abvdupoissonblanc.ca\\\/fr\\\/renouveler-votre-adhesion-ou-vous-joindre-a-nous\\\/#breadcrumb\",\"itemListElement\":[{\"@type\":\"ListItem\",\"position\":1,\"name\":\"Home\",\"item\":\"https:\\\/\\\/abvdupoissonblanc.ca\\\/fr\\\/\"},{\"@type\":\"ListItem\",\"position\":2,\"name\":\"Renouveler votre adh\u00e9sion ou vous joindre \u00e0 nous\"}]},{\"@type\":\"WebSite\",\"@id\":\"https:\\\/\\\/abvdupoissonblanc.ca\\\/fr\\\/#website\",\"url\":\"https:\\\/\\\/abvdupoissonblanc.ca\\\/fr\\\/\",\"name\":\"Association lac Poisson-Blanc\",\"description\":\"\",\"publisher\":{\"@id\":\"https:\\\/\\\/abvdupoissonblanc.ca\\\/fr\\\/#organization\"},\"potentialAction\":[{\"@type\":\"SearchAction\",\"target\":{\"@type\":\"EntryPoint\",\"urlTemplate\":\"https:\\\/\\\/abvdupoissonblanc.ca\\\/fr\\\/?s={search_term_string}\"},\"query-input\":{\"@type\":\"PropertyValueSpecification\",\"valueRequired\":true,\"valueName\":\"search_term_string\"}}],\"inLanguage\":\"fr-FR\"},{\"@type\":\"Organization\",\"@id\":\"https:\\\/\\\/abvdupoissonblanc.ca\\\/fr\\\/#organization\",\"name\":\"Association lac Poisson-Blanc\",\"url\":\"https:\\\/\\\/abvdupoissonblanc.ca\\\/fr\\\/\",\"logo\":{\"@type\":\"ImageObject\",\"inLanguage\":\"fr-FR\",\"@id\":\"https:\\\/\\\/abvdupoissonblanc.ca\\\/fr\\\/#\\\/schema\\\/logo\\\/image\\\/\",\"url\":\"https:\\\/\\\/abvdupoissonblanc.ca\\\/wp-content\\\/uploads\\\/2020\\\/06\\\/lacpoissonblanc-1.png\",\"contentUrl\":\"https:\\\/\\\/abvdupoissonblanc.ca\\\/wp-content\\\/uploads\\\/2020\\\/06\\\/lacpoissonblanc-1.png\",\"width\":314,\"height\":169,\"caption\":\"Association lac Poisson-Blanc\"},\"image\":{\"@id\":\"https:\\\/\\\/abvdupoissonblanc.ca\\\/fr\\\/#\\\/schema\\\/logo\\\/image\\\/\"},\"sameAs\":[\"https:\\\/\\\/www.facebook.com\\\/groups\\\/LacPoissonBlanc\\\/\"]}]}<\/script>\n<!-- \/ Yoast SEO plugin. -->","yoast_head_json":{"title":"Renouveler votre adh\u00e9sion ou vous joindre \u00e0 nous - Association lac Poisson-Blanc","robots":{"index":"index","follow":"follow","max-snippet":"max-snippet:-1","max-image-preview":"max-image-preview:large","max-video-preview":"max-video-preview:-1"},"canonical":"https:\/\/abvdupoissonblanc.ca\/fr\/renouveler-votre-adhesion-ou-vous-joindre-a-nous\/","og_locale":"fr_FR","og_type":"article","og_title":"Renouveler votre adh\u00e9sion ou vous joindre \u00e0 nous - Association lac Poisson-Blanc","og_description":"Nous ne partageons pas vos renseignements avec d&#8217;autres groupes mais, seulement, pour vous rejoindre par courriel, la poste ou par t\u00e9l\u00e9phone. NE VOULEZ PAS \u00eatre membre mais souhaitez nous faire un don? Allez au bas de cette page! MERCI de renouveler votre adh\u00e9sion ou devenir membre et ainsi participer \u00e0 notre vie communautaire! Avant de [&hellip;]","og_url":"https:\/\/abvdupoissonblanc.ca\/fr\/renouveler-votre-adhesion-ou-vous-joindre-a-nous\/","og_site_name":"Association lac Poisson-Blanc","article_publisher":"https:\/\/www.facebook.com\/groups\/LacPoissonBlanc\/","article_modified_time":"2022-07-08T04:39:35+00:00","twitter_misc":{"Dur\u00e9e de lecture estim\u00e9e":"1 minute"},"schema":{"@context":"https:\/\/schema.org","@graph":[{"@type":"WebPage","@id":"https:\/\/abvdupoissonblanc.ca\/fr\/renouveler-votre-adhesion-ou-vous-joindre-a-nous\/","url":"https:\/\/abvdupoissonblanc.ca\/fr\/renouveler-votre-adhesion-ou-vous-joindre-a-nous\/","name":"Renouveler votre adh\u00e9sion ou vous joindre \u00e0 nous - Association lac Poisson-Blanc","isPartOf":{"@id":"https:\/\/abvdupoissonblanc.ca\/fr\/#website"},"datePublished":"2016-02-28T19:23:49+00:00","dateModified":"2022-07-08T04:39:35+00:00","breadcrumb":{"@id":"https:\/\/abvdupoissonblanc.ca\/fr\/renouveler-votre-adhesion-ou-vous-joindre-a-nous\/#breadcrumb"},"inLanguage":"fr-FR","potentialAction":[{"@type":"ReadAction","target":["https:\/\/abvdupoissonblanc.ca\/fr\/renouveler-votre-adhesion-ou-vous-joindre-a-nous\/"]}]},{"@type":"BreadcrumbList","@id":"https:\/\/abvdupoissonblanc.ca\/fr\/renouveler-votre-adhesion-ou-vous-joindre-a-nous\/#breadcrumb","itemListElement":[{"@type":"ListItem","position":1,"name":"Home","item":"https:\/\/abvdupoissonblanc.ca\/fr\/"},{"@type":"ListItem","position":2,"name":"Renouveler votre adh\u00e9sion ou vous joindre \u00e0 nous"}]},{"@type":"WebSite","@id":"https:\/\/abvdupoissonblanc.ca\/fr\/#website","url":"https:\/\/abvdupoissonblanc.ca\/fr\/","name":"Association lac Poisson-Blanc","description":"","publisher":{"@id":"https:\/\/abvdupoissonblanc.ca\/fr\/#organization"},"potentialAction":[{"@type":"SearchAction","target":{"@type":"EntryPoint","urlTemplate":"https:\/\/abvdupoissonblanc.ca\/fr\/?s={search_term_string}"},"query-input":{"@type":"PropertyValueSpecification","valueRequired":true,"valueName":"search_term_string"}}],"inLanguage":"fr-FR"},{"@type":"Organization","@id":"https:\/\/abvdupoissonblanc.ca\/fr\/#organization","name":"Association lac Poisson-Blanc","url":"https:\/\/abvdupoissonblanc.ca\/fr\/","logo":{"@type":"ImageObject","inLanguage":"fr-FR","@id":"https:\/\/abvdupoissonblanc.ca\/fr\/#\/schema\/logo\/image\/","url":"https:\/\/abvdupoissonblanc.ca\/wp-content\/uploads\/2020\/06\/lacpoissonblanc-1.png","contentUrl":"https:\/\/abvdupoissonblanc.ca\/wp-content\/uploads\/2020\/06\/lacpoissonblanc-1.png","width":314,"height":169,"caption":"Association lac Poisson-Blanc"},"image":{"@id":"https:\/\/abvdupoissonblanc.ca\/fr\/#\/schema\/logo\/image\/"},"sameAs":["https:\/\/www.facebook.com\/groups\/LacPoissonBlanc\/"]}]}},"_links":{"self":[{"href":"https:\/\/abvdupoissonblanc.ca\/fr\/wp-json\/wp\/v2\/pages\/1466","targetHints":{"allow":["GET"]}}],"collection":[{"href":"https:\/\/abvdupoissonblanc.ca\/fr\/wp-json\/wp\/v2\/pages"}],"about":[{"href":"https:\/\/abvdupoissonblanc.ca\/fr\/wp-json\/wp\/v2\/types\/page"}],"author":[{"embeddable":true,"href":"https:\/\/abvdupoissonblanc.ca\/fr\/wp-json\/wp\/v2\/users\/687"}],"replies":[{"embeddable":true,"href":"https:\/\/abvdupoissonblanc.ca\/fr\/wp-json\/wp\/v2\/comments?post=1466"}],"version-history":[{"count":51,"href":"https:\/\/abvdupoissonblanc.ca\/fr\/wp-json\/wp\/v2\/pages\/1466\/revisions"}],"predecessor-version":[{"id":11380,"href":"https:\/\/abvdupoissonblanc.ca\/fr\/wp-json\/wp\/v2\/pages\/1466\/revisions\/11380"}],"wp:attachment":[{"href":"https:\/\/abvdupoissonblanc.ca\/fr\/wp-json\/wp\/v2\/media?parent=1466"}],"curies":[{"name":"wp","href":"https:\/\/api.w.org\/{rel}","templated":true}]}}