{"id":1201,"date":"2015-07-15T01:38:38","date_gmt":"2015-07-15T05:38:38","guid":{"rendered":"http:\/\/www.lacpoissonblanc.ca\/?page_id=1201"},"modified":"2022-07-08T00:20:32","modified_gmt":"2022-07-08T04:20:32","slug":"ressources-rabais-commerciaux","status":"publish","type":"page","link":"https:\/\/abvdupoissonblanc.ca\/fr\/ressources-rabais-commerciaux\/","title":{"rendered":"Entreprises"},"content":{"rendered":"\r\n<h3 class=\"wp-block-heading\"><strong>DANS NOTRE SECTEUR:<\/strong><b><\/b><\/h3>\r\n\r\n\r\n\r\n\r\n\r\n\r\n\r\n<p><strong>VOTRE ENTREPRISE D&#8217;ENTRETIEN LOCAL!<\/strong><\/p>\r\n\r\n\r\n\r\n<figure class=\"wp-block-image size-medium is-resized is-style-default\"><img loading=\"lazy\" decoding=\"async\" class=\"wp-image-6164\" src=\"https:\/\/abvdupoissonblanc.ca\/wp-content\/uploads\/2020\/05\/paysagiste-services-360x240-1-300x200.jpg\" alt=\"\" width=\"400\" height=\"300\" \/><\/figure>\r\n\r\n\r\n\r\n<h3 class=\"wp-block-heading\">Besoin d&#8217;aide pour:<\/h3>\r\n<h4>\r\n\r\n<\/h4>\r\n<ul class=\"wp-block-list\">\r\n<li>\r\n<p>R\u00e9novations mineures;<\/p>\r\n<\/li>\r\n<li>\r\n<p>Peinture et vernissage;<\/p>\r\n<\/li>\r\n<li>\r\n<p>Entretien de la pelouse: couper l&#8217;herbe et ramasser les feuilles;<\/p>\r\n<\/li>\r\n<li>\r\n<p>Entretien des rocailles, parterres de fleurs, haies et arbustes;<\/p>\r\n<\/li>\r\n<li>\r\n<p>D\u00e9neigement du toit;<\/p>\r\n<\/li>\r\n<li>\r\n<p>Pr\u00e9paration de votre bois de chauffage.<\/p>\r\n<\/li>\r\n<\/ul>\r\n\r\n\r\n\r\n<h4 class=\"wp-block-heading\"><a href=\"https:\/\/abvdupoissonblanc.ca\/wp-content\/uploads\/2020\/11\/deck_resurfacing.jpg\"><img loading=\"lazy\" decoding=\"async\" class=\"alignnone  wp-image-7631\" src=\"https:\/\/abvdupoissonblanc.ca\/wp-content\/uploads\/2020\/11\/deck_resurfacing-300x119.jpg\" alt=\"\" width=\"429\" height=\"170\" srcset=\"https:\/\/abvdupoissonblanc.ca\/wp-content\/uploads\/2020\/11\/deck_resurfacing-300x119.jpg 300w, https:\/\/abvdupoissonblanc.ca\/wp-content\/uploads\/2020\/11\/deck_resurfacing-1024x406.jpg 1024w, https:\/\/abvdupoissonblanc.ca\/wp-content\/uploads\/2020\/11\/deck_resurfacing-768x304.jpg 768w, https:\/\/abvdupoissonblanc.ca\/wp-content\/uploads\/2020\/11\/deck_resurfacing-1536x608.jpg 1536w, https:\/\/abvdupoissonblanc.ca\/wp-content\/uploads\/2020\/11\/deck_resurfacing-600x238.jpg 600w, https:\/\/abvdupoissonblanc.ca\/wp-content\/uploads\/2020\/11\/deck_resurfacing.jpg 1669w\" sizes=\"auto, (max-width: 429px) 100vw, 429px\" \/>\u00a0 <\/a><a href=\"https:\/\/abvdupoissonblanc.ca\/wp-content\/uploads\/2020\/11\/before_after1.jpg\"><img loading=\"lazy\" decoding=\"async\" class=\"alignnone  wp-image-7633\" src=\"https:\/\/abvdupoissonblanc.ca\/wp-content\/uploads\/2020\/11\/before_after1-300x247.jpg\" alt=\"\" width=\"214\" height=\"176\" srcset=\"https:\/\/abvdupoissonblanc.ca\/wp-content\/uploads\/2020\/11\/before_after1-300x247.jpg 300w, https:\/\/abvdupoissonblanc.ca\/wp-content\/uploads\/2020\/11\/before_after1-1024x843.jpg 1024w, https:\/\/abvdupoissonblanc.ca\/wp-content\/uploads\/2020\/11\/before_after1-768x633.jpg 768w, https:\/\/abvdupoissonblanc.ca\/wp-content\/uploads\/2020\/11\/before_after1-600x494.jpg 600w, https:\/\/abvdupoissonblanc.ca\/wp-content\/uploads\/2020\/11\/before_after1.jpg 1055w\" sizes=\"auto, (max-width: 214px) 100vw, 214px\" \/><\/a><a href=\"https:\/\/abvdupoissonblanc.ca\/wp-content\/uploads\/2020\/11\/dock.jpg\">\u00a0 <img loading=\"lazy\" decoding=\"async\" class=\"alignnone  wp-image-7635\" src=\"https:\/\/abvdupoissonblanc.ca\/wp-content\/uploads\/2020\/11\/dock-300x284.jpg\" alt=\"\" width=\"191\" height=\"181\" srcset=\"https:\/\/abvdupoissonblanc.ca\/wp-content\/uploads\/2020\/11\/dock-300x284.jpg 300w, https:\/\/abvdupoissonblanc.ca\/wp-content\/uploads\/2020\/11\/dock-768x726.jpg 768w, https:\/\/abvdupoissonblanc.ca\/wp-content\/uploads\/2020\/11\/dock-600x567.jpg 600w, https:\/\/abvdupoissonblanc.ca\/wp-content\/uploads\/2020\/11\/dock.jpg 992w\" sizes=\"auto, (max-width: 191px) 100vw, 191px\" \/><\/a><\/h4>\r\n\r\n\r\n\r\n<p>APPELLE ROCK D\u00c8S MAINTENANT: Rock-Antoine Gagn\u00e9 <strong><a href=\"tel:\/\/819-962-4039\">819-962-4039<\/a><\/strong><\/p>\r\n\r\n\r\n<hr class=\"wp-block-separator has-text-color has-background has-very-dark-gray-background-color has-very-dark-gray-color is-style-wide\" \/>\r\n<h3><strong>ENTREPRISES LOCALES QUI NOUS ONT AID\u00c9S FINANCI\u00c8REMENT:<\/strong><\/h3>\r\n\r\n\r\n\r\n<p>Un entrepreneur de Lac-Ste-Marie que vous pouvez t\u00e9l\u00e9phoner pour le transport de:<strong>terre noire, sable &amp; roches<\/strong> ou <strong>paysagement<\/strong> \u00e0 ton chalet ou ton entr\u00e9e:<\/p>\r\n\r\n\r\n\r\n<p class=\"has-background has-luminous-vivid-amber-background-color\">MARC BARBE TRANSPORT ET EXCAVATION <strong><a href=\"tel:\/\/613-798-6998\">613-798-6998 <\/a><\/strong><\/p>\r\n\r\n\r\n\r\n<h3 class=\"has-background has-vivid-cyan-blue-background-color\"><strong>CEUX QUI NOUS ONT AID\u00c9 FINANCI\u00c8REMENT:<\/strong><\/h3>\r\n\r\n\r\n\r\n<figure class=\"wp-block-image size-large\"><img loading=\"lazy\" decoding=\"async\" width=\"1024\" height=\"795\" class=\"wp-image-5608\" src=\"https:\/\/abvdupoissonblanc.ca\/wp-content\/uploads\/2019\/09\/20190815_133016-2-1024x795.jpg\" alt=\"\" srcset=\"https:\/\/abvdupoissonblanc.ca\/wp-content\/uploads\/2019\/09\/20190815_133016-2-1024x795.jpg 1024w, https:\/\/abvdupoissonblanc.ca\/wp-content\/uploads\/2019\/09\/20190815_133016-2-scaled-600x466.jpg 600w, https:\/\/abvdupoissonblanc.ca\/wp-content\/uploads\/2019\/09\/20190815_133016-2-300x233.jpg 300w, https:\/\/abvdupoissonblanc.ca\/wp-content\/uploads\/2019\/09\/20190815_133016-2-768x596.jpg 768w\" sizes=\"auto, (max-width: 1024px) 100vw, 1024px\" \/><\/figure>\r\n\r\n\r\n<hr class=\"wp-block-separator has-text-color has-background has-very-dark-gray-background-color has-very-dark-gray-color is-style-wide\" \/>\r\n\r\n\r\n<h3 class=\"wp-block-heading\"><strong>ENTREPRISES AVEC RABAIS COMMERCIAUX:<\/strong><\/h3>\r\n\r\n\r\n\r\n<h3 class=\"has-background has-pale-cyan-blue-background-color\"><strong>FERME L&#8217;AVENTURE TRAINEAUX \u00c0 CHIENS:<\/strong><\/h3>\r\n\r\n\r\n\r\n<figure class=\"wp-block-image\"><img loading=\"lazy\" decoding=\"async\" class=\"\" src=\"https:\/\/static1.squarespace.com\/static\/5447f810e4b061e52a76df10\/5451560ee4b0156d29eec1ec\/54d7620fe4b0ff7e52fb5e39\/1474998613203\/20141220_121633.jpg?format=750w\" alt=\"20141220_121633.jpg\" width=\"471\" height=\"354\" \/><\/figure>\r\n\r\n\r\n\r\n<p>Trente minutes suppl\u00e9mentaire d&#8217;exp\u00e9riences au clair de lune gratuitement! Pour obtenir votre bonus sp\u00e9cial, vous devez dire que vous \u00eates de notre association et vous devez \u00e9galement fournir votre adresse au lac.<\/p>\r\n\r\n\r\n\r\n<p>Lien vers leur site web: <a href=\"http:\/\/www.fermelaventure.com\/\">HERE<\/a><\/p>\r\n\r\n\r\n\r\n\r\n\r\n<p class=\"has-background has-pale-cyan-blue-background-color\">********************************************************************************************<\/p>\r\n<h3 class=\"has-background has-pale-cyan-blue-background-color\"><strong>PAYSAGISTE GABIE LANDSCAPING<\/strong><\/h3>\r\n\r\n<h3><span><a href=\"http:\/\/www.abvdupoissonblanc.ca\/wp-content\/uploads\/2015\/07\/paysagisteGabie.jpg\" rel=\"attachment wp-att-1573\"><img loading=\"lazy\" decoding=\"async\" class=\"size-full wp-image-1573 alignleft\" src=\"http:\/\/www.abvdupoissonblanc.ca\/wp-content\/uploads\/2015\/07\/paysagisteGabie.jpg\" alt=\"paysagisteGabie\" width=\"510\" height=\"295\" srcset=\"https:\/\/abvdupoissonblanc.ca\/wp-content\/uploads\/2015\/07\/paysagisteGabie.jpg 510w, https:\/\/abvdupoissonblanc.ca\/wp-content\/uploads\/2015\/07\/paysagisteGabie-300x174.jpg 300w\" sizes=\"auto, (max-width: 510px) 100vw, 510px\" \/><\/a><\/span><\/h3>\r\n<h3>\u00a0<\/h3>\r\n<p><span>R\u00e9duction de<strong> 5%<\/strong> pour n&#8217;importe quel travail fait par: <strong>PAYSAGISTE GABIE LANDSCAPING<\/strong><\/span><\/p>\r\n<p><span>DEMANDE POUR: Wesley Gabie <\/span><strong><a href=\"tel:\/\/819-467-5617\">819-467-5617<\/a> ou <a href=\"tel:\/\/819-210-0991\">819-210-0991<\/a><\/strong><\/p>\r\n<p><span>Allez voir leur page Facebook:<span> <a href=\"https:\/\/www.facebook.com\/Paysagiste-Gabie-Landscaping-140095516019957\/\">CLIQUE ICI<\/a><\/span><\/span><\/p>\r\n<p><span> Pour obtenir votre bonus sp\u00e9cial, vous devez dire que vous \u00eates de notre association et vous devez \u00e9galement fournir votre adresse au lac.<\/span><\/p>","protected":false},"excerpt":{"rendered":"<p>DANS NOTRE SECTEUR: Besoin d&#8217;aide pour: R\u00e9novations mineures; Peinture et vernissage; Entretien de la pelouse: couper l&#8217;herbe et ramasser les feuilles; Entretien des rocailles, parterres de fleurs, haies et arbustes; D\u00e9neigement du toit; Pr\u00e9paration de votre bois de chauffage. \u00a0 \u00a0 APPELLE ROCK D\u00c8S MAINTENANT: Rock-Antoine Gagn\u00e9 819-962-4039 Un entrepreneur de Lac-Ste-Marie que vous pouvez [&hellip;]<\/p>\n","protected":false},"author":1,"featured_media":0,"parent":0,"menu_order":0,"comment_status":"closed","ping_status":"closed","template":"","meta":{"footnotes":""},"class_list":["post-1201","page","type-page","status-publish","hentry"],"yoast_head":"<!-- This site is optimized with the Yoast SEO plugin v27.3 - https:\/\/yoast.com\/product\/yoast-seo-wordpress\/ -->\n<title>Entreprises - Association lac Poisson-Blanc<\/title>\n<meta name=\"robots\" content=\"index, follow, max-snippet:-1, max-image-preview:large, max-video-preview:-1\" \/>\n<link rel=\"canonical\" href=\"https:\/\/abvdupoissonblanc.ca\/fr\/ressources-rabais-commerciaux\/\" \/>\n<meta property=\"og:locale\" content=\"fr_FR\" \/>\n<meta property=\"og:type\" content=\"article\" \/>\n<meta property=\"og:title\" content=\"Entreprises - Association lac Poisson-Blanc\" \/>\n<meta property=\"og:description\" content=\"DANS NOTRE SECTEUR: Besoin d&#8217;aide pour: R\u00e9novations mineures; Peinture et vernissage; Entretien de la pelouse: couper l&#8217;herbe et ramasser les feuilles; Entretien des rocailles, parterres de fleurs, haies et arbustes; D\u00e9neigement du toit; Pr\u00e9paration de votre bois de chauffage. \u00a0 \u00a0 APPELLE ROCK D\u00c8S MAINTENANT: Rock-Antoine Gagn\u00e9 819-962-4039 Un entrepreneur de Lac-Ste-Marie que vous pouvez [&hellip;]\" \/>\n<meta property=\"og:url\" content=\"https:\/\/abvdupoissonblanc.ca\/fr\/ressources-rabais-commerciaux\/\" \/>\n<meta property=\"og:site_name\" content=\"Association lac Poisson-Blanc\" \/>\n<meta property=\"article:publisher\" content=\"https:\/\/www.facebook.com\/groups\/LacPoissonBlanc\/\" \/>\n<meta property=\"article:modified_time\" content=\"2022-07-08T04:20:32+00:00\" \/>\n<meta property=\"og:image\" content=\"https:\/\/abvdupoissonblanc.ca\/wp-content\/uploads\/2020\/05\/paysagiste-services-360x240-1-300x200.jpg\" \/>\n<meta name=\"twitter:label1\" content=\"Dur\u00e9e de lecture estim\u00e9e\" \/>\n\t<meta name=\"twitter:data1\" content=\"3 minutes\" \/>\n<script type=\"application\/ld+json\" class=\"yoast-schema-graph\">{\"@context\":\"https:\\\/\\\/schema.org\",\"@graph\":[{\"@type\":\"WebPage\",\"@id\":\"https:\\\/\\\/abvdupoissonblanc.ca\\\/fr\\\/ressources-rabais-commerciaux\\\/\",\"url\":\"https:\\\/\\\/abvdupoissonblanc.ca\\\/fr\\\/ressources-rabais-commerciaux\\\/\",\"name\":\"Entreprises - Association lac Poisson-Blanc\",\"isPartOf\":{\"@id\":\"https:\\\/\\\/abvdupoissonblanc.ca\\\/fr\\\/#website\"},\"primaryImageOfPage\":{\"@id\":\"https:\\\/\\\/abvdupoissonblanc.ca\\\/fr\\\/ressources-rabais-commerciaux\\\/#primaryimage\"},\"image\":{\"@id\":\"https:\\\/\\\/abvdupoissonblanc.ca\\\/fr\\\/ressources-rabais-commerciaux\\\/#primaryimage\"},\"thumbnailUrl\":\"https:\\\/\\\/abvdupoissonblanc.ca\\\/wp-content\\\/uploads\\\/2020\\\/05\\\/paysagiste-services-360x240-1-300x200.jpg\",\"datePublished\":\"2015-07-15T05:38:38+00:00\",\"dateModified\":\"2022-07-08T04:20:32+00:00\",\"breadcrumb\":{\"@id\":\"https:\\\/\\\/abvdupoissonblanc.ca\\\/fr\\\/ressources-rabais-commerciaux\\\/#breadcrumb\"},\"inLanguage\":\"fr-FR\",\"potentialAction\":[{\"@type\":\"ReadAction\",\"target\":[\"https:\\\/\\\/abvdupoissonblanc.ca\\\/fr\\\/ressources-rabais-commerciaux\\\/\"]}]},{\"@type\":\"ImageObject\",\"inLanguage\":\"fr-FR\",\"@id\":\"https:\\\/\\\/abvdupoissonblanc.ca\\\/fr\\\/ressources-rabais-commerciaux\\\/#primaryimage\",\"url\":\"https:\\\/\\\/abvdupoissonblanc.ca\\\/wp-content\\\/uploads\\\/2020\\\/05\\\/paysagiste-services-360x240-1-300x200.jpg\",\"contentUrl\":\"https:\\\/\\\/abvdupoissonblanc.ca\\\/wp-content\\\/uploads\\\/2020\\\/05\\\/paysagiste-services-360x240-1-300x200.jpg\"},{\"@type\":\"BreadcrumbList\",\"@id\":\"https:\\\/\\\/abvdupoissonblanc.ca\\\/fr\\\/ressources-rabais-commerciaux\\\/#breadcrumb\",\"itemListElement\":[{\"@type\":\"ListItem\",\"position\":1,\"name\":\"Home\",\"item\":\"https:\\\/\\\/abvdupoissonblanc.ca\\\/fr\\\/\"},{\"@type\":\"ListItem\",\"position\":2,\"name\":\"Entreprises\"}]},{\"@type\":\"WebSite\",\"@id\":\"https:\\\/\\\/abvdupoissonblanc.ca\\\/fr\\\/#website\",\"url\":\"https:\\\/\\\/abvdupoissonblanc.ca\\\/fr\\\/\",\"name\":\"Association lac Poisson-Blanc\",\"description\":\"\",\"publisher\":{\"@id\":\"https:\\\/\\\/abvdupoissonblanc.ca\\\/fr\\\/#organization\"},\"potentialAction\":[{\"@type\":\"SearchAction\",\"target\":{\"@type\":\"EntryPoint\",\"urlTemplate\":\"https:\\\/\\\/abvdupoissonblanc.ca\\\/fr\\\/?s={search_term_string}\"},\"query-input\":{\"@type\":\"PropertyValueSpecification\",\"valueRequired\":true,\"valueName\":\"search_term_string\"}}],\"inLanguage\":\"fr-FR\"},{\"@type\":\"Organization\",\"@id\":\"https:\\\/\\\/abvdupoissonblanc.ca\\\/fr\\\/#organization\",\"name\":\"Association lac Poisson-Blanc\",\"url\":\"https:\\\/\\\/abvdupoissonblanc.ca\\\/fr\\\/\",\"logo\":{\"@type\":\"ImageObject\",\"inLanguage\":\"fr-FR\",\"@id\":\"https:\\\/\\\/abvdupoissonblanc.ca\\\/fr\\\/#\\\/schema\\\/logo\\\/image\\\/\",\"url\":\"https:\\\/\\\/abvdupoissonblanc.ca\\\/wp-content\\\/uploads\\\/2020\\\/06\\\/lacpoissonblanc-1.png\",\"contentUrl\":\"https:\\\/\\\/abvdupoissonblanc.ca\\\/wp-content\\\/uploads\\\/2020\\\/06\\\/lacpoissonblanc-1.png\",\"width\":314,\"height\":169,\"caption\":\"Association lac Poisson-Blanc\"},\"image\":{\"@id\":\"https:\\\/\\\/abvdupoissonblanc.ca\\\/fr\\\/#\\\/schema\\\/logo\\\/image\\\/\"},\"sameAs\":[\"https:\\\/\\\/www.facebook.com\\\/groups\\\/LacPoissonBlanc\\\/\"]}]}<\/script>\n<!-- \/ Yoast SEO plugin. -->","yoast_head_json":{"title":"Entreprises - Association lac Poisson-Blanc","robots":{"index":"index","follow":"follow","max-snippet":"max-snippet:-1","max-image-preview":"max-image-preview:large","max-video-preview":"max-video-preview:-1"},"canonical":"https:\/\/abvdupoissonblanc.ca\/fr\/ressources-rabais-commerciaux\/","og_locale":"fr_FR","og_type":"article","og_title":"Entreprises - Association lac Poisson-Blanc","og_description":"DANS NOTRE SECTEUR: Besoin d&#8217;aide pour: R\u00e9novations mineures; Peinture et vernissage; Entretien de la pelouse: couper l&#8217;herbe et ramasser les feuilles; Entretien des rocailles, parterres de fleurs, haies et arbustes; D\u00e9neigement du toit; Pr\u00e9paration de votre bois de chauffage. \u00a0 \u00a0 APPELLE ROCK D\u00c8S MAINTENANT: Rock-Antoine Gagn\u00e9 819-962-4039 Un entrepreneur de Lac-Ste-Marie que vous pouvez [&hellip;]","og_url":"https:\/\/abvdupoissonblanc.ca\/fr\/ressources-rabais-commerciaux\/","og_site_name":"Association lac Poisson-Blanc","article_publisher":"https:\/\/www.facebook.com\/groups\/LacPoissonBlanc\/","article_modified_time":"2022-07-08T04:20:32+00:00","og_image":[{"url":"https:\/\/abvdupoissonblanc.ca\/wp-content\/uploads\/2020\/05\/paysagiste-services-360x240-1-300x200.jpg","type":"","width":"","height":""}],"twitter_misc":{"Dur\u00e9e de lecture estim\u00e9e":"3 minutes"},"schema":{"@context":"https:\/\/schema.org","@graph":[{"@type":"WebPage","@id":"https:\/\/abvdupoissonblanc.ca\/fr\/ressources-rabais-commerciaux\/","url":"https:\/\/abvdupoissonblanc.ca\/fr\/ressources-rabais-commerciaux\/","name":"Entreprises - Association lac Poisson-Blanc","isPartOf":{"@id":"https:\/\/abvdupoissonblanc.ca\/fr\/#website"},"primaryImageOfPage":{"@id":"https:\/\/abvdupoissonblanc.ca\/fr\/ressources-rabais-commerciaux\/#primaryimage"},"image":{"@id":"https:\/\/abvdupoissonblanc.ca\/fr\/ressources-rabais-commerciaux\/#primaryimage"},"thumbnailUrl":"https:\/\/abvdupoissonblanc.ca\/wp-content\/uploads\/2020\/05\/paysagiste-services-360x240-1-300x200.jpg","datePublished":"2015-07-15T05:38:38+00:00","dateModified":"2022-07-08T04:20:32+00:00","breadcrumb":{"@id":"https:\/\/abvdupoissonblanc.ca\/fr\/ressources-rabais-commerciaux\/#breadcrumb"},"inLanguage":"fr-FR","potentialAction":[{"@type":"ReadAction","target":["https:\/\/abvdupoissonblanc.ca\/fr\/ressources-rabais-commerciaux\/"]}]},{"@type":"ImageObject","inLanguage":"fr-FR","@id":"https:\/\/abvdupoissonblanc.ca\/fr\/ressources-rabais-commerciaux\/#primaryimage","url":"https:\/\/abvdupoissonblanc.ca\/wp-content\/uploads\/2020\/05\/paysagiste-services-360x240-1-300x200.jpg","contentUrl":"https:\/\/abvdupoissonblanc.ca\/wp-content\/uploads\/2020\/05\/paysagiste-services-360x240-1-300x200.jpg"},{"@type":"BreadcrumbList","@id":"https:\/\/abvdupoissonblanc.ca\/fr\/ressources-rabais-commerciaux\/#breadcrumb","itemListElement":[{"@type":"ListItem","position":1,"name":"Home","item":"https:\/\/abvdupoissonblanc.ca\/fr\/"},{"@type":"ListItem","position":2,"name":"Entreprises"}]},{"@type":"WebSite","@id":"https:\/\/abvdupoissonblanc.ca\/fr\/#website","url":"https:\/\/abvdupoissonblanc.ca\/fr\/","name":"Association lac Poisson-Blanc","description":"","publisher":{"@id":"https:\/\/abvdupoissonblanc.ca\/fr\/#organization"},"potentialAction":[{"@type":"SearchAction","target":{"@type":"EntryPoint","urlTemplate":"https:\/\/abvdupoissonblanc.ca\/fr\/?s={search_term_string}"},"query-input":{"@type":"PropertyValueSpecification","valueRequired":true,"valueName":"search_term_string"}}],"inLanguage":"fr-FR"},{"@type":"Organization","@id":"https:\/\/abvdupoissonblanc.ca\/fr\/#organization","name":"Association lac Poisson-Blanc","url":"https:\/\/abvdupoissonblanc.ca\/fr\/","logo":{"@type":"ImageObject","inLanguage":"fr-FR","@id":"https:\/\/abvdupoissonblanc.ca\/fr\/#\/schema\/logo\/image\/","url":"https:\/\/abvdupoissonblanc.ca\/wp-content\/uploads\/2020\/06\/lacpoissonblanc-1.png","contentUrl":"https:\/\/abvdupoissonblanc.ca\/wp-content\/uploads\/2020\/06\/lacpoissonblanc-1.png","width":314,"height":169,"caption":"Association lac Poisson-Blanc"},"image":{"@id":"https:\/\/abvdupoissonblanc.ca\/fr\/#\/schema\/logo\/image\/"},"sameAs":["https:\/\/www.facebook.com\/groups\/LacPoissonBlanc\/"]}]}},"_links":{"self":[{"href":"https:\/\/abvdupoissonblanc.ca\/fr\/wp-json\/wp\/v2\/pages\/1201","targetHints":{"allow":["GET"]}}],"collection":[{"href":"https:\/\/abvdupoissonblanc.ca\/fr\/wp-json\/wp\/v2\/pages"}],"about":[{"href":"https:\/\/abvdupoissonblanc.ca\/fr\/wp-json\/wp\/v2\/types\/page"}],"author":[{"embeddable":true,"href":"https:\/\/abvdupoissonblanc.ca\/fr\/wp-json\/wp\/v2\/users\/1"}],"replies":[{"embeddable":true,"href":"https:\/\/abvdupoissonblanc.ca\/fr\/wp-json\/wp\/v2\/comments?post=1201"}],"version-history":[{"count":46,"href":"https:\/\/abvdupoissonblanc.ca\/fr\/wp-json\/wp\/v2\/pages\/1201\/revisions"}],"predecessor-version":[{"id":11365,"href":"https:\/\/abvdupoissonblanc.ca\/fr\/wp-json\/wp\/v2\/pages\/1201\/revisions\/11365"}],"wp:attachment":[{"href":"https:\/\/abvdupoissonblanc.ca\/fr\/wp-json\/wp\/v2\/media?parent=1201"}],"curies":[{"name":"wp","href":"https:\/\/api.w.org\/{rel}","templated":true}]}}