{"id":11535,"date":"2022-09-16T09:21:56","date_gmt":"2022-09-16T13:21:56","guid":{"rendered":"https:\/\/lacpoissonblanc.ca\/test-paypal\/"},"modified":"2026-04-07T10:41:59","modified_gmt":"2026-04-07T14:41:59","slug":"membre-dassociation-2","status":"publish","type":"page","link":"https:\/\/abvdupoissonblanc.ca\/fr\/produit\/membre-dassociation\/","title":{"rendered":"Membre d\u2019association"},"content":{"rendered":"<div class=\"sub-button\">\n<div class=\"sun-content\">\n<p>&nbsp;<\/p>\n<h3>Adh\u00e9sion Individuelle<\/h3>\n<ul>\n<li>Si vous \u00eates la seule personne de votre foyer et souhaitez adh\u00e9rer \u00e0 l&#8217;Association, veuillez choisir l&#8217;Adh\u00e9sion individuelle. (27,50$)<\/li>\n<li>Une fois votre paiement effectu\u00e9, veuillez nous faire parvenir votre adresse courriel \u00e0 <a href=\"mailto:info@abvdupoissonblanc.ca\">info@abvdupoissonblanc.ca<\/a> afin que nous puissions mettre \u00e0 jour notre liste de diffusion.<\/li>\n<li>Vous pouvez s\u00e9lectionner le bouton PayPal Subscribe ci dessous pour le renouvellement automatique de votre adh\u00e9sion.<\/li>\n<li>Si vous souhaitez payer par courriel, veuillez envoyer un e-virement \u00e0 info@abvdupoissonblanc.ca<\/li>\n<li>Veuillez faire la r\u00e9ponse \u00e0 la question de s\u00e9curit\u00e9 : poisson blanc (<em>sans majuscules ni espaces<\/em>)<\/li>\n<li>Merci de soutenir le travail important de l&#8217;ABVPB !<\/li>\n<\/ul>\n<p>&nbsp;<\/p>\n<p>&nbsp;<\/p>\n<div id=\"paypal-button-container-P-0SW88155YH6359228MMYSS3Q\"><\/div>\n<p><script src=\"https:\/\/www.paypal.com\/sdk\/js?client-id=AQhcBBK7NuabheOyYwwfNqx54VogM9Eon16v0lTotMbSKtsLuJw6mhy8Qnecj3-dL94sDnlbcvaKjEfC&#038;vault=true&#038;intent=subscription\" data-sdk-integration-source=\"button-factory\"><\/script><br \/>\n<script>\n  paypal.Buttons({\n      style: {\n          shape: 'rect',\n          color: 'gold',\n          layout: 'vertical',\n          label: 'subscribe'\n      },\n      createSubscription: function(data, actions) {\n        return actions.subscription.create({\n          \/* Creates the subscription *\/\n          plan_id: 'P-0SW88155YH6359228MMYSS3Q'\n        });\n      },\n      onApprove: function(data, actions) {\n        alert(data.subscriptionID); \/\/ You can add optional success message for the subscriber here\n      }\n  }).render('#paypal-button-container-P-0SW88155YH6359228MMYSS3Q'); \/\/ Renders the PayPal button\n<\/script><\/p>\n<\/div>\n<div class=\"sun-content\">\n<p>&nbsp;<\/p>\n<h3>Adh\u00e9sion Familiale<\/h3>\n<ul>\n<li>Si vous \u00eates un m\u00e9nage de deux personnes ou plus, veuillez choisir l&#8217;Adh\u00e9sion familiale.(45$) Toutes les personnes de votre famille deviendront membres en un seul clic !<\/li>\n<li>Une fois votre paiement effectu\u00e9, veuillez nous faire parvenir toutes les adresses courriel de votre foyer \u00e0\u00a0<a href=\"mailto:info@abvdupoissonblanc.ca\">info@abvdupoissonblanc.ca<\/a> afin que nous puissions mettre \u00e0 jour notre liste de diffusion.<\/li>\n<li>Vous pouvez s\u00e9lectionner le bouton PayPal Subscribe ci dessous pour le renouvellement automatique de toutes les adh\u00e9sions.<\/li>\n<li>Si vous souhaitez payer par courriel, veuillez envoyer un e-virement \u00e0 info@abvdupoissonblanc.ca<\/li>\n<li>Veuillez faire la r\u00e9ponse \u00e0 la question de s\u00e9curit\u00e9 : poisson blanc (<em>sans majuscules ni espaces<\/em>)<\/li>\n<li>Merci de soutenir le travail important de l&#8217;ABVPB !<\/li>\n<\/ul>\n<p>&nbsp;<\/p>\n<p>&nbsp;<\/p>\n<div id=\"paypal-button-container-P-84X30776SM0917152MMYST7A\"><\/div>\n<p><script>\n  paypal.Buttons({\n      style: {\n          shape: 'rect',\n          color: 'gold',\n          layout: 'vertical',\n          label: 'subscribe'\n      },\n      createSubscription: function(data, actions) {\n        return actions.subscription.create({\n          \/* Creates the subscription *\/\n          plan_id: 'P-84X30776SM0917152MMYST7A'\n        });\n      },\n      onApprove: function(data, actions) {\n        alert(data.subscriptionID); \/\/ You can add optional success message for the subscriber here\n      }\n  }).render('#paypal-button-container-P-84X30776SM0917152MMYST7A'); \/\/ Renders the PayPal button\n<\/script><\/p>\n<\/div>\n<\/div>\n","protected":false},"excerpt":{"rendered":"<p>&nbsp; Adh\u00e9sion Individuelle Si vous \u00eates la seule personne de votre foyer et souhaitez adh\u00e9rer \u00e0 l&#8217;Association, veuillez choisir l&#8217;Adh\u00e9sion individuelle. (27,50$) Une fois votre paiement effectu\u00e9, veuillez nous faire parvenir votre adresse courriel \u00e0 info@abvdupoissonblanc.ca afin que nous puissions mettre \u00e0 jour notre liste de diffusion. Vous pouvez s\u00e9lectionner le bouton PayPal Subscribe ci [&hellip;]<\/p>\n","protected":false},"author":1,"featured_media":0,"parent":0,"menu_order":0,"comment_status":"closed","ping_status":"closed","template":"","meta":{"footnotes":""},"class_list":["post-11535","page","type-page","status-publish","hentry"],"yoast_head":"<!-- This site is optimized with the Yoast SEO plugin v27.4 - https:\/\/yoast.com\/product\/yoast-seo-wordpress\/ -->\n<title>Membre d\u2019association - Association lac Poisson-Blanc<\/title>\n<meta name=\"robots\" content=\"index, follow, max-snippet:-1, max-image-preview:large, max-video-preview:-1\" \/>\n<link rel=\"canonical\" href=\"https:\/\/abvdupoissonblanc.ca\/fr\/produit\/membre-dassociation\/\" \/>\n<meta property=\"og:locale\" content=\"fr_FR\" \/>\n<meta property=\"og:type\" content=\"article\" \/>\n<meta property=\"og:title\" content=\"Membre d\u2019association - Association lac Poisson-Blanc\" \/>\n<meta property=\"og:description\" content=\"&nbsp; Adh\u00e9sion Individuelle Si vous \u00eates la seule personne de votre foyer et souhaitez adh\u00e9rer \u00e0 l&#8217;Association, veuillez choisir l&#8217;Adh\u00e9sion individuelle. (27,50$) Une fois votre paiement effectu\u00e9, veuillez nous faire parvenir votre adresse courriel \u00e0 info@abvdupoissonblanc.ca afin que nous puissions mettre \u00e0 jour notre liste de diffusion. Vous pouvez s\u00e9lectionner le bouton PayPal Subscribe ci [&hellip;]\" \/>\n<meta property=\"og:url\" content=\"https:\/\/abvdupoissonblanc.ca\/fr\/produit\/membre-dassociation\/\" \/>\n<meta property=\"og:site_name\" content=\"Association lac Poisson-Blanc\" \/>\n<meta property=\"article:publisher\" content=\"https:\/\/www.facebook.com\/groups\/LacPoissonBlanc\/\" \/>\n<meta property=\"article:modified_time\" content=\"2026-04-07T14:41:59+00:00\" \/>\n<meta name=\"twitter:label1\" content=\"Dur\u00e9e de lecture estim\u00e9e\" \/>\n\t<meta name=\"twitter:data1\" content=\"1 minute\" \/>\n<script type=\"application\/ld+json\" class=\"yoast-schema-graph\">{\"@context\":\"https:\\\/\\\/schema.org\",\"@graph\":[{\"@type\":\"WebPage\",\"@id\":\"https:\\\/\\\/abvdupoissonblanc.ca\\\/fr\\\/produit\\\/membre-dassociation\\\/\",\"url\":\"https:\\\/\\\/abvdupoissonblanc.ca\\\/fr\\\/produit\\\/membre-dassociation\\\/\",\"name\":\"Membre d\u2019association - Association lac Poisson-Blanc\",\"isPartOf\":{\"@id\":\"https:\\\/\\\/abvdupoissonblanc.ca\\\/fr\\\/#website\"},\"datePublished\":\"2022-09-16T13:21:56+00:00\",\"dateModified\":\"2026-04-07T14:41:59+00:00\",\"breadcrumb\":{\"@id\":\"https:\\\/\\\/abvdupoissonblanc.ca\\\/fr\\\/produit\\\/membre-dassociation\\\/#breadcrumb\"},\"inLanguage\":\"fr-FR\",\"potentialAction\":[{\"@type\":\"ReadAction\",\"target\":[\"https:\\\/\\\/abvdupoissonblanc.ca\\\/fr\\\/produit\\\/membre-dassociation\\\/\"]}]},{\"@type\":\"BreadcrumbList\",\"@id\":\"https:\\\/\\\/abvdupoissonblanc.ca\\\/fr\\\/produit\\\/membre-dassociation\\\/#breadcrumb\",\"itemListElement\":[{\"@type\":\"ListItem\",\"position\":1,\"name\":\"Home\",\"item\":\"https:\\\/\\\/abvdupoissonblanc.ca\\\/fr\\\/\"},{\"@type\":\"ListItem\",\"position\":2,\"name\":\"Membre d\u2019association\"}]},{\"@type\":\"WebSite\",\"@id\":\"https:\\\/\\\/abvdupoissonblanc.ca\\\/fr\\\/#website\",\"url\":\"https:\\\/\\\/abvdupoissonblanc.ca\\\/fr\\\/\",\"name\":\"Association lac Poisson-Blanc\",\"description\":\"\",\"publisher\":{\"@id\":\"https:\\\/\\\/abvdupoissonblanc.ca\\\/fr\\\/#organization\"},\"potentialAction\":[{\"@type\":\"SearchAction\",\"target\":{\"@type\":\"EntryPoint\",\"urlTemplate\":\"https:\\\/\\\/abvdupoissonblanc.ca\\\/fr\\\/?s={search_term_string}\"},\"query-input\":{\"@type\":\"PropertyValueSpecification\",\"valueRequired\":true,\"valueName\":\"search_term_string\"}}],\"inLanguage\":\"fr-FR\"},{\"@type\":\"Organization\",\"@id\":\"https:\\\/\\\/abvdupoissonblanc.ca\\\/fr\\\/#organization\",\"name\":\"Association lac Poisson-Blanc\",\"url\":\"https:\\\/\\\/abvdupoissonblanc.ca\\\/fr\\\/\",\"logo\":{\"@type\":\"ImageObject\",\"inLanguage\":\"fr-FR\",\"@id\":\"https:\\\/\\\/abvdupoissonblanc.ca\\\/fr\\\/#\\\/schema\\\/logo\\\/image\\\/\",\"url\":\"https:\\\/\\\/abvdupoissonblanc.ca\\\/wp-content\\\/uploads\\\/2020\\\/06\\\/lacpoissonblanc-1.png\",\"contentUrl\":\"https:\\\/\\\/abvdupoissonblanc.ca\\\/wp-content\\\/uploads\\\/2020\\\/06\\\/lacpoissonblanc-1.png\",\"width\":314,\"height\":169,\"caption\":\"Association lac Poisson-Blanc\"},\"image\":{\"@id\":\"https:\\\/\\\/abvdupoissonblanc.ca\\\/fr\\\/#\\\/schema\\\/logo\\\/image\\\/\"},\"sameAs\":[\"https:\\\/\\\/www.facebook.com\\\/groups\\\/LacPoissonBlanc\\\/\"]}]}<\/script>\n<!-- \/ Yoast SEO plugin. -->","yoast_head_json":{"title":"Membre d\u2019association - Association lac Poisson-Blanc","robots":{"index":"index","follow":"follow","max-snippet":"max-snippet:-1","max-image-preview":"max-image-preview:large","max-video-preview":"max-video-preview:-1"},"canonical":"https:\/\/abvdupoissonblanc.ca\/fr\/produit\/membre-dassociation\/","og_locale":"fr_FR","og_type":"article","og_title":"Membre d\u2019association - Association lac Poisson-Blanc","og_description":"&nbsp; Adh\u00e9sion Individuelle Si vous \u00eates la seule personne de votre foyer et souhaitez adh\u00e9rer \u00e0 l&#8217;Association, veuillez choisir l&#8217;Adh\u00e9sion individuelle. (27,50$) Une fois votre paiement effectu\u00e9, veuillez nous faire parvenir votre adresse courriel \u00e0 info@abvdupoissonblanc.ca afin que nous puissions mettre \u00e0 jour notre liste de diffusion. Vous pouvez s\u00e9lectionner le bouton PayPal Subscribe ci [&hellip;]","og_url":"https:\/\/abvdupoissonblanc.ca\/fr\/produit\/membre-dassociation\/","og_site_name":"Association lac Poisson-Blanc","article_publisher":"https:\/\/www.facebook.com\/groups\/LacPoissonBlanc\/","article_modified_time":"2026-04-07T14:41:59+00:00","twitter_misc":{"Dur\u00e9e de lecture estim\u00e9e":"1 minute"},"schema":{"@context":"https:\/\/schema.org","@graph":[{"@type":"WebPage","@id":"https:\/\/abvdupoissonblanc.ca\/fr\/produit\/membre-dassociation\/","url":"https:\/\/abvdupoissonblanc.ca\/fr\/produit\/membre-dassociation\/","name":"Membre d\u2019association - Association lac Poisson-Blanc","isPartOf":{"@id":"https:\/\/abvdupoissonblanc.ca\/fr\/#website"},"datePublished":"2022-09-16T13:21:56+00:00","dateModified":"2026-04-07T14:41:59+00:00","breadcrumb":{"@id":"https:\/\/abvdupoissonblanc.ca\/fr\/produit\/membre-dassociation\/#breadcrumb"},"inLanguage":"fr-FR","potentialAction":[{"@type":"ReadAction","target":["https:\/\/abvdupoissonblanc.ca\/fr\/produit\/membre-dassociation\/"]}]},{"@type":"BreadcrumbList","@id":"https:\/\/abvdupoissonblanc.ca\/fr\/produit\/membre-dassociation\/#breadcrumb","itemListElement":[{"@type":"ListItem","position":1,"name":"Home","item":"https:\/\/abvdupoissonblanc.ca\/fr\/"},{"@type":"ListItem","position":2,"name":"Membre d\u2019association"}]},{"@type":"WebSite","@id":"https:\/\/abvdupoissonblanc.ca\/fr\/#website","url":"https:\/\/abvdupoissonblanc.ca\/fr\/","name":"Association lac Poisson-Blanc","description":"","publisher":{"@id":"https:\/\/abvdupoissonblanc.ca\/fr\/#organization"},"potentialAction":[{"@type":"SearchAction","target":{"@type":"EntryPoint","urlTemplate":"https:\/\/abvdupoissonblanc.ca\/fr\/?s={search_term_string}"},"query-input":{"@type":"PropertyValueSpecification","valueRequired":true,"valueName":"search_term_string"}}],"inLanguage":"fr-FR"},{"@type":"Organization","@id":"https:\/\/abvdupoissonblanc.ca\/fr\/#organization","name":"Association lac Poisson-Blanc","url":"https:\/\/abvdupoissonblanc.ca\/fr\/","logo":{"@type":"ImageObject","inLanguage":"fr-FR","@id":"https:\/\/abvdupoissonblanc.ca\/fr\/#\/schema\/logo\/image\/","url":"https:\/\/abvdupoissonblanc.ca\/wp-content\/uploads\/2020\/06\/lacpoissonblanc-1.png","contentUrl":"https:\/\/abvdupoissonblanc.ca\/wp-content\/uploads\/2020\/06\/lacpoissonblanc-1.png","width":314,"height":169,"caption":"Association lac Poisson-Blanc"},"image":{"@id":"https:\/\/abvdupoissonblanc.ca\/fr\/#\/schema\/logo\/image\/"},"sameAs":["https:\/\/www.facebook.com\/groups\/LacPoissonBlanc\/"]}]}},"_links":{"self":[{"href":"https:\/\/abvdupoissonblanc.ca\/fr\/wp-json\/wp\/v2\/pages\/11535","targetHints":{"allow":["GET"]}}],"collection":[{"href":"https:\/\/abvdupoissonblanc.ca\/fr\/wp-json\/wp\/v2\/pages"}],"about":[{"href":"https:\/\/abvdupoissonblanc.ca\/fr\/wp-json\/wp\/v2\/types\/page"}],"author":[{"embeddable":true,"href":"https:\/\/abvdupoissonblanc.ca\/fr\/wp-json\/wp\/v2\/users\/1"}],"replies":[{"embeddable":true,"href":"https:\/\/abvdupoissonblanc.ca\/fr\/wp-json\/wp\/v2\/comments?post=11535"}],"version-history":[{"count":13,"href":"https:\/\/abvdupoissonblanc.ca\/fr\/wp-json\/wp\/v2\/pages\/11535\/revisions"}],"predecessor-version":[{"id":12900,"href":"https:\/\/abvdupoissonblanc.ca\/fr\/wp-json\/wp\/v2\/pages\/11535\/revisions\/12900"}],"wp:attachment":[{"href":"https:\/\/abvdupoissonblanc.ca\/fr\/wp-json\/wp\/v2\/media?parent=11535"}],"curies":[{"name":"wp","href":"https:\/\/api.w.org\/{rel}","templated":true}]}}